{"id":18,"date":"2019-03-11T12:23:01","date_gmt":"2019-03-11T11:23:01","guid":{"rendered":"https:\/\/www.asssa.es\/?page_id=18"},"modified":"2025-12-24T12:27:27","modified_gmt":"2025-12-24T11:27:27","slug":"treballa-amb-nosaltres","status":"publish","type":"page","link":"https:\/\/www.asssa.es\/ca\/sobre-asssa\/treballa-amb-nosaltres\/","title":{"rendered":"TREBALLA AMB NOSALTRES"},"content":{"rendered":"<h2>Equip ASSSA<\/h2>\n<p>Per seguir amb la nostra traject\u00f2ria empresarial i estrat\u00e8gia de creixement, ampliem constantment el nostre equip de professionals.<\/p>\n<p>&nbsp;<\/p>\n<p>La diversitat del nostre capital hum\u00e0 ens permet oferir un servei proper i ens enriqueix com a corporaci\u00f3.<\/p>\n<p>&nbsp;<\/p>\n<p>Com a base del nostre creixement apostem pel valor de les persones, formant una corporaci\u00f3 s\u00f2lida i humana.<\/p>\n<p>&nbsp;<\/p>\n<p>Treballem en equip i amb passi\u00f3 per arribar m\u00e9s lluny.<\/p>\n","protected":false},"excerpt":{"rendered":"<p>Equip ASSSA Per seguir amb la nostra traject\u00f2ria empresarial i estrat\u00e8gia de creixement, ampliem constantment el nostre equip de professionals. &nbsp; La diversitat del nostre capital hum\u00e0 ens permet oferir un servei proper i ens enriqueix com a corporaci\u00f3. &nbsp; Com a base del nostre creixement apostem pel valor de les persones, formant una corporaci\u00f3 [&hellip;]<\/p>\n","protected":false},"author":20,"featured_media":13827,"parent":14,"menu_order":3,"comment_status":"closed","ping_status":"closed","template":"tpl-trabajo.php","meta":{"_acf_changed":false,"footnotes":""},"class_list":["post-18","page","type-page","status-publish","has-post-thumbnail","hentry"],"acf":[],"yoast_head":"<!-- This site is optimized with the Yoast SEO plugin v27.5 - https:\/\/yoast.com\/product\/yoast-seo-wordpress\/ -->\n<title>TREBALLA AMB NOSALTRES - ASSSA Catal\u00e1n<\/title>\n<meta name=\"robots\" content=\"index, follow, max-snippet:-1, max-image-preview:large, max-video-preview:-1\" \/>\n<link rel=\"canonical\" href=\"https:\/\/www.asssa.es\/ca\/sobre-asssa\/treballa-amb-nosaltres\/\" \/>\n<meta property=\"og:locale\" content=\"ca_ES\" \/>\n<meta property=\"og:type\" content=\"article\" \/>\n<meta property=\"og:title\" content=\"TREBALLA AMB NOSALTRES - ASSSA Catal\u00e1n\" \/>\n<meta property=\"og:description\" content=\"Equip ASSSA Per seguir amb la nostra traject\u00f2ria empresarial i estrat\u00e8gia de creixement, ampliem constantment el nostre equip de professionals. &nbsp; La diversitat del nostre capital hum\u00e0 ens permet oferir un servei proper i ens enriqueix com a corporaci\u00f3. &nbsp; Com a base del nostre creixement apostem pel valor de les persones, formant una corporaci\u00f3 [&hellip;]\" \/>\n<meta property=\"og:url\" content=\"https:\/\/www.asssa.es\/ca\/sobre-asssa\/treballa-amb-nosaltres\/\" \/>\n<meta property=\"og:site_name\" content=\"ASSSA Catal\u00e1n\" \/>\n<meta property=\"article:modified_time\" content=\"2025-12-24T11:27:27+00:00\" \/>\n<meta property=\"og:image\" content=\"https:\/\/www.asssa.es\/wp-content\/uploads\/2025\/12\/Mosaico-ASSSA-2026-5.png\" \/>\n\t<meta property=\"og:image:width\" content=\"1900\" \/>\n\t<meta property=\"og:image:height\" content=\"1267\" \/>\n\t<meta property=\"og:image:type\" content=\"image\/png\" \/>\n<meta name=\"twitter:card\" content=\"summary_large_image\" \/>\n<meta name=\"twitter:label1\" content=\"Temps estimat de lectura\" \/>\n\t<meta name=\"twitter:data1\" content=\"1 minut\" \/>\n<script type=\"application\/ld+json\" class=\"yoast-schema-graph\">{\"@context\":\"https:\\\/\\\/schema.org\",\"@graph\":[{\"@type\":\"WebPage\",\"@id\":\"https:\\\/\\\/www.asssa.es\\\/ca\\\/sobre-asssa\\\/treballa-amb-nosaltres\\\/\",\"url\":\"https:\\\/\\\/www.asssa.es\\\/ca\\\/sobre-asssa\\\/treballa-amb-nosaltres\\\/\",\"name\":\"TREBALLA AMB NOSALTRES - ASSSA Catal\u00e1n\",\"isPartOf\":{\"@id\":\"https:\\\/\\\/www.asssa.es\\\/ca\\\/#website\"},\"primaryImageOfPage\":{\"@id\":\"https:\\\/\\\/www.asssa.es\\\/ca\\\/sobre-asssa\\\/treballa-amb-nosaltres\\\/#primaryimage\"},\"image\":{\"@id\":\"https:\\\/\\\/www.asssa.es\\\/ca\\\/sobre-asssa\\\/treballa-amb-nosaltres\\\/#primaryimage\"},\"thumbnailUrl\":\"https:\\\/\\\/www.asssa.es\\\/wp-content\\\/uploads\\\/2025\\\/12\\\/Mosaico-ASSSA-2026-5.png\",\"datePublished\":\"2019-03-11T11:23:01+00:00\",\"dateModified\":\"2025-12-24T11:27:27+00:00\",\"breadcrumb\":{\"@id\":\"https:\\\/\\\/www.asssa.es\\\/ca\\\/sobre-asssa\\\/treballa-amb-nosaltres\\\/#breadcrumb\"},\"inLanguage\":\"ca\",\"potentialAction\":[{\"@type\":\"ReadAction\",\"target\":[\"https:\\\/\\\/www.asssa.es\\\/ca\\\/sobre-asssa\\\/treballa-amb-nosaltres\\\/\"]}]},{\"@type\":\"ImageObject\",\"inLanguage\":\"ca\",\"@id\":\"https:\\\/\\\/www.asssa.es\\\/ca\\\/sobre-asssa\\\/treballa-amb-nosaltres\\\/#primaryimage\",\"url\":\"https:\\\/\\\/www.asssa.es\\\/wp-content\\\/uploads\\\/2025\\\/12\\\/Mosaico-ASSSA-2026-5.png\",\"contentUrl\":\"https:\\\/\\\/www.asssa.es\\\/wp-content\\\/uploads\\\/2025\\\/12\\\/Mosaico-ASSSA-2026-5.png\",\"width\":1900,\"height\":1267},{\"@type\":\"BreadcrumbList\",\"@id\":\"https:\\\/\\\/www.asssa.es\\\/ca\\\/sobre-asssa\\\/treballa-amb-nosaltres\\\/#breadcrumb\",\"itemListElement\":[{\"@type\":\"ListItem\",\"position\":1,\"name\":\"Portada\",\"item\":\"https:\\\/\\\/www.asssa.es\\\/ca\\\/\"},{\"@type\":\"ListItem\",\"position\":2,\"name\":\"Sobre ASSSA\",\"item\":\"https:\\\/\\\/www.asssa.es\\\/ca\\\/sobre-asssa\\\/\"},{\"@type\":\"ListItem\",\"position\":3,\"name\":\"TREBALLA AMB NOSALTRES\"}]},{\"@type\":\"WebSite\",\"@id\":\"https:\\\/\\\/www.asssa.es\\\/ca\\\/#website\",\"url\":\"https:\\\/\\\/www.asssa.es\\\/ca\\\/\",\"name\":\"ASSSA Catal\u00e1n\",\"description\":\"\",\"potentialAction\":[{\"@type\":\"SearchAction\",\"target\":{\"@type\":\"EntryPoint\",\"urlTemplate\":\"https:\\\/\\\/www.asssa.es\\\/ca\\\/?s={search_term_string}\"},\"query-input\":{\"@type\":\"PropertyValueSpecification\",\"valueRequired\":true,\"valueName\":\"search_term_string\"}}],\"inLanguage\":\"ca\"}]}<\/script>\n<!-- \/ Yoast SEO plugin. -->","yoast_head_json":{"title":"TREBALLA AMB NOSALTRES - ASSSA Catal\u00e1n","robots":{"index":"index","follow":"follow","max-snippet":"max-snippet:-1","max-image-preview":"max-image-preview:large","max-video-preview":"max-video-preview:-1"},"canonical":"https:\/\/www.asssa.es\/ca\/sobre-asssa\/treballa-amb-nosaltres\/","og_locale":"ca_ES","og_type":"article","og_title":"TREBALLA AMB NOSALTRES - ASSSA Catal\u00e1n","og_description":"Equip ASSSA Per seguir amb la nostra traject\u00f2ria empresarial i estrat\u00e8gia de creixement, ampliem constantment el nostre equip de professionals. &nbsp; La diversitat del nostre capital hum\u00e0 ens permet oferir un servei proper i ens enriqueix com a corporaci\u00f3. &nbsp; Com a base del nostre creixement apostem pel valor de les persones, formant una corporaci\u00f3 [&hellip;]","og_url":"https:\/\/www.asssa.es\/ca\/sobre-asssa\/treballa-amb-nosaltres\/","og_site_name":"ASSSA Catal\u00e1n","article_modified_time":"2025-12-24T11:27:27+00:00","og_image":[{"width":1900,"height":1267,"url":"https:\/\/www.asssa.es\/wp-content\/uploads\/2025\/12\/Mosaico-ASSSA-2026-5.png","type":"image\/png"}],"twitter_card":"summary_large_image","twitter_misc":{"Temps estimat de lectura":"1 minut"},"schema":{"@context":"https:\/\/schema.org","@graph":[{"@type":"WebPage","@id":"https:\/\/www.asssa.es\/ca\/sobre-asssa\/treballa-amb-nosaltres\/","url":"https:\/\/www.asssa.es\/ca\/sobre-asssa\/treballa-amb-nosaltres\/","name":"TREBALLA AMB NOSALTRES - ASSSA Catal\u00e1n","isPartOf":{"@id":"https:\/\/www.asssa.es\/ca\/#website"},"primaryImageOfPage":{"@id":"https:\/\/www.asssa.es\/ca\/sobre-asssa\/treballa-amb-nosaltres\/#primaryimage"},"image":{"@id":"https:\/\/www.asssa.es\/ca\/sobre-asssa\/treballa-amb-nosaltres\/#primaryimage"},"thumbnailUrl":"https:\/\/www.asssa.es\/wp-content\/uploads\/2025\/12\/Mosaico-ASSSA-2026-5.png","datePublished":"2019-03-11T11:23:01+00:00","dateModified":"2025-12-24T11:27:27+00:00","breadcrumb":{"@id":"https:\/\/www.asssa.es\/ca\/sobre-asssa\/treballa-amb-nosaltres\/#breadcrumb"},"inLanguage":"ca","potentialAction":[{"@type":"ReadAction","target":["https:\/\/www.asssa.es\/ca\/sobre-asssa\/treballa-amb-nosaltres\/"]}]},{"@type":"ImageObject","inLanguage":"ca","@id":"https:\/\/www.asssa.es\/ca\/sobre-asssa\/treballa-amb-nosaltres\/#primaryimage","url":"https:\/\/www.asssa.es\/wp-content\/uploads\/2025\/12\/Mosaico-ASSSA-2026-5.png","contentUrl":"https:\/\/www.asssa.es\/wp-content\/uploads\/2025\/12\/Mosaico-ASSSA-2026-5.png","width":1900,"height":1267},{"@type":"BreadcrumbList","@id":"https:\/\/www.asssa.es\/ca\/sobre-asssa\/treballa-amb-nosaltres\/#breadcrumb","itemListElement":[{"@type":"ListItem","position":1,"name":"Portada","item":"https:\/\/www.asssa.es\/ca\/"},{"@type":"ListItem","position":2,"name":"Sobre ASSSA","item":"https:\/\/www.asssa.es\/ca\/sobre-asssa\/"},{"@type":"ListItem","position":3,"name":"TREBALLA AMB NOSALTRES"}]},{"@type":"WebSite","@id":"https:\/\/www.asssa.es\/ca\/#website","url":"https:\/\/www.asssa.es\/ca\/","name":"ASSSA Catal\u00e1n","description":"","potentialAction":[{"@type":"SearchAction","target":{"@type":"EntryPoint","urlTemplate":"https:\/\/www.asssa.es\/ca\/?s={search_term_string}"},"query-input":{"@type":"PropertyValueSpecification","valueRequired":true,"valueName":"search_term_string"}}],"inLanguage":"ca"}]}},"_links":{"self":[{"href":"https:\/\/www.asssa.es\/ca\/wp-json\/wp\/v2\/pages\/18","targetHints":{"allow":["GET"]}}],"collection":[{"href":"https:\/\/www.asssa.es\/ca\/wp-json\/wp\/v2\/pages"}],"about":[{"href":"https:\/\/www.asssa.es\/ca\/wp-json\/wp\/v2\/types\/page"}],"author":[{"embeddable":true,"href":"https:\/\/www.asssa.es\/ca\/wp-json\/wp\/v2\/users\/20"}],"replies":[{"embeddable":true,"href":"https:\/\/www.asssa.es\/ca\/wp-json\/wp\/v2\/comments?post=18"}],"version-history":[{"count":6,"href":"https:\/\/www.asssa.es\/ca\/wp-json\/wp\/v2\/pages\/18\/revisions"}],"predecessor-version":[{"id":5290,"href":"https:\/\/www.asssa.es\/ca\/wp-json\/wp\/v2\/pages\/18\/revisions\/5290"}],"up":[{"embeddable":true,"href":"https:\/\/www.asssa.es\/ca\/wp-json\/wp\/v2\/pages\/14"}],"wp:featuredmedia":[{"embeddable":true,"href":"https:\/\/www.asssa.es\/ca\/wp-json\/wp\/v2\/media\/13827"}],"wp:attachment":[{"href":"https:\/\/www.asssa.es\/ca\/wp-json\/wp\/v2\/media?parent=18"}],"curies":[{"name":"wp","href":"https:\/\/api.w.org\/{rel}","templated":true}]}}