{"id":244,"date":"2019-03-25T10:54:21","date_gmt":"2019-03-25T09:54:21","guid":{"rendered":"https:\/\/www.asssa.es\/ca\/?page_id=244"},"modified":"2026-04-22T16:51:08","modified_gmt":"2026-04-22T14:51:08","slug":"politica-de-cookies","status":"publish","type":"page","link":"https:\/\/www.asssa.es\/ca\/politica-de-cookies\/","title":{"rendered":"Politica de cookies"},"content":{"rendered":"<p>Aquesta Pol\u00edtica de Cookies \u00e9s part integrant de les Condicions Generals i la Pol\u00edtica de Privacitat. L\u2019acc\u00e9s i la navegaci\u00f3 en el lloc, o l\u2019\u00fas dels serveis del mateix, impliquen l\u2019acceptaci\u00f3 de les Condicions Generals (i per tant de la Pol\u00edtica de Privacitat i Pol\u00edtica de Cookies) Si us plau, llegeix-les atentament.<\/p>\n<p>T\u2019agra\u00efm que hagis decidit visitar-nos. Volem que la teva experi\u00e8ncia en el lloc sigui la millor possible, i per aquest motiu hem escrit aquesta Pol\u00edtica de Cookies de la forma m\u00e9s transparent possible.<\/p>\n<h2>Qu\u00e8 \u00e9s una Cookie?<\/h2>\n<p>Les cookies s\u00f3n arxius que contenen petites quantitats d\u2019informaci\u00f3 que es descarreguen en el dispositiu de l\u2019usuari quan visites un lloc web. La seva finalitat principal \u00e9s recon\u00e8ixer a l\u2019usuari cada vegada que accedeix a la nostra web i ens permet, a m\u00e9s, millorar la qualitat i la usabilitat de la nostra web.<\/p>\n<p>Les cookies s\u00f3n essencials pel funcionament d\u2019Internet; no poden danyar l\u2019equip\/dispositiu de l\u2019usuari i, si es troben activades en la configuraci\u00f3 del teu navegador, ens ajuden a identificar i resoldre possibles errors de funcionament de <u>www.asssa.es.<\/u><\/p>\n<h2>Tipus de Cookies<\/h2>\n<p>Hi ha diferents tipus de cookies. Tots ells treballen de la mateixa manera, per\u00f2 tenen petites difer\u00e8ncies.<\/p>\n<ol>\n<li><u>Cookies de Sessi\u00f3. <\/u>Les cookies de sessi\u00f3 duren solament per la durada de la teva visita i s\u2019esborren quan tanques el navegador. La seva finalitat principal \u00e9s identificarel tipus de dispositiu, recolzar la seguretat lloc web o la seva funcionalitat b\u00e0sica. No contenen informaci\u00f3 personal que ens permeti identificar a una persona.<\/li>\n<li><u>Cookies Persistents o Permanents: <\/u>S\u2019emmagatzemen en el disc dur del dispositiu i la nostra web les llegeix cada vegada que realitzes una nova visita; posseeix una data de caducitat o expiraci\u00f3 determinada, complerta la qual la cookie deixa de funcionar. Ens permeten identificar les teves accions i prefer\u00e8ncies; analitzar les visites i ens ajuden a comprendre com arriben els usuaris a la nostra p\u00e0gina i millorar els nostres serveis.<\/li>\n<li><u>Cookies de Funcionalitat: <\/u>Permeten recordar decisions adoptades per l\u2019usuari, com el seu login o identificador. La informaci\u00f3 que aquestes cookies recullen s\u2019anonimitza (\u00e9s a dir, no cont\u00e9 ni el teu nom, direcci\u00f3 o altres dades).<\/li>\n<li><u>Cookies de Tercers. <\/u>Les cookies de tercers s\u00f3n les cookies que instal\u00b7la un lloc web que no \u00e9s el que est\u00e0s visitant; per exemple, les usades per xarxes socials (com Facebook) o per complements externs de contingut (com Google Maps). A m\u00e9s, algunes empreses de publicitat usen aquest tipus d\u2019arxius per realitzar un seguiment de visites en cada lloc en el que s\u2019anuncien.<\/li>\n<li><u>Cookies Anal\u00edtiques: <\/u>S\u00f3n cookies que tenen per finalitat el manteniment peri\u00f2dic i garantir el millor funcionament i servei a l\u2019usuari; recopilant dades de la teva activitat.<\/li>\n<\/ol>\n<h2>\u00das de Cookies per part d\u2019ASSSA.<\/h2>\n<p>Mitjan\u00e7ant l\u2019acc\u00e9s a <a href=\"http:\/\/www.asssa.es\"><u>www.asssa.es<\/u><\/a>, haur\u00e0s d\u2019acceptar de manera expressa que podem usar aquest tipus de cookies en els teus dispositius. Si desactives les cookies, pot ser que la teva navegaci\u00f3 no sigui \u00f2ptima i algunes de les utilitats de les que disposa no funcionin correctament.<\/p>\n<h3><b><\/b><strong><b>Cookies pr\u00f2pies<\/b><\/strong><\/h3>\n<p>Amb la fi de recon\u00e8ixer-te i prestar-te un millor servei, els nostre lloc utilitza cookies (petits arxius de text que el teu navegador emmagatzema). Les avantatges que comporta l\u2019acceptaci\u00f3 de les nostres cookies es tradueixen en un estalvi de temps. Aix\u00ed mateix poden ser utilitzades tamb\u00e9 per recon\u00e8ixer-te entre visites successives i aix\u00ed adaptar el contingut que se\u2019t mostra, per obtenir informaci\u00f3 sobre la data i l\u2019hora de la teva ultima visita, mesurar alguns par\u00e0metres de tr\u00e0nsit dintre del propi lloc, i estimar el n\u00famero de visites realitzades, de manera que podem enfocar i ajustar els serveis i promocions de forma m\u00e9s efectiva.<\/p>\n<p>Cap cookie permet que es pugui contactar amb el teu n\u00famero de tel\u00e8fon, la teva direcci\u00f3 de correu electr\u00f2nic o amb qualsevol altre mitj\u00e0 de contacte. Cap cookie pot extreure informaci\u00f3 del teu disc dur o robar informaci\u00f3 personal.<\/p>\n<p>&nbsp;<\/p>\n<table width=\"699\" cellspacing=\"0\" cellpadding=\"2\">\n<colgroup>\n<col width=\"163\" \/>\n<col width=\"524\" \/> <\/colgroup>\n<tbody>\n<tr>\n<td colspan=\"2\" width=\"691\">\n<p class=\"western\" style=\"text-align: center;\" align=\"center\"><strong>COOKIES ESTRICTAMENT NECESS\u00c0RIES<\/strong><\/p>\n<\/td>\n<\/tr>\n<tr>\n<td width=\"163\">\n<p class=\"western\" style=\"text-align: center;\" align=\"center\"><strong>Nom<\/strong><\/p>\n<\/td>\n<td width=\"524\">\n<p class=\"western\" style=\"text-align: center;\" align=\"center\">Prop\u00f2sit<\/p>\n<\/td>\n<\/tr>\n<tr>\n<td width=\"163\">\n<p class=\"western\" style=\"text-align: left;\" align=\"center\"><strong style=\"text-transform: uppercase;\">SSESSae30990f757b283dbf66795f4e8266ad<\/strong><\/p>\n<\/td>\n<td valign=\"top\" width=\"524\">\n<p class=\"western\" style=\"text-align: left;\" align=\"center\">Mantenir la sessi\u00f3 de l&#8217;usuari activa mentre navega pel lloc.<\/p>\n<\/td>\n<\/tr>\n<tr>\n<td width=\"163\">\n<p class=\"western\" style=\"text-align: left;\" align=\"center\"><strong style=\"text-transform: uppercase;\">accept-cookies<\/strong><\/p>\n<\/td>\n<td valign=\"top\" width=\"524\">\n<p class=\"western\" style=\"text-align: left;\" align=\"center\">Informar sobre la Pol\u00edtica de Cookies<\/p>\n<\/td>\n<\/tr>\n<tr>\n<td width=\"163\">\n<p class=\"western\" style=\"text-align: left;\" align=\"center\"><strong style=\"text-transform: uppercase;\">club-accept-cookies<\/strong><\/p>\n<\/td>\n<td valign=\"top\" width=\"524\">\n<p class=\"western\" style=\"text-align: left;\" align=\"center\">Informar sobre la Pol\u00edtica de Cookies<\/p>\n<\/td>\n<\/tr>\n<tr>\n<td width=\"163\">\n<p class=\"western\" style=\"text-align: left;\" align=\"center\"><strong style=\"text-transform: uppercase;\">asssa-lang<\/strong><\/p>\n<\/td>\n<td valign=\"top\" width=\"524\">Estableix l&#8217;idioma del lloc.<\/td>\n<\/tr>\n<tr>\n<td width=\"163\">\n<p class=\"western\" style=\"text-align: left;\" align=\"center\"><strong style=\"text-transform: uppercase;\">club-asssa-lang<\/strong><\/p>\n<\/td>\n<td valign=\"top\" width=\"524\">Estableix l&#8217;idioma del lloc.<\/td>\n<\/tr>\n<tr>\n<td width=\"163\">\n<p class=\"western\" style=\"text-align: left;\" align=\"center\"><strong style=\"text-transform: uppercase;\">laravel_session<br \/>\n<\/strong><\/p>\n<\/td>\n<td valign=\"top\" width=\"524\">Permet gestionar l&#8217;acc\u00e9s de l&#8217;usuari registrat al Portal de l&#8217;Assegurat. Pot generar-se una altra cookie amb nom aleatori amb els mateixos prop\u00f2sits.<\/td>\n<\/tr>\n<tr>\n<td width=\"163\">\n<p class=\"western\" style=\"text-align: left;\" align=\"center\"><strong style=\"text-transform: uppercase;\">XSRF-TOKEN<\/strong><\/p>\n<\/td>\n<td valign=\"top\" width=\"524\">Control de seguretat dels enviaments de formularis.<\/td>\n<\/tr>\n<tr>\n<td width=\"163\">\n<p class=\"western\" style=\"text-align: left;\" align=\"center\"><strong style=\"text-transform: uppercase;\">PHPSESSID<\/strong><\/p>\n<\/td>\n<td valign=\"top\" width=\"524\">\n<p class=\"western\" style=\"text-align: left;\" align=\"center\">Mantenir la sessi\u00f3 de l\u2019usuari activa mentre navega pel lloc web.<\/p>\n<\/td>\n<\/tr>\n<\/tbody>\n<\/table>\n<h3><\/h3>\n<h3><strong><b>Cookies de Analytics<\/b><\/strong><\/h3>\n<p>El lloc utilitza el servei Google Analytics, que \u00e9s prestat per Google, Inc., entitat la oficina principal de la qual est\u00e0 en 1600 Amphitheatre Parkway, Mountain View (California), CA 94043, Estats Units (&#8220;Google&#8221;).<\/p>\n<p>Google Analytics utilitza cookies per ajudar-nos a analitzar l\u2019\u00fas que fan els usuaris del lloc. La informaci\u00f3 que genera la cookie sobre el teu \u00fas del lloc (incloent la teva direcci\u00f3 IP) ser\u00e0 directament transmesa i arxivada per Google en els seus servidors a Estats Units. Google usar\u00e0 aquesta informaci\u00f3 per compte nostra\u00a0amb el prop\u00f2sit de seguir la pista del teu \u00fas del lloc, recopilant informes de l\u2019activitat del lloc i prestant altres serveis relacionats amb l\u2019activitat del lloc i l\u2019\u00fas d\u2019Internet. Google podr\u00e0 transmetre aquesta informaci\u00f3 a tercers quan aix\u00ed li requereixi la legislaci\u00f3, o quan aquests tercers processen la informaci\u00f3 per compte de Google. Google no associar\u00e0 la teva direcci\u00f3 IP amb cap altra dada de la que disposi Google.<\/p>\n<p>Si ho desitges pots rebutjar el tractament de les dades o la informaci\u00f3 rebutjant l\u2019\u00fas de cookies mitjan\u00e7ant la selecci\u00f3 de la configuraci\u00f3 apropiada del teu navegador. No obstant, si ho fas, pot ser que no puguis usar la plena funcionabilitat d\u2019aquest lloc. En utilitzar aquest lloc consenteixes el tractament de la teva informaci\u00f3 per Google en la forma i pels fins a dalt indicats.<\/p>\n<p>De la mateixa manera, s\u2019incorporen serveis prestats per Facebook amb les mateixes finalitats i mecanismes, prestats per Meta Platforms, Inc., amb adre\u00e7a: 1601 Willow Road, Menlo Park, CA 94025, Estats Units.<\/p>\n<p>&nbsp;<\/p>\n<table width=\"699\" cellspacing=\"0\" cellpadding=\"2\">\n<colgroup>\n<col width=\"163\" \/>\n<col width=\"524\" \/> <\/colgroup>\n<tbody>\n<tr>\n<td colspan=\"2\" width=\"691\">\n<p class=\"western\" align=\"center\"><strong>COOKIES ANAL\u00cdTIQUES<\/strong><\/p>\n<\/td>\n<\/tr>\n<\/tbody>\n<tbody>\n<tr>\n<td width=\"163\">\n<p class=\"western\" align=\"center\"><strong>Nom<\/strong><\/p>\n<\/td>\n<td width=\"524\">\n<p class=\"western\" align=\"center\">Prop\u00f2sit<\/p>\n<\/td>\n<\/tr>\n<\/tbody>\n<tbody>\n<tr>\n<td width=\"163\">\n<p class=\"western\"><strong style=\"text-transform: uppercase;\">_GRECAPTCHA<br \/>\n<\/strong><\/p>\n<\/td>\n<td valign=\"top\" width=\"524\">Google reCAPTCHA. S&#8217;estableix aquesta cookie necess\u00e0ria quan s&#8217;executa amb la finalitat de proporcionar la seva an\u00e0lisi de risc.<\/td>\n<\/tr>\n<tr>\n<td width=\"163\">\n<p class=\"western\"><strong style=\"text-transform: uppercase;\">_GA<\/strong><\/p>\n<\/td>\n<td valign=\"top\" width=\"524\">\n<p class=\"western\">Google Analitycs. S\u2019usa per distingir als usuaris.<\/p>\n<\/td>\n<\/tr>\n<tr>\n<td width=\"163\">\n<p class=\"western\"><strong style=\"text-transform: uppercase;\">_ga_21L0HZPDJB<\/strong><\/p>\n<\/td>\n<td valign=\"top\" width=\"524\">\n<p class=\"western\">Google Analitycs. S\u2019usa per distingir als usuaris.<\/p>\n<\/td>\n<\/tr>\n<tr>\n<td width=\"163\">\n<p class=\"western\"><strong style=\"text-transform: uppercase;\">IDE<\/strong><\/p>\n<\/td>\n<td valign=\"top\" width=\"524\">Google Adsense: L&#8217;\u00fas de la cookie de DoubleClick permet a Google i als seus socis publicar anuncis basats en les visites que els usuaris realitzen en els seus llocs o en altres llocs d&#8217;Internet.<\/td>\n<\/tr>\n<tr>\n<td width=\"163\">\n<p class=\"western\"><strong style=\"text-transform: uppercase;\">_gcl_au<\/strong><\/p>\n<\/td>\n<td valign=\"top\" width=\"524\">Google AdSense. Utilitzat per a experimentar amb l&#8217;efici\u00e8ncia publicit\u00e0ria en els llocs web que utilitzen els seus serveis. \u00c9s la cookie d&#8217;origen per a la funcionalitat de &#8220;Conversion Linker\u201d: pren informaci\u00f3 en clics d&#8217;anuncis i l&#8217;emmagatzema en una cookie d&#8217;origen perqu\u00e8 les conversions puguin atribuir-se fora La p\u00e0gina d&#8217;aterratge.<\/td>\n<\/tr>\n<tr>\n<td width=\"163\">\n<p class=\"western\"><strong style=\"text-transform: uppercase;\">_fbp<\/strong><\/p>\n<\/td>\n<td valign=\"top\" width=\"524\">Facebook. Utilitzat per Facebook per a oferir una s\u00e8rie de productes publicitaris, com a ofertes en temps real de tercers anunciants.<\/td>\n<\/tr>\n<\/tbody>\n<\/table>\n<h2><\/h2>\n<h4>c)<b> Galetes de tercers<\/b><\/h4>\n<p>Les galetes de tercers s\u00f3n galetes que s\u2019instal\u00b7len al vostre dispositiu per un lloc web diferent del que esteu visitant actualment.<\/p>\n<p>A la nostra pol\u00edtica de galetes, ens comprometem a informar-vos sobre les galetes de tercers que utilitzem al nostre lloc web i a proporcionar-vos opcions per controlar-ne l\u2019\u00fas. Considerem important protegir la vostra privacitat en l\u00ednia i ens esforcem per ser transparents sobre com utilitzem les galetes al nostre lloc web.<\/p>\n<table width=\"699\" cellspacing=\"0\" cellpadding=\"2\">\n<colgroup>\n<col width=\"163\" \/>\n<col width=\"524\" \/> <\/colgroup>\n<tbody>\n<tr>\n<td colspan=\"2\" width=\"691\">\n<p align=\"center\"><strong>GALETES DE TERCERS<\/strong><\/p>\n<\/td>\n<\/tr>\n<tr>\n<td width=\"163\">\n<p align=\"center\"><strong>Nom<\/strong><\/p>\n<\/td>\n<td width=\"524\">\n<p align=\"center\">Finalitat<\/p>\n<\/td>\n<\/tr>\n<tr>\n<td width=\"163\"><strong style=\"text-transform: uppercase;\">connect.sid<\/strong><\/td>\n<td valign=\"top\" width=\"524\">Utilitzada per PRODAT per a la certificaci\u00f3.<\/td>\n<\/tr>\n<\/tbody>\n<\/table>\n<h2>Configuraci\u00f3 de l\u2019usuari per evitar Cookies.<\/h2>\n<p>Des d\u2019ASSSA \u2013 AGRUPACI\u00d3N SANITARIA SEGUROS S.A., i en compliment de la normativa legal vigent, posem a la teva disposici\u00f3 la informaci\u00f3 que et permeti configurar el teu navegador\/navegadors d\u2019Internet per mantenir la teva privacitat i seguretat en relaci\u00f3 a les cookies. Per aix\u00f2, et facilitem la informaci\u00f3 i enlla\u00e7os als llocs de suport oficials del principals navegadors perqu\u00e8 puguis decidir si desitges o no acceptar l\u2019\u00fas de cookies.<\/p>\n<p>Aix\u00ed, pots bloquejar les cookies a trav\u00e9s de les eines de configuraci\u00f3 del navegador o b\u00e9 pots configurar el teu navegador perqu\u00e8 t\u2019avisi quan un servidor vulgui guardar una cookie:<\/p>\n<ul>\n<li>Si utilitzes Chrome, en la secci\u00f3 d\u2019 Opcions&gt; Opciones avanzadas &gt; Privacidad. Per saber m\u00e9s visita <a href=\"https:\/\/support.google.com\/chrome\/answer\/95647?hl=ca\">support.google.com<\/a>.<\/li>\n<li>Si utilitzes Firefox, en l\u2019opci\u00f3de men\u00fa Herramientas &gt; Opciones &gt; Privacidad &gt; Cookies. Per saber m\u00e9s visita <a href=\"https:\/\/support.mozilla.org\/es\/products\/firefox\/privacy-and-security\">support.mozilla.org<\/a>.<\/li>\n<li>Si utilitzes Microsoft Edge, en l\u2019opci\u00f3 de men\u00fa Configuraci\u00f3 &gt; Privadesa, cerca i serveis. Per saber m\u00e9s visita <a href=\"https:\/\/support.microsoft.com\/es-es\/microsoft-edge\/eliminar-las-cookies-en-microsoft-edge-63947406-40ac-c3b8-57b9-2a946a29ae09\">support.microsoft.com<\/a>.<\/li>\n<li>Si utilitzes Microsoft Internet Explorer, en l\u2019opci\u00f3 de men\u00fa Herramientas &gt; Opciones de Internet &gt; Privacidad &gt; Configuraci\u00f3n. Per saber m\u00e9s visita <a href=\"https:\/\/support.microsoft.com\/es-es\/windows\/eliminar-y-administrar-cookies-168dab11-0753-043d-7c16-ede5947fc64d\">Eliminar y administrar cookies<\/a> y\u00a0<a href=\"https:\/\/support.microsoft.com\/es-es\/topic\/c%C3%B3mo-eliminar-archivos-de-cookies-en-internet-explorer-bca9446f-d873-78de-77ba-d42645fa52fc\">C\u00f3mo eliminar archivos de cookies en Internet Explorer<\/a>.<\/li>\n<li>Si utilitzes Safari, a l&#8217;app Safari del Mac, seleccioneu Safari &gt; Prefer\u00e8ncies, feu clic a Privadesa. Per saber m\u00e9s visita <a href=\"https:\/\/support.apple.com\/es-es\/guide\/safari\/sfri11471\/mac\">support.apple.com<\/a>.<\/li>\n<\/ul>\n<p>&nbsp;<\/p>\n","protected":false},"excerpt":{"rendered":"<p>Aquesta Pol\u00edtica de Cookies \u00e9s part integrant de les Condicions Generals i la Pol\u00edtica de Privacitat. L\u2019acc\u00e9s i la navegaci\u00f3 en el lloc, o l\u2019\u00fas dels serveis del mateix, impliquen l\u2019acceptaci\u00f3 de les Condicions Generals (i per tant de la Pol\u00edtica de Privacitat i Pol\u00edtica de Cookies) Si us plau, llegeix-les atentament. T\u2019agra\u00efm que hagis [&hellip;]<\/p>\n","protected":false},"author":20,"featured_media":0,"parent":0,"menu_order":0,"comment_status":"closed","ping_status":"closed","template":"tpl-estatica.php","meta":{"_acf_changed":false,"footnotes":""},"class_list":["post-244","page","type-page","status-publish","hentry"],"acf":[],"yoast_head":"<!-- This site is optimized with the Yoast SEO plugin v27.6 - https:\/\/yoast.com\/product\/yoast-seo-wordpress\/ -->\n<title>Politica de cookies - ASSSA Catal\u00e1n<\/title>\n<meta name=\"robots\" content=\"index, follow, max-snippet:-1, max-image-preview:large, max-video-preview:-1\" \/>\n<link rel=\"canonical\" href=\"https:\/\/www.asssa.es\/ca\/politica-de-cookies\/\" \/>\n<meta property=\"og:locale\" content=\"ca_ES\" \/>\n<meta property=\"og:type\" content=\"article\" \/>\n<meta property=\"og:title\" content=\"Politica de cookies - ASSSA Catal\u00e1n\" \/>\n<meta property=\"og:description\" content=\"Aquesta Pol\u00edtica de Cookies \u00e9s part integrant de les Condicions Generals i la Pol\u00edtica de Privacitat. L\u2019acc\u00e9s i la navegaci\u00f3 en el lloc, o l\u2019\u00fas dels serveis del mateix, impliquen l\u2019acceptaci\u00f3 de les Condicions Generals (i per tant de la Pol\u00edtica de Privacitat i Pol\u00edtica de Cookies) Si us plau, llegeix-les atentament. T\u2019agra\u00efm que hagis [&hellip;]\" \/>\n<meta property=\"og:url\" content=\"https:\/\/www.asssa.es\/ca\/politica-de-cookies\/\" \/>\n<meta property=\"og:site_name\" content=\"ASSSA Catal\u00e1n\" \/>\n<meta property=\"article:modified_time\" content=\"2026-04-22T14:51:08+00:00\" \/>\n<meta name=\"twitter:card\" content=\"summary_large_image\" \/>\n<meta name=\"twitter:label1\" content=\"Temps estimat de lectura\" \/>\n\t<meta name=\"twitter:data1\" content=\"8 minuts\" \/>\n<script type=\"application\/ld+json\" class=\"yoast-schema-graph\">{\"@context\":\"https:\\\/\\\/schema.org\",\"@graph\":[{\"@type\":\"WebPage\",\"@id\":\"https:\\\/\\\/www.asssa.es\\\/ca\\\/politica-de-cookies\\\/\",\"url\":\"https:\\\/\\\/www.asssa.es\\\/ca\\\/politica-de-cookies\\\/\",\"name\":\"Politica de cookies - ASSSA Catal\u00e1n\",\"isPartOf\":{\"@id\":\"https:\\\/\\\/www.asssa.es\\\/ca\\\/#website\"},\"datePublished\":\"2019-03-25T09:54:21+00:00\",\"dateModified\":\"2026-04-22T14:51:08+00:00\",\"breadcrumb\":{\"@id\":\"https:\\\/\\\/www.asssa.es\\\/ca\\\/politica-de-cookies\\\/#breadcrumb\"},\"inLanguage\":\"ca\",\"potentialAction\":[{\"@type\":\"ReadAction\",\"target\":[\"https:\\\/\\\/www.asssa.es\\\/ca\\\/politica-de-cookies\\\/\"]}]},{\"@type\":\"BreadcrumbList\",\"@id\":\"https:\\\/\\\/www.asssa.es\\\/ca\\\/politica-de-cookies\\\/#breadcrumb\",\"itemListElement\":[{\"@type\":\"ListItem\",\"position\":1,\"name\":\"Portada\",\"item\":\"https:\\\/\\\/www.asssa.es\\\/ca\\\/\"},{\"@type\":\"ListItem\",\"position\":2,\"name\":\"Politica de cookies\"}]},{\"@type\":\"WebSite\",\"@id\":\"https:\\\/\\\/www.asssa.es\\\/ca\\\/#website\",\"url\":\"https:\\\/\\\/www.asssa.es\\\/ca\\\/\",\"name\":\"ASSSA Catal\u00e1n\",\"description\":\"\",\"potentialAction\":[{\"@type\":\"SearchAction\",\"target\":{\"@type\":\"EntryPoint\",\"urlTemplate\":\"https:\\\/\\\/www.asssa.es\\\/ca\\\/?s={search_term_string}\"},\"query-input\":{\"@type\":\"PropertyValueSpecification\",\"valueRequired\":true,\"valueName\":\"search_term_string\"}}],\"inLanguage\":\"ca\"}]}<\/script>\n<!-- \/ Yoast SEO plugin. -->","yoast_head_json":{"title":"Politica de cookies - ASSSA Catal\u00e1n","robots":{"index":"index","follow":"follow","max-snippet":"max-snippet:-1","max-image-preview":"max-image-preview:large","max-video-preview":"max-video-preview:-1"},"canonical":"https:\/\/www.asssa.es\/ca\/politica-de-cookies\/","og_locale":"ca_ES","og_type":"article","og_title":"Politica de cookies - ASSSA Catal\u00e1n","og_description":"Aquesta Pol\u00edtica de Cookies \u00e9s part integrant de les Condicions Generals i la Pol\u00edtica de Privacitat. L\u2019acc\u00e9s i la navegaci\u00f3 en el lloc, o l\u2019\u00fas dels serveis del mateix, impliquen l\u2019acceptaci\u00f3 de les Condicions Generals (i per tant de la Pol\u00edtica de Privacitat i Pol\u00edtica de Cookies) Si us plau, llegeix-les atentament. T\u2019agra\u00efm que hagis [&hellip;]","og_url":"https:\/\/www.asssa.es\/ca\/politica-de-cookies\/","og_site_name":"ASSSA Catal\u00e1n","article_modified_time":"2026-04-22T14:51:08+00:00","twitter_card":"summary_large_image","twitter_misc":{"Temps estimat de lectura":"8 minuts"},"schema":{"@context":"https:\/\/schema.org","@graph":[{"@type":"WebPage","@id":"https:\/\/www.asssa.es\/ca\/politica-de-cookies\/","url":"https:\/\/www.asssa.es\/ca\/politica-de-cookies\/","name":"Politica de cookies - ASSSA Catal\u00e1n","isPartOf":{"@id":"https:\/\/www.asssa.es\/ca\/#website"},"datePublished":"2019-03-25T09:54:21+00:00","dateModified":"2026-04-22T14:51:08+00:00","breadcrumb":{"@id":"https:\/\/www.asssa.es\/ca\/politica-de-cookies\/#breadcrumb"},"inLanguage":"ca","potentialAction":[{"@type":"ReadAction","target":["https:\/\/www.asssa.es\/ca\/politica-de-cookies\/"]}]},{"@type":"BreadcrumbList","@id":"https:\/\/www.asssa.es\/ca\/politica-de-cookies\/#breadcrumb","itemListElement":[{"@type":"ListItem","position":1,"name":"Portada","item":"https:\/\/www.asssa.es\/ca\/"},{"@type":"ListItem","position":2,"name":"Politica de cookies"}]},{"@type":"WebSite","@id":"https:\/\/www.asssa.es\/ca\/#website","url":"https:\/\/www.asssa.es\/ca\/","name":"ASSSA Catal\u00e1n","description":"","potentialAction":[{"@type":"SearchAction","target":{"@type":"EntryPoint","urlTemplate":"https:\/\/www.asssa.es\/ca\/?s={search_term_string}"},"query-input":{"@type":"PropertyValueSpecification","valueRequired":true,"valueName":"search_term_string"}}],"inLanguage":"ca"}]}},"_links":{"self":[{"href":"https:\/\/www.asssa.es\/ca\/wp-json\/wp\/v2\/pages\/244","targetHints":{"allow":["GET"]}}],"collection":[{"href":"https:\/\/www.asssa.es\/ca\/wp-json\/wp\/v2\/pages"}],"about":[{"href":"https:\/\/www.asssa.es\/ca\/wp-json\/wp\/v2\/types\/page"}],"author":[{"embeddable":true,"href":"https:\/\/www.asssa.es\/ca\/wp-json\/wp\/v2\/users\/20"}],"replies":[{"embeddable":true,"href":"https:\/\/www.asssa.es\/ca\/wp-json\/wp\/v2\/comments?post=244"}],"version-history":[{"count":19,"href":"https:\/\/www.asssa.es\/ca\/wp-json\/wp\/v2\/pages\/244\/revisions"}],"predecessor-version":[{"id":14790,"href":"https:\/\/www.asssa.es\/ca\/wp-json\/wp\/v2\/pages\/244\/revisions\/14790"}],"wp:attachment":[{"href":"https:\/\/www.asssa.es\/ca\/wp-json\/wp\/v2\/media?parent=244"}],"curies":[{"name":"wp","href":"https:\/\/api.w.org\/{rel}","templated":true}]}}