{"id":4070,"date":"2019-07-25T17:19:50","date_gmt":"2019-07-25T15:19:50","guid":{"rendered":"https:\/\/www.asssa.es\/ca\/?page_id=4070"},"modified":"2025-09-16T15:48:21","modified_gmt":"2025-09-16T13:48:21","slug":"coneix-la-nostra-historia","status":"publish","type":"page","link":"https:\/\/www.asssa.es\/ca\/sobre-asssa\/coneix-la-nostra-historia\/","title":{"rendered":"CONEIX LA NOSTRA HIST\u00d2RIA"},"content":{"rendered":"<h2>90 anys d\u2019hist\u00f2ria<\/h2>\n<p>Som una Companyia amb molta hist\u00f2ria i tradici\u00f3.<\/p>\n<p>&nbsp;<\/p>\n<p>La nostra \u00e0mplia traject\u00f2ria ens ha convertit en una de les Entitats m\u00e9s experimentades en el sector assegurador de salut.<\/p>\n<p>&nbsp;<\/p>\n<p>L\u2019esperit de superaci\u00f3 i ajuda constant ens ha marcat des dels nostres inicis i l\u2019hem sabut mantenir amb el pas del temps, sense oblidar els nostres or\u00edgens i sempre amb les mateixes ganes i il\u00b7lusi\u00f3 que el primer dia.<\/p>\n<p>&nbsp;<\/p>\n<p>Seguim creixent a pas ferm i la nostra evoluci\u00f3 es veu reflectida en la confian\u00e7a que depositen en la nostra Companyia cada vegada m\u00e9s persones.<\/p>\n","protected":false},"excerpt":{"rendered":"<p>90 anys d\u2019hist\u00f2ria Som una Companyia amb molta hist\u00f2ria i tradici\u00f3. &nbsp; La nostra \u00e0mplia traject\u00f2ria ens ha convertit en una de les Entitats m\u00e9s experimentades en el sector assegurador de salut. &nbsp; L\u2019esperit de superaci\u00f3 i ajuda constant ens ha marcat des dels nostres inicis i l\u2019hem sabut mantenir amb el pas del temps, [&hellip;]<\/p>\n","protected":false},"author":20,"featured_media":13103,"parent":14,"menu_order":1,"comment_status":"closed","ping_status":"closed","template":"tpl-historia.php","meta":{"_acf_changed":false,"footnotes":""},"class_list":["post-4070","page","type-page","status-publish","has-post-thumbnail","hentry"],"acf":[],"yoast_head":"<!-- This site is optimized with the Yoast SEO plugin v27.5 - https:\/\/yoast.com\/product\/yoast-seo-wordpress\/ -->\n<title>CONEIX LA NOSTRA HIST\u00d2RIA - ASSSA Catal\u00e1n<\/title>\n<meta name=\"robots\" content=\"index, follow, max-snippet:-1, max-image-preview:large, max-video-preview:-1\" \/>\n<link rel=\"canonical\" href=\"https:\/\/www.asssa.es\/ca\/sobre-asssa\/coneix-la-nostra-historia\/\" \/>\n<meta property=\"og:locale\" content=\"ca_ES\" \/>\n<meta property=\"og:type\" content=\"article\" \/>\n<meta property=\"og:title\" content=\"CONEIX LA NOSTRA HIST\u00d2RIA - ASSSA Catal\u00e1n\" \/>\n<meta property=\"og:description\" content=\"90 anys d\u2019hist\u00f2ria Som una Companyia amb molta hist\u00f2ria i tradici\u00f3. &nbsp; La nostra \u00e0mplia traject\u00f2ria ens ha convertit en una de les Entitats m\u00e9s experimentades en el sector assegurador de salut. &nbsp; L\u2019esperit de superaci\u00f3 i ajuda constant ens ha marcat des dels nostres inicis i l\u2019hem sabut mantenir amb el pas del temps, [&hellip;]\" \/>\n<meta property=\"og:url\" content=\"https:\/\/www.asssa.es\/ca\/sobre-asssa\/coneix-la-nostra-historia\/\" \/>\n<meta property=\"og:site_name\" content=\"ASSSA Catal\u00e1n\" \/>\n<meta property=\"article:modified_time\" content=\"2025-09-16T13:48:21+00:00\" \/>\n<meta property=\"og:image\" content=\"https:\/\/www.asssa.es\/wp-content\/uploads\/2025\/09\/Sobre-ASSSA-2025-5.jpg\" \/>\n\t<meta property=\"og:image:width\" content=\"2560\" \/>\n\t<meta property=\"og:image:height\" content=\"1570\" \/>\n\t<meta property=\"og:image:type\" content=\"image\/jpeg\" \/>\n<meta name=\"twitter:card\" content=\"summary_large_image\" \/>\n<meta name=\"twitter:label1\" content=\"Temps estimat de lectura\" \/>\n\t<meta name=\"twitter:data1\" content=\"1 minut\" \/>\n<script type=\"application\/ld+json\" class=\"yoast-schema-graph\">{\"@context\":\"https:\\\/\\\/schema.org\",\"@graph\":[{\"@type\":\"WebPage\",\"@id\":\"https:\\\/\\\/www.asssa.es\\\/ca\\\/sobre-asssa\\\/coneix-la-nostra-historia\\\/\",\"url\":\"https:\\\/\\\/www.asssa.es\\\/ca\\\/sobre-asssa\\\/coneix-la-nostra-historia\\\/\",\"name\":\"CONEIX LA NOSTRA HIST\u00d2RIA - ASSSA Catal\u00e1n\",\"isPartOf\":{\"@id\":\"https:\\\/\\\/www.asssa.es\\\/ca\\\/#website\"},\"primaryImageOfPage\":{\"@id\":\"https:\\\/\\\/www.asssa.es\\\/ca\\\/sobre-asssa\\\/coneix-la-nostra-historia\\\/#primaryimage\"},\"image\":{\"@id\":\"https:\\\/\\\/www.asssa.es\\\/ca\\\/sobre-asssa\\\/coneix-la-nostra-historia\\\/#primaryimage\"},\"thumbnailUrl\":\"https:\\\/\\\/www.asssa.es\\\/wp-content\\\/uploads\\\/2025\\\/09\\\/Sobre-ASSSA-2025-5.jpg\",\"datePublished\":\"2019-07-25T15:19:50+00:00\",\"dateModified\":\"2025-09-16T13:48:21+00:00\",\"breadcrumb\":{\"@id\":\"https:\\\/\\\/www.asssa.es\\\/ca\\\/sobre-asssa\\\/coneix-la-nostra-historia\\\/#breadcrumb\"},\"inLanguage\":\"ca\",\"potentialAction\":[{\"@type\":\"ReadAction\",\"target\":[\"https:\\\/\\\/www.asssa.es\\\/ca\\\/sobre-asssa\\\/coneix-la-nostra-historia\\\/\"]}]},{\"@type\":\"ImageObject\",\"inLanguage\":\"ca\",\"@id\":\"https:\\\/\\\/www.asssa.es\\\/ca\\\/sobre-asssa\\\/coneix-la-nostra-historia\\\/#primaryimage\",\"url\":\"https:\\\/\\\/www.asssa.es\\\/wp-content\\\/uploads\\\/2025\\\/09\\\/Sobre-ASSSA-2025-5.jpg\",\"contentUrl\":\"https:\\\/\\\/www.asssa.es\\\/wp-content\\\/uploads\\\/2025\\\/09\\\/Sobre-ASSSA-2025-5.jpg\",\"width\":2560,\"height\":1570},{\"@type\":\"BreadcrumbList\",\"@id\":\"https:\\\/\\\/www.asssa.es\\\/ca\\\/sobre-asssa\\\/coneix-la-nostra-historia\\\/#breadcrumb\",\"itemListElement\":[{\"@type\":\"ListItem\",\"position\":1,\"name\":\"Portada\",\"item\":\"https:\\\/\\\/www.asssa.es\\\/ca\\\/\"},{\"@type\":\"ListItem\",\"position\":2,\"name\":\"Sobre ASSSA\",\"item\":\"https:\\\/\\\/www.asssa.es\\\/ca\\\/sobre-asssa\\\/\"},{\"@type\":\"ListItem\",\"position\":3,\"name\":\"CONEIX LA NOSTRA HIST\u00d2RIA\"}]},{\"@type\":\"WebSite\",\"@id\":\"https:\\\/\\\/www.asssa.es\\\/ca\\\/#website\",\"url\":\"https:\\\/\\\/www.asssa.es\\\/ca\\\/\",\"name\":\"ASSSA Catal\u00e1n\",\"description\":\"\",\"potentialAction\":[{\"@type\":\"SearchAction\",\"target\":{\"@type\":\"EntryPoint\",\"urlTemplate\":\"https:\\\/\\\/www.asssa.es\\\/ca\\\/?s={search_term_string}\"},\"query-input\":{\"@type\":\"PropertyValueSpecification\",\"valueRequired\":true,\"valueName\":\"search_term_string\"}}],\"inLanguage\":\"ca\"}]}<\/script>\n<!-- \/ Yoast SEO plugin. -->","yoast_head_json":{"title":"CONEIX LA NOSTRA HIST\u00d2RIA - ASSSA Catal\u00e1n","robots":{"index":"index","follow":"follow","max-snippet":"max-snippet:-1","max-image-preview":"max-image-preview:large","max-video-preview":"max-video-preview:-1"},"canonical":"https:\/\/www.asssa.es\/ca\/sobre-asssa\/coneix-la-nostra-historia\/","og_locale":"ca_ES","og_type":"article","og_title":"CONEIX LA NOSTRA HIST\u00d2RIA - ASSSA Catal\u00e1n","og_description":"90 anys d\u2019hist\u00f2ria Som una Companyia amb molta hist\u00f2ria i tradici\u00f3. &nbsp; La nostra \u00e0mplia traject\u00f2ria ens ha convertit en una de les Entitats m\u00e9s experimentades en el sector assegurador de salut. &nbsp; L\u2019esperit de superaci\u00f3 i ajuda constant ens ha marcat des dels nostres inicis i l\u2019hem sabut mantenir amb el pas del temps, [&hellip;]","og_url":"https:\/\/www.asssa.es\/ca\/sobre-asssa\/coneix-la-nostra-historia\/","og_site_name":"ASSSA Catal\u00e1n","article_modified_time":"2025-09-16T13:48:21+00:00","og_image":[{"width":2560,"height":1570,"url":"https:\/\/www.asssa.es\/wp-content\/uploads\/2025\/09\/Sobre-ASSSA-2025-5.jpg","type":"image\/jpeg"}],"twitter_card":"summary_large_image","twitter_misc":{"Temps estimat de lectura":"1 minut"},"schema":{"@context":"https:\/\/schema.org","@graph":[{"@type":"WebPage","@id":"https:\/\/www.asssa.es\/ca\/sobre-asssa\/coneix-la-nostra-historia\/","url":"https:\/\/www.asssa.es\/ca\/sobre-asssa\/coneix-la-nostra-historia\/","name":"CONEIX LA NOSTRA HIST\u00d2RIA - ASSSA Catal\u00e1n","isPartOf":{"@id":"https:\/\/www.asssa.es\/ca\/#website"},"primaryImageOfPage":{"@id":"https:\/\/www.asssa.es\/ca\/sobre-asssa\/coneix-la-nostra-historia\/#primaryimage"},"image":{"@id":"https:\/\/www.asssa.es\/ca\/sobre-asssa\/coneix-la-nostra-historia\/#primaryimage"},"thumbnailUrl":"https:\/\/www.asssa.es\/wp-content\/uploads\/2025\/09\/Sobre-ASSSA-2025-5.jpg","datePublished":"2019-07-25T15:19:50+00:00","dateModified":"2025-09-16T13:48:21+00:00","breadcrumb":{"@id":"https:\/\/www.asssa.es\/ca\/sobre-asssa\/coneix-la-nostra-historia\/#breadcrumb"},"inLanguage":"ca","potentialAction":[{"@type":"ReadAction","target":["https:\/\/www.asssa.es\/ca\/sobre-asssa\/coneix-la-nostra-historia\/"]}]},{"@type":"ImageObject","inLanguage":"ca","@id":"https:\/\/www.asssa.es\/ca\/sobre-asssa\/coneix-la-nostra-historia\/#primaryimage","url":"https:\/\/www.asssa.es\/wp-content\/uploads\/2025\/09\/Sobre-ASSSA-2025-5.jpg","contentUrl":"https:\/\/www.asssa.es\/wp-content\/uploads\/2025\/09\/Sobre-ASSSA-2025-5.jpg","width":2560,"height":1570},{"@type":"BreadcrumbList","@id":"https:\/\/www.asssa.es\/ca\/sobre-asssa\/coneix-la-nostra-historia\/#breadcrumb","itemListElement":[{"@type":"ListItem","position":1,"name":"Portada","item":"https:\/\/www.asssa.es\/ca\/"},{"@type":"ListItem","position":2,"name":"Sobre ASSSA","item":"https:\/\/www.asssa.es\/ca\/sobre-asssa\/"},{"@type":"ListItem","position":3,"name":"CONEIX LA NOSTRA HIST\u00d2RIA"}]},{"@type":"WebSite","@id":"https:\/\/www.asssa.es\/ca\/#website","url":"https:\/\/www.asssa.es\/ca\/","name":"ASSSA Catal\u00e1n","description":"","potentialAction":[{"@type":"SearchAction","target":{"@type":"EntryPoint","urlTemplate":"https:\/\/www.asssa.es\/ca\/?s={search_term_string}"},"query-input":{"@type":"PropertyValueSpecification","valueRequired":true,"valueName":"search_term_string"}}],"inLanguage":"ca"}]}},"_links":{"self":[{"href":"https:\/\/www.asssa.es\/ca\/wp-json\/wp\/v2\/pages\/4070","targetHints":{"allow":["GET"]}}],"collection":[{"href":"https:\/\/www.asssa.es\/ca\/wp-json\/wp\/v2\/pages"}],"about":[{"href":"https:\/\/www.asssa.es\/ca\/wp-json\/wp\/v2\/types\/page"}],"author":[{"embeddable":true,"href":"https:\/\/www.asssa.es\/ca\/wp-json\/wp\/v2\/users\/20"}],"replies":[{"embeddable":true,"href":"https:\/\/www.asssa.es\/ca\/wp-json\/wp\/v2\/comments?post=4070"}],"version-history":[{"count":6,"href":"https:\/\/www.asssa.es\/ca\/wp-json\/wp\/v2\/pages\/4070\/revisions"}],"predecessor-version":[{"id":10205,"href":"https:\/\/www.asssa.es\/ca\/wp-json\/wp\/v2\/pages\/4070\/revisions\/10205"}],"up":[{"embeddable":true,"href":"https:\/\/www.asssa.es\/ca\/wp-json\/wp\/v2\/pages\/14"}],"wp:featuredmedia":[{"embeddable":true,"href":"https:\/\/www.asssa.es\/ca\/wp-json\/wp\/v2\/media\/13103"}],"wp:attachment":[{"href":"https:\/\/www.asssa.es\/ca\/wp-json\/wp\/v2\/media?parent=4070"}],"curies":[{"name":"wp","href":"https:\/\/api.w.org\/{rel}","templated":true}]}}