{"id":4690,"date":"2019-09-18T17:25:20","date_gmt":"2019-09-18T15:25:20","guid":{"rendered":"https:\/\/www.asssa.es\/ca\/?page_id=4690"},"modified":"2019-09-20T14:05:38","modified_gmt":"2019-09-20T12:05:38","slug":"aviso-legal","status":"publish","type":"page","link":"https:\/\/www.asssa.es\/ca\/aviso-legal\/","title":{"rendered":"Av\u00eds Legal"},"content":{"rendered":"<p>Li agra\u00efm que hagi decidit visitar-nos. Volem que la seva experi\u00e8ncia a la nostra web sigui la millor possible.<\/p>\n<p>Per accedir als nostres serveis, declara que <strong>\u00e9s major d\u2019edat<\/strong> i que t\u00e9 la capacitat legal suficient per usar els nostres serveis, d\u2019acord amb la seva llei nacional.<\/p>\n<p>L\u2019acc\u00e9s i la navegaci\u00f3 en el lloc web, o l\u2019\u00fas dels seus serveis, impliquen l\u2019acceptaci\u00f3 expressa i \u00edntegra de totes i cadascuna de les presents condicions generals, incloses tant les condicions particulars fixades per a certes promocions, aix\u00ed com de les pol\u00edtiques de privadesa i de les cookies, relacionades amb la normativa vigent en mat\u00e8ria de protecci\u00f3 de dades personals. Recomanem llegir-les amb atenci\u00f3 per saber quin tipus de dades es recullen a trav\u00e9s de la nostra web, amb quines finalitats i quins drets relacionats li concerneixin.<\/p>\n<p><strong>1- Informaci\u00f3 legal.<\/strong><\/p>\n<p>En compliment de la Llei 34\/2002, d\u201911 de juliol, de Serveis de la Societat de la Informaci\u00f3 i del Comer\u00e7 Electr\u00f2nic, les dades identificatives del titular del portal web s\u00f3n:<\/p>\n<p>ASSSA \u2013 AGRUPACI\u00d3N SANITARIA SEGUROS, SA<\/p>\n<p>Av. ALFONSO X EL SABIO, N\u00daM. 14, ENTRES\u00d2L<\/p>\n<p>03004 ALACANT<\/p>\n<p>A28005312<\/p>\n<p>Inscrita al Registre Mercantil d\u2019Alacant, full A-76181, tom 2.643, llibre 0, secci\u00f3 8.<\/p>\n<p>Per a qualsevol dubte o consulta, pot posar-se en contacte amb nosaltres a trav\u00e9s del tel.: 965200106, correu electr\u00f2nic: <a href=\"mailto:info@asssa.es\">info@asssa.es<\/a><\/p>\n<p>L\u2019acc\u00e9s a la web suposa l\u2019acceptaci\u00f3 expressa de l\u2019usuari a les presents condicions generals d\u2019\u00fas, que podran ser modificades totalment o parcialment o substitu\u00efdes per unes altres, pel seu titular i a qualsevol moment sense av\u00eds previ. Li recomanem que accedeixi a les presents condicions de tant en tant per comprovar les seves possibles modificacions, que es publicaran al mateix apartat.<\/p>\n<p><strong>2- Condicions generals d\u2019\u00fas.<\/strong><\/p>\n<p>Les seg\u00fcents condicions generals regulen l\u2019\u00fas i acc\u00e9s al portal web, la finalitat \u00e9s establir pautes de bon \u00fas i comportament. ASSSA \u2013 AGRUPACI\u00d3N SANITARIA SEGUROS SA posa a disposici\u00f3 dels usuaris informaci\u00f3 sobre l\u2019\u00fas, els serveis i els continguts que s\u2019allotgen a la web. A trav\u00e9s d\u2019aquesta, l\u2019usuari t\u00e9 acc\u00e9s a informaci\u00f3 sobre productes i serveis espec\u00edfics, eines i aplicacions.<\/p>\n<p>Les dades i informacions sobre productes o serveis, preus i caracter\u00edstiques o altres dades rellevants ofertes a trav\u00e9s de la p\u00e0gina web s\u00f3n realitzades, proporcionades i actualitzades per prove\u00efdors i terceres empreses. ASSSA &#8211; AGRUPACI\u00d3N SANITARIA SEGUROS SA no \u00e9s, en cap cas, responsable d\u2019aquestes dades i informacions ni assumeix cap obligaci\u00f3 sobre aquestes.<\/p>\n<p>L\u2019usuari es compromet a fer un \u00fas adequat dels continguts, serveis, aplicacions i eines que estan accessibles, amb subjecci\u00f3 a la llei i a les presents condicions generals d\u2019\u00fas i, si escau a les condicions particulars que puguin establir-se per a l\u2019acc\u00e9s a determinats serveis i aplicacions, respectant a tot moment a la resta d\u2019usuaris d\u2019aquesta.<\/p>\n<p>En cas d\u2019incompliment total i\/o parcial per part de l\u2019usuari de les presents condicions generals d\u2019\u00fas, ASSSA &#8211; AGRUPACI\u00d3N SANITARIA SEGUROS SA es reserva el dret de denegar l\u2019acc\u00e9s a la web, sense necessitat d\u2019av\u00eds previ a l\u2019usuari.<\/p>\n<p><strong>3- Obligacions generals de l\u2019usuari.<\/strong><\/p>\n<p>L\u2019usuari, en acceptar les presents condicions generals d\u2019\u00fas, s\u2019obliga expressament a:<\/p>\n<ul>\n<li>No realitzar cap acci\u00f3 destinada a perjudicar, bloquejar, danyar, inutilitzar, sobrecarregar, de forma temporal o definitiva, les funcionalitats, eines, continguts i\/o la infraestructura de la p\u00e0gina web, de manera que impedeixi el seu \u00fas normal.<\/li>\n<li>Custodiar i mantenir la confidencialitat de les claus d\u2019acc\u00e9s associades al seu nom d\u2019usuari, \u00e9s responsable de la utilitzaci\u00f3 d\u2019aquestes claus d\u2019acc\u00e9s, claus que s\u00f3n de car\u00e0cter personal i intransferible.<\/li>\n<li>No introduir ni realitzar continguts injuriosos o calumniosos, tant d\u2019altres usuaris com de terceres empreses alienes a ASSSA &#8211; AGRUPACI\u00d3N SANITARIA SEGUROS SA.<\/li>\n<li>No utilitzar qualsevol dels materials i informacions continguts en aquest lloc web amb finalitats il\u00b7l\u00edcites i\/o expressament prohibides en les presents condicions generals d\u2019\u00fas, aix\u00ed com a les condicions particulars que, si escau, s\u2019estableixin per a determinades aplicacions i\/o utilitats i que resultin contraris als drets i interessos d\u2019ASSSA &#8211; AGRUPACI\u00d3N SANITARIA SEGUROS SA, els seus usuaris i\/o tercers.<\/li>\n<li>No oferir ni distribuir productes i serveis, ni realitzar publicitat o comunicacions comercials no sol\u00b7licitades a altres usuaris i visitants d\u2019ASSSA &#8211; AGRUPACI\u00d3N SANITARIA SEGUROS SA.<\/li>\n<\/ul>\n<p>L\u2019usuari respondr\u00e0 de tots els danys i perjudicis de tota naturalesa que ASSSA &#8211; AGRUPACI\u00d3N SANITARIA SEGUROS SA o qualsevol tercer pugui sofrir com a conseq\u00fc\u00e8ncia de l\u2019incompliment de qualssevol de les obligacions a les quals queda sotm\u00e8s per virtut d\u2019aquestes \u201ccondicions generals d\u2019\u00fas\u201d o de la llei en relaci\u00f3 amb l\u2019acc\u00e9s i\/o utilitzaci\u00f3 de la p\u00e0gina.<\/p>\n<p><strong>4- Propietat intel\u00b7lectual i industrial.<\/strong><\/p>\n<p>El lloc web, les p\u00e0gines que compr\u00e8n i la informaci\u00f3 o elements continguts en aquestes (incloent textos, documents, fotografies, dibuixos, representacions gr\u00e0fiques, dels quals \u00e9s titular o dels quals siguin titulars tercers que autoritzen al propietari a la seva utilitzaci\u00f3, entre d\u2019altres), aix\u00ed com logotips, marques, noms comercials o altres signes distintius, es troben protegits per drets de propietat intel\u00b7lectual i\/o industrial, dels quals ASSSA &#8211; AGRUPACI\u00d3N SANITARIA SEGUROS SA \u00e9s titular o ostenta autoritzaci\u00f3 per a la seva utilitzaci\u00f3 i comunicaci\u00f3 p\u00fablica dels seus leg\u00edtims titulars.<\/p>\n<p>L\u2019usuari s\u2019obliga a usar els continguts de forma diligent i correcta, d\u2019acord amb la llei, la moral i l\u2019ordre p\u00fablic. ASSSA &#8211; AGRUPACI\u00d3N SANITARIA SEGUROS SA autoritza a l\u2019usuari per visualitzar la informaci\u00f3 que es cont\u00e9 en aquest lloc web, aix\u00ed com per efectuar reproduccions privades (simple activitat de desc\u00e0rrega i emmagatzematge en els seus sistemes inform\u00e0tics), sempre que els elements siguin destinats \u00fanicament a l\u2019\u00fas personal. En cap cas, aix\u00f2 significar\u00e0 una autoritzaci\u00f3 o llic\u00e8ncia sobre els drets de propietat d\u2019ASSSA &#8211; AGRUPACI\u00d3N SANITARIA SEGUROS SA o dels seus titulars leg\u00edtims.<\/p>\n<p>L\u2019usuari no est\u00e0 autoritzat per procedir a la distribuci\u00f3, modificaci\u00f3, cessi\u00f3 o comunicaci\u00f3 p\u00fablica de la informaci\u00f3 continguda en aquesta web en qualsevol forma i qualsevol que sigui la seva finalitat.<\/p>\n<p><strong>5- Enlla\u00e7os.<\/strong><\/p>\n<p>Les connexions i enlla\u00e7os a llocs o p\u00e0gines web de tercers s\u2019han establert \u00fanicament com una utilitat per a l\u2019usuari. ASSSA &#8211; AGRUPACI\u00d3N SANITARIA SEGUROS SA no \u00e9s, en cap cas, responsable d\u2019aquestes o del seu contingut.<\/p>\n<p>ASSSA &#8211; AGRUPACI\u00d3N SANITARIA SEGUROS SA no assumeix cap responsabilitat derivada de l\u2019exist\u00e8ncia d\u2019enlla\u00e7os entre els continguts d\u2019aquest lloc i continguts situats fora d\u2019aquest o de qualsevol altre esment de continguts externs a aquest lloc. Tals enlla\u00e7os o esments tenen una finalitat exclusivament informativa i, en cap cas, impliquen el suport, aprovaci\u00f3, comercialitzaci\u00f3 o relaci\u00f3 alguna entre ASSSA &#8211; AGRUPACI\u00d3N SANITARIA SEGUROS SA i les persones o entitats autores i\/o gestores d\u2019aquests continguts o titulars dels llocs on es trobin.<\/p>\n<p>Per realitzar enlla\u00e7os amb la p\u00e0gina web ser\u00e0 necess\u00e0ria l\u2019autoritzaci\u00f3 expressa i per escrit dels titulars del portal.<\/p>\n<p><strong>6- Responsabilitat.<\/strong><\/p>\n<p>ASSSA &#8211; AGRUPACI\u00d3N SANITARIA SEGUROS SA no garanteix l\u2019acc\u00e9s continuat, ni la correcta visualitzaci\u00f3, desc\u00e0rrega o utilitat dels elements i informaci\u00f3 continguts a les p\u00e0gines del portal que poden veure\u2019s impedits, dificultats o interromputs per factors o circumst\u00e0ncies fora del seu control o alienes a la seva voluntat, ni d\u2019aquells que siguin produ\u00efts per l\u2019exist\u00e8ncia de virus inform\u00e0tics en Internet.<\/p>\n<p>ASSSA &#8211; AGRUPACI\u00d3N SANITARIA SEGUROS SA no assumeix cap responsabilitat per danys, perjudicis, p\u00e8rdues, reclamacions o despeses, produ\u00efts per:<\/p>\n<p>(I) Interfer\u00e8ncies, interrupcions, fallades, omissions, retards, bloquejos o desconnexions, motivades per errors en les l\u00ednies i xarxes de telecomunicacions o per qualsevol altra causa aliena al control d\u2019ASSSA &#8211; AGRUPACI\u00d3N SANITARIA SEGUROS SA;<\/p>\n<p>(II) Intromissions il\u00b7leg\u00edtimes mitjan\u00e7ant l\u2019\u00fas de programes malignes de qualsevol tipus i a trav\u00e9s de qualsevol mitj\u00e0 de comunicaci\u00f3, com ara virus inform\u00e0tics o qualssevol altres;<\/p>\n<p>(III) \u00das indegut o inadequat de la p\u00e0gina web d\u2019ASSSA &#8211; AGRUPACI\u00d3N SANITARIA SEGUROS SA;<\/p>\n<p>(IV) Errors de seguretat o navegaci\u00f3 produ\u00efts per un mal funcionament del navegador o per l\u2019\u00fas de versions no actualitzades.<\/p>\n<p>ASSSA &#8211; AGRUPACI\u00d3N SANITARIA SEGUROS SA no \u00e9s responsable ni en cap cas respondr\u00e0 davant dels usuaris i de tercers sobre actes de qualsevol tercer ali\u00e8 a ASSSA &#8211; AGRUPACI\u00d3N SANITARIA SEGUROS SA que comporti o pugui suposar la realitzaci\u00f3 d\u2019actes de compet\u00e8ncia deslleial i publicitat il\u00b7l\u00edcita o la infracci\u00f3 dels drets de propietat intel\u00b7lectual i industrial, dels secrets empresarials, de compromisos contractuals de qualsevol classe, dels drets a l\u2019honor, a la intimitat personal i familiar i a la imatge, dels drets de propietat i qualsevol altra naturalesa pertanyents a un tercer per ra\u00f3 de la transmissi\u00f3, difusi\u00f3, emmagatzematge, posada a disposici\u00f3, recepci\u00f3, obtenci\u00f3 o acc\u00e9s als continguts.<\/p>\n<p><strong>7- Protecci\u00f3 de dades de car\u00e0cter personal.<\/strong><\/p>\n<p>Tota la pol\u00edtica de tractament de dades personals la trobar\u00e0 en la pol\u00edtica de privadesa, que forma part integrant d\u2019aquestes condicions generals, per\u00f2 que, per simplicitat, hem posat en un document apart: <a href=\"https:\/\/www.asssa.es\/ca\/politica-de-privacidad\/\" target=\"_blank\" rel=\"noopener noreferrer\">Pol\u00edtica de Privadesa<\/a>.<\/p>\n<p><strong>8- Legislaci\u00f3.<\/strong><\/p>\n<p>El present av\u00eds legal i els seus termes i condicions es regiran i interpretaran d\u2019acord amb la legislaci\u00f3 espanyola. L\u2019usuari, pel sol fet d\u2019accedir a la p\u00e0gina web o obtenir la condici\u00f3 d\u2019usuari registrat atorga, de forma irrevocable, el seu consentiment al fet que els Tribunals competents per defecte puguin con\u00e8ixer de qualsevol acci\u00f3 judicial derivada de o relacionada amb les presents condicions, o amb l\u2019\u00fas d\u2019aquest lloc o la navegaci\u00f3 que hi realitzi.<\/p>\n<p>Si alguna cl\u00e0usula o apartat de les presents condicions generals, que no sigui de naturalesa essencial per a la seva exist\u00e8ncia, \u00e9s declarada nul\u00b7la o inaplicable, la validesa de les restants cl\u00e0usules no es veur\u00e0 afectada.<\/p>\n","protected":false},"excerpt":{"rendered":"<p>Li agra\u00efm que hagi decidit visitar-nos. Volem que la seva experi\u00e8ncia a la nostra web sigui la millor possible. Per accedir als nostres serveis, declara que \u00e9s major d\u2019edat i que t\u00e9 la capacitat legal suficient per usar els nostres serveis, d\u2019acord amb la seva llei nacional. L\u2019acc\u00e9s i la navegaci\u00f3 en el lloc web, [&hellip;]<\/p>\n","protected":false},"author":20,"featured_media":0,"parent":0,"menu_order":0,"comment_status":"closed","ping_status":"closed","template":"tpl-estatica.php","meta":{"_acf_changed":false,"footnotes":""},"class_list":["post-4690","page","type-page","status-publish","hentry"],"acf":[],"yoast_head":"<!-- This site is optimized with the Yoast SEO plugin v27.2 - https:\/\/yoast.com\/product\/yoast-seo-wordpress\/ -->\n<title>Av\u00eds Legal - ASSSA Catal\u00e1n<\/title>\n<meta name=\"robots\" content=\"index, follow, max-snippet:-1, max-image-preview:large, max-video-preview:-1\" \/>\n<link rel=\"canonical\" href=\"https:\/\/www.asssa.es\/ca\/aviso-legal\/\" \/>\n<meta property=\"og:locale\" content=\"ca_ES\" \/>\n<meta property=\"og:type\" content=\"article\" \/>\n<meta property=\"og:title\" content=\"Av\u00eds Legal - ASSSA Catal\u00e1n\" \/>\n<meta property=\"og:description\" content=\"Li agra\u00efm que hagi decidit visitar-nos. Volem que la seva experi\u00e8ncia a la nostra web sigui la millor possible. Per accedir als nostres serveis, declara que \u00e9s major d\u2019edat i que t\u00e9 la capacitat legal suficient per usar els nostres serveis, d\u2019acord amb la seva llei nacional. L\u2019acc\u00e9s i la navegaci\u00f3 en el lloc web, [&hellip;]\" \/>\n<meta property=\"og:url\" content=\"https:\/\/www.asssa.es\/ca\/aviso-legal\/\" \/>\n<meta property=\"og:site_name\" content=\"ASSSA Catal\u00e1n\" \/>\n<meta property=\"article:modified_time\" content=\"2019-09-20T12:05:38+00:00\" \/>\n<meta name=\"twitter:card\" content=\"summary_large_image\" \/>\n<meta name=\"twitter:label1\" content=\"Temps estimat de lectura\" \/>\n\t<meta name=\"twitter:data1\" content=\"9 minuts\" \/>\n<script type=\"application\/ld+json\" class=\"yoast-schema-graph\">{\"@context\":\"https:\/\/schema.org\",\"@graph\":[{\"@type\":\"WebPage\",\"@id\":\"https:\/\/www.asssa.es\/ca\/aviso-legal\/\",\"url\":\"https:\/\/www.asssa.es\/ca\/aviso-legal\/\",\"name\":\"Av\u00eds Legal - ASSSA Catal\u00e1n\",\"isPartOf\":{\"@id\":\"https:\/\/www.asssa.es\/ca\/#website\"},\"datePublished\":\"2019-09-18T15:25:20+00:00\",\"dateModified\":\"2019-09-20T12:05:38+00:00\",\"breadcrumb\":{\"@id\":\"https:\/\/www.asssa.es\/ca\/aviso-legal\/#breadcrumb\"},\"inLanguage\":\"ca\",\"potentialAction\":[{\"@type\":\"ReadAction\",\"target\":[\"https:\/\/www.asssa.es\/ca\/aviso-legal\/\"]}]},{\"@type\":\"BreadcrumbList\",\"@id\":\"https:\/\/www.asssa.es\/ca\/aviso-legal\/#breadcrumb\",\"itemListElement\":[{\"@type\":\"ListItem\",\"position\":1,\"name\":\"Portada\",\"item\":\"https:\/\/www.asssa.es\/ca\/\"},{\"@type\":\"ListItem\",\"position\":2,\"name\":\"Av\u00eds Legal\"}]},{\"@type\":\"WebSite\",\"@id\":\"https:\/\/www.asssa.es\/ca\/#website\",\"url\":\"https:\/\/www.asssa.es\/ca\/\",\"name\":\"ASSSA Catal\u00e1n\",\"description\":\"\",\"potentialAction\":[{\"@type\":\"SearchAction\",\"target\":{\"@type\":\"EntryPoint\",\"urlTemplate\":\"https:\/\/www.asssa.es\/ca\/?s={search_term_string}\"},\"query-input\":{\"@type\":\"PropertyValueSpecification\",\"valueRequired\":true,\"valueName\":\"search_term_string\"}}],\"inLanguage\":\"ca\"}]}<\/script>\n<!-- \/ Yoast SEO plugin. -->","yoast_head_json":{"title":"Av\u00eds Legal - ASSSA Catal\u00e1n","robots":{"index":"index","follow":"follow","max-snippet":"max-snippet:-1","max-image-preview":"max-image-preview:large","max-video-preview":"max-video-preview:-1"},"canonical":"https:\/\/www.asssa.es\/ca\/aviso-legal\/","og_locale":"ca_ES","og_type":"article","og_title":"Av\u00eds Legal - ASSSA Catal\u00e1n","og_description":"Li agra\u00efm que hagi decidit visitar-nos. Volem que la seva experi\u00e8ncia a la nostra web sigui la millor possible. Per accedir als nostres serveis, declara que \u00e9s major d\u2019edat i que t\u00e9 la capacitat legal suficient per usar els nostres serveis, d\u2019acord amb la seva llei nacional. L\u2019acc\u00e9s i la navegaci\u00f3 en el lloc web, [&hellip;]","og_url":"https:\/\/www.asssa.es\/ca\/aviso-legal\/","og_site_name":"ASSSA Catal\u00e1n","article_modified_time":"2019-09-20T12:05:38+00:00","twitter_card":"summary_large_image","twitter_misc":{"Temps estimat de lectura":"9 minuts"},"schema":{"@context":"https:\/\/schema.org","@graph":[{"@type":"WebPage","@id":"https:\/\/www.asssa.es\/ca\/aviso-legal\/","url":"https:\/\/www.asssa.es\/ca\/aviso-legal\/","name":"Av\u00eds Legal - ASSSA Catal\u00e1n","isPartOf":{"@id":"https:\/\/www.asssa.es\/ca\/#website"},"datePublished":"2019-09-18T15:25:20+00:00","dateModified":"2019-09-20T12:05:38+00:00","breadcrumb":{"@id":"https:\/\/www.asssa.es\/ca\/aviso-legal\/#breadcrumb"},"inLanguage":"ca","potentialAction":[{"@type":"ReadAction","target":["https:\/\/www.asssa.es\/ca\/aviso-legal\/"]}]},{"@type":"BreadcrumbList","@id":"https:\/\/www.asssa.es\/ca\/aviso-legal\/#breadcrumb","itemListElement":[{"@type":"ListItem","position":1,"name":"Portada","item":"https:\/\/www.asssa.es\/ca\/"},{"@type":"ListItem","position":2,"name":"Av\u00eds Legal"}]},{"@type":"WebSite","@id":"https:\/\/www.asssa.es\/ca\/#website","url":"https:\/\/www.asssa.es\/ca\/","name":"ASSSA Catal\u00e1n","description":"","potentialAction":[{"@type":"SearchAction","target":{"@type":"EntryPoint","urlTemplate":"https:\/\/www.asssa.es\/ca\/?s={search_term_string}"},"query-input":{"@type":"PropertyValueSpecification","valueRequired":true,"valueName":"search_term_string"}}],"inLanguage":"ca"}]}},"_links":{"self":[{"href":"https:\/\/www.asssa.es\/ca\/wp-json\/wp\/v2\/pages\/4690","targetHints":{"allow":["GET"]}}],"collection":[{"href":"https:\/\/www.asssa.es\/ca\/wp-json\/wp\/v2\/pages"}],"about":[{"href":"https:\/\/www.asssa.es\/ca\/wp-json\/wp\/v2\/types\/page"}],"author":[{"embeddable":true,"href":"https:\/\/www.asssa.es\/ca\/wp-json\/wp\/v2\/users\/20"}],"replies":[{"embeddable":true,"href":"https:\/\/www.asssa.es\/ca\/wp-json\/wp\/v2\/comments?post=4690"}],"version-history":[{"count":6,"href":"https:\/\/www.asssa.es\/ca\/wp-json\/wp\/v2\/pages\/4690\/revisions"}],"predecessor-version":[{"id":4706,"href":"https:\/\/www.asssa.es\/ca\/wp-json\/wp\/v2\/pages\/4690\/revisions\/4706"}],"wp:attachment":[{"href":"https:\/\/www.asssa.es\/ca\/wp-json\/wp\/v2\/media?parent=4690"}],"curies":[{"name":"wp","href":"https:\/\/api.w.org\/{rel}","templated":true}]}}