{"id":55,"date":"2019-03-11T12:25:38","date_gmt":"2019-03-11T12:25:38","guid":{"rendered":"https:\/\/www.asssa.es\/?page_id=55"},"modified":"2026-01-07T08:31:02","modified_gmt":"2026-01-07T07:31:02","slug":"inicio","status":"publish","type":"page","link":"https:\/\/www.asssa.es\/ca\/","title":{"rendered":"La teva salut en bones mans"},"content":{"rendered":"<div class=\"container promo-azul\">\n<p class=\"blue-banner\">La teva salut en bones mans<\/p>\n<p>Posem la nostra experi\u00e8ncia de 90 anys al teu servei perqu\u00e8 els millors metges, la m\u00e9s alta tecnologia i l\u2019atenci\u00f3 personalitzada estiguin al teu abast sempre que ho necessitis.<\/p>\n<\/div>\n<section class=\"container icons\">\n<h2 class=\"underlined\">Inverteix en la teva salut<\/h2>\n<p class=\"center\">Gaudeix de la tranquil\u00b7litat que t\u2019ofereixen les nostres garanties exclusives i el nostre servei \u00fanic:<\/p>\n<ul class=\"flex-container grid-icons grid-home\">\n<li><img decoding=\"async\" src=\"\/wp-content\/uploads\/sites\/5\/2019\/03\/icono10.png\" alt=\"icono\" \/>\n<div><strong>Garantia vital\u00edcia<\/strong> per contracte de no cancel\u00b7laci\u00f3 de p\u00f2lissa per edat, malaltia o \u00fas.<\/div>\n<\/li>\n<li><img decoding=\"async\" src=\"\/wp-content\/uploads\/2020\/12\/Icono-sin-copagos-60x60-1.png\" alt=\"icono\" \/>\n<div><strong>P\u00f2lissa de salut sense copagaments<\/strong><\/div>\n<\/li>\n<li><img decoding=\"async\" src=\"\/wp-content\/uploads\/sites\/5\/2019\/03\/icono11.png\" alt=\"icono\" \/>\n<div><strong>Sense increment de prima<\/strong> per edat. L\u2019edat amb la qual contractes \u00e9s l\u2019edat amb la qual romans.<\/div>\n<\/li>\n<li><img decoding=\"async\" src=\"\/wp-content\/uploads\/sites\/6\/2019\/05\/icono12.png\" alt=\"icono\" \/>\n<div><strong>Prop de tu<\/strong> Atenci\u00f3 personalitzada, propera i professional.<\/div>\n<\/li>\n<li><img decoding=\"async\" src=\"\/wp-content\/uploads\/sites\/5\/2019\/03\/icono40.png\" alt=\"icono\" \/>\n<div><strong>Metges de prestigi<\/strong> Lliure elecci\u00f3 dins de l\u2019ampli quadre m\u00e8dic d\u2019ASSSA.<\/div>\n<\/li>\n<li><img decoding=\"async\" src=\"\/wp-content\/uploads\/sites\/5\/2019\/03\/icono18.png\" alt=\"icono\" \/>\n<div><strong>Acc\u00e9s immediat<\/strong>a serveis m\u00e8dics privats sense llistes d\u2019espera.<\/div>\n<\/li>\n<\/ul>\n<\/section>\n","protected":false},"excerpt":{"rendered":"<p>La teva salut en bones mans Posem la nostra experi\u00e8ncia de 90 anys al teu servei perqu\u00e8 els millors metges, la m\u00e9s alta tecnologia i l\u2019atenci\u00f3 personalitzada estiguin al teu abast sempre que ho necessitis. Inverteix en la teva salut Gaudeix de la tranquil\u00b7litat que t\u2019ofereixen les nostres garanties exclusives i el nostre servei \u00fanic: [&hellip;]<\/p>\n","protected":false},"author":20,"featured_media":0,"parent":0,"menu_order":0,"comment_status":"closed","ping_status":"closed","template":"","meta":{"_acf_changed":false,"footnotes":""},"class_list":["post-55","page","type-page","status-publish","hentry"],"acf":[],"yoast_head":"<!-- This site is optimized with the Yoast SEO plugin v27.2 - https:\/\/yoast.com\/product\/yoast-seo-wordpress\/ -->\n<title>La teva salut en bones mans - ASSSA Catal\u00e1n<\/title>\n<meta name=\"robots\" content=\"index, follow, max-snippet:-1, max-image-preview:large, max-video-preview:-1\" \/>\n<link rel=\"canonical\" href=\"https:\/\/www.asssa.es\/ca\/\" \/>\n<meta property=\"og:locale\" content=\"ca_ES\" \/>\n<meta property=\"og:type\" content=\"article\" \/>\n<meta property=\"og:title\" content=\"La teva salut en bones mans - ASSSA Catal\u00e1n\" \/>\n<meta property=\"og:description\" content=\"La teva salut en bones mans Posem la nostra experi\u00e8ncia de 90 anys al teu servei perqu\u00e8 els millors metges, la m\u00e9s alta tecnologia i l\u2019atenci\u00f3 personalitzada estiguin al teu abast sempre que ho necessitis. Inverteix en la teva salut Gaudeix de la tranquil\u00b7litat que t\u2019ofereixen les nostres garanties exclusives i el nostre servei \u00fanic: [&hellip;]\" \/>\n<meta property=\"og:url\" content=\"https:\/\/www.asssa.es\/ca\/\" \/>\n<meta property=\"og:site_name\" content=\"ASSSA Catal\u00e1n\" \/>\n<meta property=\"article:modified_time\" content=\"2026-01-07T07:31:02+00:00\" \/>\n<meta name=\"twitter:card\" content=\"summary_large_image\" \/>\n<meta name=\"twitter:label1\" content=\"Temps estimat de lectura\" \/>\n\t<meta name=\"twitter:data1\" content=\"2 minuts\" \/>\n<script type=\"application\/ld+json\" class=\"yoast-schema-graph\">{\"@context\":\"https:\/\/schema.org\",\"@graph\":[{\"@type\":\"WebPage\",\"@id\":\"https:\/\/www.asssa.es\/ca\/\",\"url\":\"https:\/\/www.asssa.es\/ca\/\",\"name\":\"La teva salut en bones mans - ASSSA Catal\u00e1n\",\"isPartOf\":{\"@id\":\"https:\/\/www.asssa.es\/ca\/#website\"},\"datePublished\":\"2019-03-11T12:25:38+00:00\",\"dateModified\":\"2026-01-07T07:31:02+00:00\",\"breadcrumb\":{\"@id\":\"https:\/\/www.asssa.es\/ca\/#breadcrumb\"},\"inLanguage\":\"ca\",\"potentialAction\":[{\"@type\":\"ReadAction\",\"target\":[\"https:\/\/www.asssa.es\/ca\/\"]}]},{\"@type\":\"BreadcrumbList\",\"@id\":\"https:\/\/www.asssa.es\/ca\/#breadcrumb\",\"itemListElement\":[{\"@type\":\"ListItem\",\"position\":1,\"name\":\"Portada\",\"item\":\"https:\/\/www.asssa.es\/ca\/\"},{\"@type\":\"ListItem\",\"position\":2,\"name\":\"La teva salut en bones mans\"}]},{\"@type\":\"WebSite\",\"@id\":\"https:\/\/www.asssa.es\/ca\/#website\",\"url\":\"https:\/\/www.asssa.es\/ca\/\",\"name\":\"ASSSA Catal\u00e1n\",\"description\":\"\",\"potentialAction\":[{\"@type\":\"SearchAction\",\"target\":{\"@type\":\"EntryPoint\",\"urlTemplate\":\"https:\/\/www.asssa.es\/ca\/?s={search_term_string}\"},\"query-input\":{\"@type\":\"PropertyValueSpecification\",\"valueRequired\":true,\"valueName\":\"search_term_string\"}}],\"inLanguage\":\"ca\"}]}<\/script>\n<!-- \/ Yoast SEO plugin. -->","yoast_head_json":{"title":"La teva salut en bones mans - ASSSA Catal\u00e1n","robots":{"index":"index","follow":"follow","max-snippet":"max-snippet:-1","max-image-preview":"max-image-preview:large","max-video-preview":"max-video-preview:-1"},"canonical":"https:\/\/www.asssa.es\/ca\/","og_locale":"ca_ES","og_type":"article","og_title":"La teva salut en bones mans - ASSSA Catal\u00e1n","og_description":"La teva salut en bones mans Posem la nostra experi\u00e8ncia de 90 anys al teu servei perqu\u00e8 els millors metges, la m\u00e9s alta tecnologia i l\u2019atenci\u00f3 personalitzada estiguin al teu abast sempre que ho necessitis. Inverteix en la teva salut Gaudeix de la tranquil\u00b7litat que t\u2019ofereixen les nostres garanties exclusives i el nostre servei \u00fanic: [&hellip;]","og_url":"https:\/\/www.asssa.es\/ca\/","og_site_name":"ASSSA Catal\u00e1n","article_modified_time":"2026-01-07T07:31:02+00:00","twitter_card":"summary_large_image","twitter_misc":{"Temps estimat de lectura":"2 minuts"},"schema":{"@context":"https:\/\/schema.org","@graph":[{"@type":"WebPage","@id":"https:\/\/www.asssa.es\/ca\/","url":"https:\/\/www.asssa.es\/ca\/","name":"La teva salut en bones mans - ASSSA Catal\u00e1n","isPartOf":{"@id":"https:\/\/www.asssa.es\/ca\/#website"},"datePublished":"2019-03-11T12:25:38+00:00","dateModified":"2026-01-07T07:31:02+00:00","breadcrumb":{"@id":"https:\/\/www.asssa.es\/ca\/#breadcrumb"},"inLanguage":"ca","potentialAction":[{"@type":"ReadAction","target":["https:\/\/www.asssa.es\/ca\/"]}]},{"@type":"BreadcrumbList","@id":"https:\/\/www.asssa.es\/ca\/#breadcrumb","itemListElement":[{"@type":"ListItem","position":1,"name":"Portada","item":"https:\/\/www.asssa.es\/ca\/"},{"@type":"ListItem","position":2,"name":"La teva salut en bones mans"}]},{"@type":"WebSite","@id":"https:\/\/www.asssa.es\/ca\/#website","url":"https:\/\/www.asssa.es\/ca\/","name":"ASSSA Catal\u00e1n","description":"","potentialAction":[{"@type":"SearchAction","target":{"@type":"EntryPoint","urlTemplate":"https:\/\/www.asssa.es\/ca\/?s={search_term_string}"},"query-input":{"@type":"PropertyValueSpecification","valueRequired":true,"valueName":"search_term_string"}}],"inLanguage":"ca"}]}},"_links":{"self":[{"href":"https:\/\/www.asssa.es\/ca\/wp-json\/wp\/v2\/pages\/55","targetHints":{"allow":["GET"]}}],"collection":[{"href":"https:\/\/www.asssa.es\/ca\/wp-json\/wp\/v2\/pages"}],"about":[{"href":"https:\/\/www.asssa.es\/ca\/wp-json\/wp\/v2\/types\/page"}],"author":[{"embeddable":true,"href":"https:\/\/www.asssa.es\/ca\/wp-json\/wp\/v2\/users\/20"}],"replies":[{"embeddable":true,"href":"https:\/\/www.asssa.es\/ca\/wp-json\/wp\/v2\/comments?post=55"}],"version-history":[{"count":69,"href":"https:\/\/www.asssa.es\/ca\/wp-json\/wp\/v2\/pages\/55\/revisions"}],"predecessor-version":[{"id":13971,"href":"https:\/\/www.asssa.es\/ca\/wp-json\/wp\/v2\/pages\/55\/revisions\/13971"}],"wp:attachment":[{"href":"https:\/\/www.asssa.es\/ca\/wp-json\/wp\/v2\/media?parent=55"}],"curies":[{"name":"wp","href":"https:\/\/api.w.org\/{rel}","templated":true}]}}