{"id":14153,"date":"2023-11-14T16:11:21","date_gmt":"2023-11-14T15:11:21","guid":{"rendered":"https:\/\/www.asssa.es\/de\/?page_id=14153"},"modified":"2024-11-29T10:19:53","modified_gmt":"2024-11-29T09:19:53","slug":"ethik-kanal","status":"publish","type":"page","link":"https:\/\/www.asssa.es\/de\/ethik-kanal\/","title":{"rendered":"Ethik-Kanal"},"content":{"rendered":"<p>Willkommen beim Ethik-Kanal von AGRUPACI\u00d3N SANITARIA SEGUROS, S.A. Hier k\u00f6nnen Sie m\u00f6gliche Verst\u00f6\u00dfe im Arbeitsumfeld oder Verst\u00f6\u00dfe gegen interne Vorschriften melden. Bitte f\u00fcllen Sie das Formular aus, um Ihre Mitteilung einzureichen. Falls Sie anonym bleiben m\u00f6chten, markieren Sie einfach das entsprechende K\u00e4stchen. Wir empfehlen jedoch, Ihre Identit\u00e4t anzugeben, um eine bessere Kommunikation und einen effektiveren Schutz zu gew\u00e4hrleisten.<\/p>\n","protected":false},"excerpt":{"rendered":"<p>Willkommen beim Ethik-Kanal von AGRUPACI\u00d3N SANITARIA SEGUROS, S.A. Hier k\u00f6nnen Sie m\u00f6gliche Verst\u00f6\u00dfe im Arbeitsumfeld oder Verst\u00f6\u00dfe gegen interne Vorschriften melden. Bitte f\u00fcllen Sie das Formular aus, um Ihre Mitteilung einzureichen. Falls Sie anonym bleiben m\u00f6chten, markieren Sie einfach das entsprechende K\u00e4stchen. Wir empfehlen jedoch, Ihre Identit\u00e4t anzugeben, um eine bessere Kommunikation und einen effektiveren [&hellip;]<\/p>\n","protected":false},"author":16,"featured_media":0,"parent":0,"menu_order":0,"comment_status":"closed","ping_status":"closed","template":"tpl-etico.php","meta":{"_acf_changed":false,"footnotes":""},"class_list":["post-14153","page","type-page","status-publish","hentry"],"acf":[],"yoast_head":"<!-- This site is optimized with the Yoast SEO plugin v27.5 - https:\/\/yoast.com\/product\/yoast-seo-wordpress\/ -->\n<title>Ethik-Kanal - ASSSA Deutsch<\/title>\n<meta name=\"description\" content=\"Willkommen beim Ethik-Kanal von AGRUPACI\u00d3N SANITARIA SEGUROS, S.A., \u00fcber den Sie arbeitsrechtliche Verst\u00f6\u00dfe sowie Verst\u00f6\u00dfe gegen die internen Vorschriften melden k\u00f6nnen.\" \/>\n<meta name=\"robots\" content=\"index, follow, max-snippet:-1, max-image-preview:large, max-video-preview:-1\" \/>\n<link rel=\"canonical\" href=\"https:\/\/www.asssa.es\/de\/ethik-kanal\/\" \/>\n<meta property=\"og:locale\" content=\"de_DE\" \/>\n<meta property=\"og:type\" content=\"article\" \/>\n<meta property=\"og:title\" content=\"Ethik-Kanal - ASSSA Deutsch\" \/>\n<meta property=\"og:description\" content=\"Willkommen beim Ethik-Kanal von AGRUPACI\u00d3N SANITARIA SEGUROS, S.A., \u00fcber den Sie arbeitsrechtliche Verst\u00f6\u00dfe sowie Verst\u00f6\u00dfe gegen die internen Vorschriften melden k\u00f6nnen.\" \/>\n<meta property=\"og:url\" content=\"https:\/\/www.asssa.es\/de\/ethik-kanal\/\" \/>\n<meta property=\"og:site_name\" content=\"ASSSA Deutsch\" \/>\n<meta property=\"article:modified_time\" content=\"2024-11-29T09:19:53+00:00\" \/>\n<meta name=\"twitter:card\" content=\"summary_large_image\" \/>\n<script type=\"application\/ld+json\" class=\"yoast-schema-graph\">{\"@context\":\"https:\\\/\\\/schema.org\",\"@graph\":[{\"@type\":\"WebPage\",\"@id\":\"https:\\\/\\\/www.asssa.es\\\/de\\\/ethik-kanal\\\/\",\"url\":\"https:\\\/\\\/www.asssa.es\\\/de\\\/ethik-kanal\\\/\",\"name\":\"Ethik-Kanal - ASSSA Deutsch\",\"isPartOf\":{\"@id\":\"https:\\\/\\\/www.asssa.es\\\/de\\\/#website\"},\"datePublished\":\"2023-11-14T15:11:21+00:00\",\"dateModified\":\"2024-11-29T09:19:53+00:00\",\"description\":\"Willkommen beim Ethik-Kanal von AGRUPACI\u00d3N SANITARIA SEGUROS, S.A., \u00fcber den Sie arbeitsrechtliche Verst\u00f6\u00dfe sowie Verst\u00f6\u00dfe gegen die internen Vorschriften melden k\u00f6nnen.\",\"breadcrumb\":{\"@id\":\"https:\\\/\\\/www.asssa.es\\\/de\\\/ethik-kanal\\\/#breadcrumb\"},\"inLanguage\":\"de\",\"potentialAction\":[{\"@type\":\"ReadAction\",\"target\":[\"https:\\\/\\\/www.asssa.es\\\/de\\\/ethik-kanal\\\/\"]}]},{\"@type\":\"BreadcrumbList\",\"@id\":\"https:\\\/\\\/www.asssa.es\\\/de\\\/ethik-kanal\\\/#breadcrumb\",\"itemListElement\":[{\"@type\":\"ListItem\",\"position\":1,\"name\":\"Portada\",\"item\":\"https:\\\/\\\/www.asssa.es\\\/de\\\/\"},{\"@type\":\"ListItem\",\"position\":2,\"name\":\"Ethik-Kanal\"}]},{\"@type\":\"WebSite\",\"@id\":\"https:\\\/\\\/www.asssa.es\\\/de\\\/#website\",\"url\":\"https:\\\/\\\/www.asssa.es\\\/de\\\/\",\"name\":\"ASSSA Deutsch\",\"description\":\"\",\"potentialAction\":[{\"@type\":\"SearchAction\",\"target\":{\"@type\":\"EntryPoint\",\"urlTemplate\":\"https:\\\/\\\/www.asssa.es\\\/de\\\/?s={search_term_string}\"},\"query-input\":{\"@type\":\"PropertyValueSpecification\",\"valueRequired\":true,\"valueName\":\"search_term_string\"}}],\"inLanguage\":\"de\"}]}<\/script>\n<!-- \/ Yoast SEO plugin. -->","yoast_head_json":{"title":"Ethik-Kanal - ASSSA Deutsch","description":"Willkommen beim Ethik-Kanal von AGRUPACI\u00d3N SANITARIA SEGUROS, S.A., \u00fcber den Sie arbeitsrechtliche Verst\u00f6\u00dfe sowie Verst\u00f6\u00dfe gegen die internen Vorschriften melden k\u00f6nnen.","robots":{"index":"index","follow":"follow","max-snippet":"max-snippet:-1","max-image-preview":"max-image-preview:large","max-video-preview":"max-video-preview:-1"},"canonical":"https:\/\/www.asssa.es\/de\/ethik-kanal\/","og_locale":"de_DE","og_type":"article","og_title":"Ethik-Kanal - ASSSA Deutsch","og_description":"Willkommen beim Ethik-Kanal von AGRUPACI\u00d3N SANITARIA SEGUROS, S.A., \u00fcber den Sie arbeitsrechtliche Verst\u00f6\u00dfe sowie Verst\u00f6\u00dfe gegen die internen Vorschriften melden k\u00f6nnen.","og_url":"https:\/\/www.asssa.es\/de\/ethik-kanal\/","og_site_name":"ASSSA Deutsch","article_modified_time":"2024-11-29T09:19:53+00:00","twitter_card":"summary_large_image","schema":{"@context":"https:\/\/schema.org","@graph":[{"@type":"WebPage","@id":"https:\/\/www.asssa.es\/de\/ethik-kanal\/","url":"https:\/\/www.asssa.es\/de\/ethik-kanal\/","name":"Ethik-Kanal - ASSSA Deutsch","isPartOf":{"@id":"https:\/\/www.asssa.es\/de\/#website"},"datePublished":"2023-11-14T15:11:21+00:00","dateModified":"2024-11-29T09:19:53+00:00","description":"Willkommen beim Ethik-Kanal von AGRUPACI\u00d3N SANITARIA SEGUROS, S.A., \u00fcber den Sie arbeitsrechtliche Verst\u00f6\u00dfe sowie Verst\u00f6\u00dfe gegen die internen Vorschriften melden k\u00f6nnen.","breadcrumb":{"@id":"https:\/\/www.asssa.es\/de\/ethik-kanal\/#breadcrumb"},"inLanguage":"de","potentialAction":[{"@type":"ReadAction","target":["https:\/\/www.asssa.es\/de\/ethik-kanal\/"]}]},{"@type":"BreadcrumbList","@id":"https:\/\/www.asssa.es\/de\/ethik-kanal\/#breadcrumb","itemListElement":[{"@type":"ListItem","position":1,"name":"Portada","item":"https:\/\/www.asssa.es\/de\/"},{"@type":"ListItem","position":2,"name":"Ethik-Kanal"}]},{"@type":"WebSite","@id":"https:\/\/www.asssa.es\/de\/#website","url":"https:\/\/www.asssa.es\/de\/","name":"ASSSA Deutsch","description":"","potentialAction":[{"@type":"SearchAction","target":{"@type":"EntryPoint","urlTemplate":"https:\/\/www.asssa.es\/de\/?s={search_term_string}"},"query-input":{"@type":"PropertyValueSpecification","valueRequired":true,"valueName":"search_term_string"}}],"inLanguage":"de"}]}},"_links":{"self":[{"href":"https:\/\/www.asssa.es\/de\/wp-json\/wp\/v2\/pages\/14153","targetHints":{"allow":["GET"]}}],"collection":[{"href":"https:\/\/www.asssa.es\/de\/wp-json\/wp\/v2\/pages"}],"about":[{"href":"https:\/\/www.asssa.es\/de\/wp-json\/wp\/v2\/types\/page"}],"author":[{"embeddable":true,"href":"https:\/\/www.asssa.es\/de\/wp-json\/wp\/v2\/users\/16"}],"replies":[{"embeddable":true,"href":"https:\/\/www.asssa.es\/de\/wp-json\/wp\/v2\/comments?post=14153"}],"version-history":[{"count":2,"href":"https:\/\/www.asssa.es\/de\/wp-json\/wp\/v2\/pages\/14153\/revisions"}],"predecessor-version":[{"id":18243,"href":"https:\/\/www.asssa.es\/de\/wp-json\/wp\/v2\/pages\/14153\/revisions\/18243"}],"wp:attachment":[{"href":"https:\/\/www.asssa.es\/de\/wp-json\/wp\/v2\/media?parent=14153"}],"curies":[{"name":"wp","href":"https:\/\/api.w.org\/{rel}","templated":true}]}}