{"id":219,"date":"2019-03-22T11:57:29","date_gmt":"2019-03-22T10:57:29","guid":{"rendered":"https:\/\/www.asssa.es\/de\/?page_id=219"},"modified":"2026-04-22T16:50:26","modified_gmt":"2026-04-22T14:50:26","slug":"politica-de-cookies","status":"publish","type":"page","link":"https:\/\/www.asssa.es\/de\/politica-de-cookies\/","title":{"rendered":"Cookie-Politik"},"content":{"rendered":"<p>Die vorliegende Cookie-Politik ist ein Bestandteil der Allgemeinen Gesch\u00e4ftsbedingungen und der Datenschutzbestimmungen. Der Zugang und das Surfen auf der Webseite oder die Nutzung der darin angebotenen Dienstleistungen setzen die Annahme der Allgemeinen Gesch\u00e4ftsbedingungen (folglich auch der Datenschutzbestimmungen und der Cookie-Politik) voraus. Wir bitten Sie, diese aufmerksam durchzulesen.<\/p>\n<p>Wir bedanken uns f\u00fcr Ihren Besuch. Wir m\u00f6chten, dass Ihr Besuch auf unserer Webseite ein positives Erlebnis darstellt und aus diesem Grund haben wir auch diese Cookie-Politik so transparent wie m\u00f6glich verfasst.<\/p>\n<h2>Was ist ein Cookie?<\/h2>\n<p>Cookies sind Dateien, die kleine Mengen an Informationen enthalten und auf dem Ger\u00e4t des Benutzers heruntergeladen werden, wenn er eine Webseite besucht. Cookies dienen grunds\u00e4tzlich dazu, den Benutzer bei jedem Zugriff auf unsere Webseite zu erkennen. Dies hilft uns, die Qualit\u00e4t und Benutzerfreundlichkeit unserer Webseite zu verbessern.<\/p>\n<p>Cookies sind notwendig f\u00fcr das korrekte Funktionieren von Internet; sie k\u00f6nnen den Computer\/das Ger\u00e4t des Benutzers nicht besch\u00e4digen, und wenn sie in der Konfiguration Ihres Browsers aktiviert sind, tragen sie dazu bei, m\u00f6gliche Bedienungsfehler von www.asssa.es zu identifizieren und zu beheben.<\/p>\n<h2>Arten von Cookies<\/h2>\n<p>Es gibt verschiedene Arten von Cookies. Obwohl sie alle gleich funktionieren, gibt es unter ihnen kleine Unterschiede:<\/p>\n<ol>\n<li><u>Sitzungs-Cookies. <\/u>Sitzungs-Cookies sind nur f\u00fcr die Dauer Ihres Besuches g\u00fcltig. Nachdem Sie ihren Browser schlie\u00dfen, werden sie gel\u00f6scht. Sie dienen grunds\u00e4tzlich dazu, den Ger\u00e4tetyp zu identifizieren und die Sicherheit oder die grundlegenden Funktionen der Webseite zu unterst\u00fctzen. Sitzungs-Cookies enthalten keine pers\u00f6nlichen Informationen, wodurch wir eine Person identifizieren k\u00f6nnten.<\/li>\n<li><u>Dauerhafte oder permanente Cookies<\/u>: Sie werden auf der Festplatte des Ger\u00e4ts gespeichert und werden bei jedem neuen Besuch auf unserer Webseite gelesen; sie sind mit einem bestimmten Ablauf- oder Verlaufsdatum versehen, nach dem die Cookies nicht mehr funktionieren. Dauerhafte oder permanente Cookies erm\u00f6glichen es uns, Ihre Handlungen und Pr\u00e4ferenzen zu identifizieren, Besuche zu analysieren und festzustellen, wie der Benutzer auf unsere Seite gelangt, damit wir unsere Dienstleistungen verbessern k\u00f6nnen.<\/li>\n<li><u>Funktions-Cookies<\/u>: Sie erlauben es, sich Entscheidungen des Benutzers, wie den Benutzernamen oder seine Identifikation, zu merken. Die in diesen Cookies gesammelte Information ist anonym (d.h. sie enthalten weder Ihren Namen, noch Ihre Adresse oder andere Daten).<\/li>\n<li><u>Cookies von Dritten<\/u>: Cookies von Dritten sind jene, die von einer anderen Webseite als der von Ihnen besuchten installiert werden, beispielsweise von sozialen Netzwerken (z.B. Facebook) oder von externen Inhaltserweiterungen (z.B. Google Maps). Einige Werbeunternehmen verwenden zudem diese Art von Dateien, um Ihre Besuche auf jeder Webseite, auf der sie werben, zu verfolgen.<\/li>\n<li><u>Analytische Cookies<\/u>: Analytische Cookies dienen zur regelm\u00e4\u00dfigen Wartung und um dem Benutzer einen optimalen Betrieb und eine optimale Dienstleistung durch die Sammlung der Daten \u00fcber Ihre Aktivit\u00e4t zu gew\u00e4hrleisten.<\/li>\n<\/ol>\n<h2>Die Verwendung von Cookies durch ASSSA.<\/h2>\n<p>Durch den Zugriff auf www.asssa.es sind Sie verpflichtet, ausdr\u00fccklich Ihre Zustimmung zu erteilen, damit wir diese Art von Cookies in Ihren Ger\u00e4ten verwenden d\u00fcrfen. Wenn Sie die Cookies deaktivieren, ist es m\u00f6glich, dass Sie nicht optimal surfen k\u00f6nnen und einige Dienstprogramme nicht richtig funktionieren.<\/p>\n<p><b>a) Eigene Cookies<\/b><\/p>\n<p>Mit dem Ziel, Sie zu erkennen und Ihnen den besten Service anzubieten, verwendet unsere Webseite eigene Cookies (kleine Textdateien, die von Ihrem Browser gespeichert werden). Der Vorteil unsere Cookies zu akzeptieren, besteht darin, dass Sie dabei Zeit sparen. Eigene Cookies dienen ferner dazu, Sie bei zuk\u00fcnftigen Besuchen zu erkennen und so den Ihnen gezeigten Inhalt anzupassen, um Informationen \u00fcber das Datum und die Uhrzeit Ihres letzten Besuchs zu erhalten, einige Verkehrsparameter innerhalb der Webseite zu messen, die Anzahl der Besuche zu bewerten und die Dienstleistungen und Werbeaktionen gezielt und effektiver gestalten zu k\u00f6nnen.<\/p>\n<p>Kein Cookie erm\u00f6glicht es, sich mit Ihnen \u00fcber Ihre Telefonnummer, E-Mail-Adresse oder andere Kontaktmittel in Verbindung zu setzen. Kein Cookie kann Informationen von Ihrer Festplatte entnehmen oder pers\u00f6nliche Informationen stehlen.<\/p>\n<p>&nbsp;<\/p>\n<table width=\"699\" cellspacing=\"0\" cellpadding=\"2\">\n<colgroup>\n<col width=\"163\" \/>\n<col width=\"524\" \/> <\/colgroup>\n<tbody>\n<tr>\n<td colspan=\"2\" width=\"691\">\n<p class=\"western\" style=\"text-align: center;\" align=\"center\"><strong>ZWINGEND NOTWENDIGE COOKIES<\/strong><\/p>\n<\/td>\n<\/tr>\n<tr>\n<td width=\"163\">\n<p class=\"western\" style=\"text-align: center;\" align=\"center\"><strong>Name<\/strong><\/p>\n<\/td>\n<td width=\"524\">\n<p class=\"western\" style=\"text-align: center;\" align=\"center\">Zweck<\/p>\n<\/td>\n<\/tr>\n<tr>\n<td width=\"163\">\n<p class=\"western\" style=\"text-align: left;\" align=\"center\"><strong style=\"text-transform: uppercase;\">SSESSae30990f757b283dbf66795f4e8266ad<\/strong><\/p>\n<\/td>\n<td valign=\"top\" width=\"524\">\n<p class=\"western\" style=\"text-align: left;\" align=\"center\">Halten Sie die Benutzersitzung aktiv, w\u00e4hrend Sie auf der Website surfen.<\/p>\n<\/td>\n<\/tr>\n<tr>\n<td width=\"163\">\n<p class=\"western\" style=\"text-align: left;\" align=\"center\"><strong style=\"text-transform: uppercase;\">accept-cookies<\/strong><\/p>\n<\/td>\n<td valign=\"top\" width=\"524\">\n<p class=\"western\" style=\"text-align: left;\" align=\"center\">\u00dcber Cookies-Politik informieren<\/p>\n<\/td>\n<\/tr>\n<tr>\n<td width=\"163\">\n<p class=\"western\" style=\"text-align: left;\" align=\"center\"><strong style=\"text-transform: uppercase;\">club-accept-cookies<\/strong><\/p>\n<\/td>\n<td valign=\"top\" width=\"524\">\n<p class=\"western\" style=\"text-align: left;\" align=\"center\">\u00dcber Cookies-Politik informieren<\/p>\n<\/td>\n<\/tr>\n<tr>\n<td width=\"163\">\n<p class=\"western\" style=\"text-align: left;\" align=\"center\"><strong style=\"text-transform: uppercase;\">asssa-lang<\/strong><\/p>\n<\/td>\n<td valign=\"top\" width=\"524\">\n<p class=\"western\" style=\"text-align: left;\" align=\"center\">Stellt die Sprache der Website ein.<\/p>\n<\/td>\n<\/tr>\n<tr>\n<td width=\"163\">\n<p class=\"western\" style=\"text-align: left;\" align=\"center\"><strong style=\"text-transform: uppercase;\">club-asssa-lang<\/strong><\/p>\n<\/td>\n<td valign=\"top\" width=\"524\">\n<p class=\"western\" style=\"text-align: left;\" align=\"center\">Stellt die Sprache der Website ein.<\/p>\n<\/td>\n<\/tr>\n<tr>\n<td width=\"163\">\n<p class=\"western\" style=\"text-align: left;\" align=\"center\"><strong style=\"text-transform: uppercase;\">laravel_session<br \/>\n<\/strong><\/p>\n<\/td>\n<td valign=\"top\" width=\"524\">\n<p class=\"western\" style=\"text-align: left;\" align=\"center\">Erm\u00f6glicht die Verwaltung des Zugriffs des registrierten Benutzers auf das Kundenportal. Ein weiteres Cookie mit einem zuf\u00e4lligen Namen kann f\u00fcr dieselben Zwecke generiert werden.<\/p>\n<\/td>\n<\/tr>\n<tr>\n<td width=\"163\">\n<p class=\"western\" style=\"text-align: left;\" align=\"center\"><strong style=\"text-transform: uppercase;\">XSRF-TOKEN<\/strong><\/p>\n<\/td>\n<td valign=\"top\" width=\"524\">\n<p class=\"western\" style=\"text-align: left;\" align=\"center\">Sicherheitskontrolle der Formular\u00fcbermittlung<\/p>\n<\/td>\n<\/tr>\n<tr>\n<td width=\"163\">\n<p class=\"western\" style=\"text-align: left;\" align=\"center\"><strong style=\"text-transform: uppercase;\">PHPSESSID<\/strong><\/p>\n<\/td>\n<td valign=\"top\" width=\"524\">\n<p class=\"western\" style=\"text-align: left;\" align=\"center\">Die Benutzersitzung w\u00e4hrend der Navigation auf der Website aktiv halten.<\/p>\n<\/td>\n<\/tr>\n<\/tbody>\n<\/table>\n<p>&nbsp;<\/p>\n<p><b>b) Cookies von Analytics<\/b><\/p>\n<p>Diese Webseite benutzt den Service von Google Analytics, der von Google, Inc. mit Sitz in 1600 Amphitheatre Parkway, Mountain View (Kalifornien), CA 94043, USA (\u201eGoogle\u201c) bereitgestellt wird.<\/p>\n<p>Google Analytics verwendet Cookies, um die Nutzung der Webseite zu analysieren. Die von einem Cookie erzeugte Information \u00fcber Ihre Nutzung der Webseite (inklusive Ihrer IP-Adresse) wird von Google direkt in seinen Internetservern in den USA \u00fcbertragen und erfasst. Google wird diese Informationen benutzen, um Ihre Nutzung der Webseite zu verfolgen, Berichte \u00fcber die Aktivit\u00e4ten auf der Webseite zusammenzustellen und weitere mit der Nutzung der Webseite und mit Internet verbundene Dienstleistungen zu erbringen. Google ist erm\u00e4chtigt, diese Informationen an Dritte zu \u00fcbertragen, sofern dies gesetzlich vorgeschrieben ist oder soweit Dritte diese Daten im Auftrag von Google verarbeiten. Google wird Ihre IP-Adresse nicht mit anderen Daten von Google verbinden.<\/p>\n<p>Wenn Sie m\u00f6chten, k\u00f6nnen Sie die Bearbeitung besagter Daten oder Informationen ablehnen, und zwar durch die Ablehnung der Cookies-Nutzung bei der Konfiguration Ihres Browsers. Wenn Sie dies jedoch tun, k\u00f6nnen Sie m\u00f6glicherweise nicht die volle Funktionalit\u00e4t dieser Webseite nutzen. Durch die Nutzung dieser Webseite willigen Sie der Bearbeitung der \u00fcber Sie erhobenen Daten durch Google in der zuvor beschriebenen Art und zu dem zuvor benannten Zweck ein.<\/p>\n<p>Ebenso werden Dienste von Facebook mit denselben Zwecken und Mechanismen integriert, bereitgestellt von Meta Platforms, Inc., mit der Anschrift: 1601 Willow Road, Menlo Park, CA 94025, Vereinigte Staaten.<\/p>\n<p>&nbsp;<\/p>\n<table width=\"699\" cellspacing=\"0\" cellpadding=\"2\">\n<colgroup>\n<col width=\"163\" \/>\n<col width=\"524\" \/> <\/colgroup>\n<tbody>\n<tr>\n<td colspan=\"2\" width=\"691\">\n<p class=\"western\" align=\"center\"><strong>ANALYTISCHE COOKIES<\/strong><\/p>\n<\/td>\n<\/tr>\n<\/tbody>\n<tbody>\n<tr>\n<td width=\"163\">\n<p class=\"western\" align=\"center\"><strong>Name<\/strong><\/p>\n<\/td>\n<td width=\"524\">\n<p class=\"western\" align=\"center\">Zweck<\/p>\n<\/td>\n<\/tr>\n<\/tbody>\n<tbody>\n<tr>\n<td width=\"163\">\n<p class=\"western\"><strong style=\"text-transform: uppercase;\">_GRECAPTCHA<br \/>\n<\/strong><\/p>\n<\/td>\n<td valign=\"top\" width=\"524\">\n<p class=\"western\">Google reCAPTCHA. Dieses Cookie wird bei Bedarf gesetzt, um die Risikoanalyse durchzuf\u00fchren.<\/p>\n<\/td>\n<\/tr>\n<tr>\n<td width=\"163\">\n<p class=\"western\"><strong style=\"text-transform: uppercase;\">_GA<\/strong><\/p>\n<\/td>\n<td valign=\"top\" width=\"524\">\n<p class=\"western\">Google Analitycs. Wird zur Unterscheidung der Benutzer verwendet.<\/p>\n<\/td>\n<\/tr>\n<tr>\n<td width=\"163\">\n<p class=\"western\"><strong style=\"text-transform: uppercase;\">_ga_21L0HZPDJB<\/strong><\/p>\n<\/td>\n<td valign=\"top\" width=\"524\">\n<p class=\"western\">Google Analitycs. Wird zur Unterscheidung der Benutzer verwendet.<\/p>\n<\/td>\n<\/tr>\n<tr>\n<td width=\"163\">\n<p class=\"western\"><strong style=\"text-transform: uppercase;\">IDE<\/strong><\/p>\n<\/td>\n<td valign=\"top\" width=\"524\">\n<p class=\"western\">Google Adsense: Die Verwendung des Doppel-Click-Cookies erm\u00f6glicht es Google und seinen Partnern, Anzeigen auf der Grundlage der Besuche von Nutzern auf ihren Websites oder anderen Websites im Internet zu schalten.<\/p>\n<\/td>\n<\/tr>\n<tr>\n<td width=\"163\">\n<p class=\"western\"><strong style=\"text-transform: uppercase;\">_gcl_au<\/strong><\/p>\n<\/td>\n<td valign=\"top\" width=\"524\">\n<p class=\"western\">Google AdSense.\u00a0Wird verwendet, um die Effizienz der Werbung auf Websites, die diese Dienste nutzen, zu testen. Dies ist das Erstanbieter-Cookie f\u00fcr die &#8222;Conversion Linker-Funktionalit\u00e4t&#8220;: Es nimmt Informationen \u00fcber Anzeigenklicks auf und speichert sie in einem Erstanbieter-Cookie, damit Konversionen au\u00dferhalb der Landing Page zugeordnet werden k\u00f6nnen.<\/p>\n<\/td>\n<\/tr>\n<tr>\n<td width=\"163\">\n<p class=\"western\"><strong style=\"text-transform: uppercase;\">_fbp<\/strong><\/p>\n<\/td>\n<td valign=\"top\" width=\"524\">\n<p class=\"western\">Facebook. Wird von Facebook verwendet, um eine Reihe von Werbeprodukten zu liefern, wie z. B. Echtzeitangebote von Drittanbietern.<\/p>\n<\/td>\n<\/tr>\n<\/tbody>\n<\/table>\n<h2><\/h2>\n<h4>c)<b> Drittanbieter-Cookies<\/b><\/h4>\n<p>Drittanbieter-Cookies sind Cookies, die auf Ihrem Ger\u00e4t von einer anderen Website installiert werden als der, die Sie derzeit besuchen.<\/p>\n<p>In unserer Cookie-Richtlinie verpflichten wir uns, Sie \u00fcber die von uns verwendeten Drittanbieter-Cookies auf unserer Website zu informieren und Ihnen Optionen zur Kontrolle ihrer Verwendung bereitzustellen. Wir halten es f\u00fcr wichtig, Ihre Online-Privatsph\u00e4re zu sch\u00fctzen, und bem\u00fchen uns um Transparenz hinsichtlich der Verwendung von Cookies auf unserer Website.<\/p>\n<table width=\"699\" cellspacing=\"0\" cellpadding=\"2\">\n<colgroup>\n<col width=\"163\" \/>\n<col width=\"524\" \/> <\/colgroup>\n<tbody>\n<tr>\n<td colspan=\"2\" width=\"691\">\n<p align=\"center\"><strong>DRITTANBIETER-COOKIES<\/strong><\/p>\n<\/td>\n<\/tr>\n<tr>\n<td width=\"163\">\n<p align=\"center\"><strong>Name<\/strong><\/p>\n<\/td>\n<td width=\"524\">\n<p align=\"center\">Zweck<\/p>\n<\/td>\n<\/tr>\n<tr>\n<td width=\"163\"><strong style=\"text-transform: uppercase;\">connect.sid<\/strong><\/td>\n<td valign=\"top\" width=\"524\">Used by PRODAT for certification.<\/td>\n<\/tr>\n<\/tbody>\n<\/table>\n<h2>Benutzereinstellungen zur Vermeidung von Cookies.<\/h2>\n<p>ASSSA &#8211; AGRUPACI\u00d3N SANITARIA SEGUROS, S.A. stellt Ihnen in \u00dcbereinstimmung mit der geltenden Gesetzgebung die Informationen zur Verf\u00fcgung, die es Ihnen erm\u00f6glicht, Ihren Browser\/Internetbrowser so zu konfigurieren, dass Ihre Privatsph\u00e4re und Sicherheit in Bezug auf Cookies gewahrt bleibt. Deshalb stellen wir Ihnen Informationen und Links von Webseiten \u00fcber die wichtigsten Browser zur Verf\u00fcgung, damit Sie selbst \u00fcber die Nutzung oder Nicht-Nutzung von Cookies entscheiden k\u00f6nnen.<\/p>\n<p>Auf diese Weise k\u00f6nnen Sie Cookies \u00fcber die Einstellwerkzeuge des Browsers blockieren oder Ihren Browser so konfigurieren, dass er Sie warnt, wenn ein Server ein Cookie speichern will:<\/p>\n<ul>\n<li>Wenn Sie Firefox verwenden, w\u00e4hlen Sie im Men\u00fc Extras &gt; Optionen &gt; Datenschutz &gt; Cookies. Wenn Sie mehr dar\u00fcber wissen m\u00f6chten, besuchen Sie <a href=\"https:\/\/support.mozilla.org\/de\/products\/firefox\/privacy-and-security\">support.mozilla.org<\/a>.<\/li>\n<li>Wenn Sie Chrome verwenden, im Abschnitt Optionen &gt; Erweitert &gt; Datenschutz. Wenn Sie mehr dar\u00fcber wissen m\u00f6chten, besuchen Sie <a href=\"https:\/\/support.google.com\/chrome\/answer\/95647?hl=de\">support.google.com<\/a>.<\/li>\n<li>Wenn Sie den Microsoft Edge Einstellungen\u00a0\u00a0&gt;\u00a0Datenschutz, Suche und Dienste aus. Wenn Sie mehr dar\u00fcber wissen m\u00f6chten, besuchen Sie <a href=\"https:\/\/support.microsoft.com\/de-de\/microsoft-edge\/cookies-in-microsoft-edge-l%C3%B6schen-63947406-40ac-c3b8-57b9-2a946a29ae09\">support.microsoft.com<\/a><\/li>\n<li>Wenn Sie den Microsoft Internet Explorer benutzen, w\u00e4hlen Sie unter dem Men\u00fcpunkt Extras &gt; Internetoptionen &gt; Datenschutz &gt; Einstellungen. Wenn Sie mehr dar\u00fcber wissen m\u00f6chten, besuchen Sie <a href=\"https:\/\/support.microsoft.com\/de-de\/windows\/l%C3%B6schen-und-verwalten-von-cookies-168dab11-0753-043d-7c16-ede5947fc64d\">L\u00f6schen und Verwalten von Cookies<\/a> und\u00a0<a href=\"https:\/\/support.microsoft.com\/de-de\/topic\/l%C3%B6schen-von-cookiedateien-in-internet-explorer-bca9446f-d873-78de-77ba-d42645fa52fc\">L\u00f6schen von Cookiedateien in Internet Explorer<\/a>.<\/li>\n<li>Wenn Sie den Safari W\u00e4hle in der App \u201eSafari\u201c auf dem Mac \u201eSafari\u201c &gt; \u201eEinstellungen\u201c und klicke auf \u201eDatenschutz\u201c. Wenn Sie mehr dar\u00fcber wissen m\u00f6chten, besuchen Sie <a href=\"https:\/\/support.apple.com\/de-de\/guide\/safari\/sfri11471\/mac\">support.apple.com<\/a>.<\/li>\n<\/ul>\n","protected":false},"excerpt":{"rendered":"<p>Die vorliegende Cookie-Politik ist ein Bestandteil der Allgemeinen Gesch\u00e4ftsbedingungen und der Datenschutzbestimmungen. Der Zugang und das Surfen auf der Webseite oder die Nutzung der darin angebotenen Dienstleistungen setzen die Annahme der Allgemeinen Gesch\u00e4ftsbedingungen (folglich auch der Datenschutzbestimmungen und der Cookie-Politik) voraus. Wir bitten Sie, diese aufmerksam durchzulesen. Wir bedanken uns f\u00fcr Ihren Besuch. Wir m\u00f6chten, [&hellip;]<\/p>\n","protected":false},"author":20,"featured_media":0,"parent":0,"menu_order":0,"comment_status":"closed","ping_status":"closed","template":"tpl-estatica.php","meta":{"_acf_changed":false,"footnotes":""},"class_list":["post-219","page","type-page","status-publish","hentry"],"acf":[],"yoast_head":"<!-- This site is optimized with the Yoast SEO plugin v27.5 - https:\/\/yoast.com\/product\/yoast-seo-wordpress\/ -->\n<title>Cookie-Politik - ASSSA Deutsch<\/title>\n<meta name=\"robots\" content=\"index, follow, max-snippet:-1, max-image-preview:large, max-video-preview:-1\" \/>\n<link rel=\"canonical\" href=\"https:\/\/www.asssa.es\/de\/politica-de-cookies\/\" \/>\n<meta property=\"og:locale\" content=\"de_DE\" \/>\n<meta property=\"og:type\" content=\"article\" \/>\n<meta property=\"og:title\" content=\"Cookie-Politik - ASSSA Deutsch\" \/>\n<meta property=\"og:description\" content=\"Die vorliegende Cookie-Politik ist ein Bestandteil der Allgemeinen Gesch\u00e4ftsbedingungen und der Datenschutzbestimmungen. Der Zugang und das Surfen auf der Webseite oder die Nutzung der darin angebotenen Dienstleistungen setzen die Annahme der Allgemeinen Gesch\u00e4ftsbedingungen (folglich auch der Datenschutzbestimmungen und der Cookie-Politik) voraus. Wir bitten Sie, diese aufmerksam durchzulesen. Wir bedanken uns f\u00fcr Ihren Besuch. Wir m\u00f6chten, [&hellip;]\" \/>\n<meta property=\"og:url\" content=\"https:\/\/www.asssa.es\/de\/politica-de-cookies\/\" \/>\n<meta property=\"og:site_name\" content=\"ASSSA Deutsch\" \/>\n<meta property=\"article:modified_time\" content=\"2026-04-22T14:50:26+00:00\" \/>\n<meta name=\"twitter:card\" content=\"summary_large_image\" \/>\n<meta name=\"twitter:label1\" content=\"Gesch\u00e4tzte Lesezeit\" \/>\n\t<meta name=\"twitter:data1\" content=\"8\u00a0Minuten\" \/>\n<script type=\"application\/ld+json\" class=\"yoast-schema-graph\">{\"@context\":\"https:\\\/\\\/schema.org\",\"@graph\":[{\"@type\":\"WebPage\",\"@id\":\"https:\\\/\\\/www.asssa.es\\\/de\\\/politica-de-cookies\\\/\",\"url\":\"https:\\\/\\\/www.asssa.es\\\/de\\\/politica-de-cookies\\\/\",\"name\":\"Cookie-Politik - ASSSA Deutsch\",\"isPartOf\":{\"@id\":\"https:\\\/\\\/www.asssa.es\\\/de\\\/#website\"},\"datePublished\":\"2019-03-22T10:57:29+00:00\",\"dateModified\":\"2026-04-22T14:50:26+00:00\",\"breadcrumb\":{\"@id\":\"https:\\\/\\\/www.asssa.es\\\/de\\\/politica-de-cookies\\\/#breadcrumb\"},\"inLanguage\":\"de\",\"potentialAction\":[{\"@type\":\"ReadAction\",\"target\":[\"https:\\\/\\\/www.asssa.es\\\/de\\\/politica-de-cookies\\\/\"]}]},{\"@type\":\"BreadcrumbList\",\"@id\":\"https:\\\/\\\/www.asssa.es\\\/de\\\/politica-de-cookies\\\/#breadcrumb\",\"itemListElement\":[{\"@type\":\"ListItem\",\"position\":1,\"name\":\"Portada\",\"item\":\"https:\\\/\\\/www.asssa.es\\\/de\\\/\"},{\"@type\":\"ListItem\",\"position\":2,\"name\":\"Cookie-Politik\"}]},{\"@type\":\"WebSite\",\"@id\":\"https:\\\/\\\/www.asssa.es\\\/de\\\/#website\",\"url\":\"https:\\\/\\\/www.asssa.es\\\/de\\\/\",\"name\":\"ASSSA Deutsch\",\"description\":\"\",\"potentialAction\":[{\"@type\":\"SearchAction\",\"target\":{\"@type\":\"EntryPoint\",\"urlTemplate\":\"https:\\\/\\\/www.asssa.es\\\/de\\\/?s={search_term_string}\"},\"query-input\":{\"@type\":\"PropertyValueSpecification\",\"valueRequired\":true,\"valueName\":\"search_term_string\"}}],\"inLanguage\":\"de\"}]}<\/script>\n<!-- \/ Yoast SEO plugin. -->","yoast_head_json":{"title":"Cookie-Politik - ASSSA Deutsch","robots":{"index":"index","follow":"follow","max-snippet":"max-snippet:-1","max-image-preview":"max-image-preview:large","max-video-preview":"max-video-preview:-1"},"canonical":"https:\/\/www.asssa.es\/de\/politica-de-cookies\/","og_locale":"de_DE","og_type":"article","og_title":"Cookie-Politik - ASSSA Deutsch","og_description":"Die vorliegende Cookie-Politik ist ein Bestandteil der Allgemeinen Gesch\u00e4ftsbedingungen und der Datenschutzbestimmungen. Der Zugang und das Surfen auf der Webseite oder die Nutzung der darin angebotenen Dienstleistungen setzen die Annahme der Allgemeinen Gesch\u00e4ftsbedingungen (folglich auch der Datenschutzbestimmungen und der Cookie-Politik) voraus. Wir bitten Sie, diese aufmerksam durchzulesen. Wir bedanken uns f\u00fcr Ihren Besuch. Wir m\u00f6chten, [&hellip;]","og_url":"https:\/\/www.asssa.es\/de\/politica-de-cookies\/","og_site_name":"ASSSA Deutsch","article_modified_time":"2026-04-22T14:50:26+00:00","twitter_card":"summary_large_image","twitter_misc":{"Gesch\u00e4tzte Lesezeit":"8\u00a0Minuten"},"schema":{"@context":"https:\/\/schema.org","@graph":[{"@type":"WebPage","@id":"https:\/\/www.asssa.es\/de\/politica-de-cookies\/","url":"https:\/\/www.asssa.es\/de\/politica-de-cookies\/","name":"Cookie-Politik - ASSSA Deutsch","isPartOf":{"@id":"https:\/\/www.asssa.es\/de\/#website"},"datePublished":"2019-03-22T10:57:29+00:00","dateModified":"2026-04-22T14:50:26+00:00","breadcrumb":{"@id":"https:\/\/www.asssa.es\/de\/politica-de-cookies\/#breadcrumb"},"inLanguage":"de","potentialAction":[{"@type":"ReadAction","target":["https:\/\/www.asssa.es\/de\/politica-de-cookies\/"]}]},{"@type":"BreadcrumbList","@id":"https:\/\/www.asssa.es\/de\/politica-de-cookies\/#breadcrumb","itemListElement":[{"@type":"ListItem","position":1,"name":"Portada","item":"https:\/\/www.asssa.es\/de\/"},{"@type":"ListItem","position":2,"name":"Cookie-Politik"}]},{"@type":"WebSite","@id":"https:\/\/www.asssa.es\/de\/#website","url":"https:\/\/www.asssa.es\/de\/","name":"ASSSA Deutsch","description":"","potentialAction":[{"@type":"SearchAction","target":{"@type":"EntryPoint","urlTemplate":"https:\/\/www.asssa.es\/de\/?s={search_term_string}"},"query-input":{"@type":"PropertyValueSpecification","valueRequired":true,"valueName":"search_term_string"}}],"inLanguage":"de"}]}},"_links":{"self":[{"href":"https:\/\/www.asssa.es\/de\/wp-json\/wp\/v2\/pages\/219","targetHints":{"allow":["GET"]}}],"collection":[{"href":"https:\/\/www.asssa.es\/de\/wp-json\/wp\/v2\/pages"}],"about":[{"href":"https:\/\/www.asssa.es\/de\/wp-json\/wp\/v2\/types\/page"}],"author":[{"embeddable":true,"href":"https:\/\/www.asssa.es\/de\/wp-json\/wp\/v2\/users\/20"}],"replies":[{"embeddable":true,"href":"https:\/\/www.asssa.es\/de\/wp-json\/wp\/v2\/comments?post=219"}],"version-history":[{"count":23,"href":"https:\/\/www.asssa.es\/de\/wp-json\/wp\/v2\/pages\/219\/revisions"}],"predecessor-version":[{"id":24238,"href":"https:\/\/www.asssa.es\/de\/wp-json\/wp\/v2\/pages\/219\/revisions\/24238"}],"wp:attachment":[{"href":"https:\/\/www.asssa.es\/de\/wp-json\/wp\/v2\/media?parent=219"}],"curies":[{"name":"wp","href":"https:\/\/api.w.org\/{rel}","templated":true}]}}