{"id":3,"date":"2019-03-11T09:44:37","date_gmt":"2019-03-11T09:44:37","guid":{"rendered":"https:\/\/www.asssa.es\/?page_id=3"},"modified":"2025-02-27T08:27:32","modified_gmt":"2025-02-27T07:27:32","slug":"politica-de-privacidad","status":"publish","type":"page","link":"https:\/\/www.asssa.es\/de\/politica-de-privacidad\/","title":{"rendered":"Datenschutzbestimmungen"},"content":{"rendered":"\r\n<p>Der Datenschutz ist Teil der Allgemeinen Bedingungen und Grundlage unserer Webseite.<\/p>\r\n<h2 class=\"wp-block-heading\">Wer ist verantwortlich f\u00fcr Ihre Daten auf der Webseite?<\/h2>\r\n<p><strong>AGRUPACI\u00d3N SANITARIA SEGUROS S.A., <\/strong><br \/>Tax ID No: A 28005312.<br \/>Adresse: Avda. Alfonso X El Sabio, 14, entlo.<br \/>Telefon: 965 200 106<br \/>03004 Alicante<br \/>e-mail: <a href=\"mailto:info@asssa.es\"><u>info@asssa.es<\/u><\/a><\/p>\r\n<p>Sie k\u00f6nnen ASSSA \u00fcber E-mail, Telefon oder per Post unter der oben genannten Adresse kontaktieren. Wenn Sie mit unserem Leiter der Datenschutzabteilung in Kontakt treten m\u00f6chten, k\u00f6nnen Sie dies unter E-mail dpo@asssa.es oder per Post an die oben genannte Adresse, zu H\u00e4nden von \u201cDelegado de Protecci\u00f3n de Datos\u201d tun.<\/p>\r\n<p>Wir behalten uns jederzeit das Recht vor, die aktuellen Datenschutzbestimmungen abzu\u00e4ndern oder anzupassen. Wir empfehlen daher den Registrierten, wenn sie auf Ihr Konto oder Profil klicken, sich \u00fcber eventuelle \u00c4nderungen, die wir bekannt geben, zu informieren.<\/p>\r\n<p>Wenn Sie zu einer der folgenden Gruppe geh\u00f6ren, informieren Sie sich bitte wie folgt:<\/p>\r\n<h2>KONTAKTE \u00dcBER WEBSEITE ODER E-MAIL KONTAKTE<\/h2>\r\n<h3>Welche Daten erhalten wir \u00fcber die Webseite?<\/h3>\r\n<p>Wir erkennen Ihre IP, welches System und welchen Browser Sie benutzen, auch wie lange Sie verweilen, alles allerdings anonym.<\/p>\r\n<p>Wenn Sie uns Ihre Daten geben, in dem Sie das Kontaktformular ausf\u00fcllen, k\u00f6nnen wir Sie, wenn gew\u00fcnscht, kontaktieren.<\/p>\r\n<h3>Zu welchem Zweck verwalten wir Ihre pers\u00f6nlichen Daten?<\/h3>\r\n<ul>\r\n<li>Um auf Fragen, Antr\u00e4ge oder Kommentare zu antworten.<\/li>\r\n<li>Die Versicherung mit dem Tarifenrechner berechnen.<\/li>\r\n<li>Einen Kostenvoranschlag per E-Mail zu \u00fcbermitteln.<\/li>\r\n<li>Um Ihre Anfrage zu bearbeiten, zu antworten oder den beantragten Service durchzuf\u00fchren.<\/li>\r\n<li>Um angefragte Informationen und Angebote per E-mail zu schicken.<\/li>\r\n<li>Um kommerzielle Informationen und Benachrichtigungen \u00fcber Veranstaltungen, bei ausdr\u00fccklicher Erlaubnis Ihrerseits, weiterzuleiten.<\/li>\r\n<li>Um zu analysieren und unsere Webseite zu verbessern mit dem Ziel, unsere Produkte und Serviceleistungen durch verbesserte Werbestrategien zu optimieren.<\/li>\r\n<\/ul>\r\n<h3>Welche rechtliche Grundlage hat die Verarbeitung der pers\u00f6nlichen Daten?<\/h3>\r\n<p>Das Einverst\u00e4ndnis der interessierten Person: In den F\u00e4llen, in dem ein Kontaktformular ausgef\u00fcllt wird, wird das Einverst\u00e4ndnis ab dem Moment \u201cKlick\u201d auf dem Knopf \u201cschicken\u201d ausdr\u00fccklich angenommen, da bei dem Abschicken des Kontaktformulars ausdr\u00fccklich das Einverst\u00e4ndnis und die Akzeptanz der Datenschutzbestimmungen durch die beigef\u00fcgte Klausel zum Formular gegeben wurde.<\/p>\r\n<p>All unsere Felder, die notwendigerweise ausgef\u00fcllt werden m\u00fcssen, verf\u00fcgen \u00fcber das Symbol *. Wenn Sie diese Felder nicht ausf\u00fcllen, kann die angefragte Information nicht geschickt werden.<\/p>\r\n<h2>NEWSLETTER KONTAKTE<\/h2>\r\n<h3>Welche Daten erhalten wir \u00fcber den Newsletter?<\/h3>\r\n<p>Auf unserer Webseite kann man sich f\u00fcr den Newsletter einschreiben, wenn eine E-mail Adresse angegeben wird, zu der wir den Newsletter schicken k\u00f6nnen.<\/p>\r\n<p>Wir speichern nur Ihre E-mail Adresse in unserer Datenbank und schicken Ihnen periodisch den Newsletter, solange Sie ihn nicht k\u00fcndigen.<\/p>\r\n<p>Sie k\u00f6nnen jederzeit den Newsletterbezug widerrufen.<\/p>\r\n<ul>\r\n<li>Zust\u00e4ndig f\u00fcr die Datenbearbeitung: AGRUPACI\u00d3N SANITARIA SEGUROS S.A., contacto: <a href=\"mailto:info@asssa.es\">info@asssa.es<\/a>.<\/li>\r\n<li>Zweck: Zusendung des Newsletter.<\/li>\r\n<li>Legitimierung: Zustimmung des Interessenten.<\/li>\r\n<li>Empf\u00e4nger: Ihre Daten werden nicht an Dritte weitergegeben, es sei denn, dies ist gesetzlich vorgeschrieben.<\/li>\r\n<li>Aufbewahrungsfrist: Die Daten des Interessenten werden behandelt, soweit gegenseitiges Interesse besteht. Der Interessent kann seine Einwilligung jederzeit widerrufen und seine Daten werden gel\u00f6scht.<\/li>\r\n<li>Rechte: Sie k\u00f6nnen Ihr Recht auf Zugang, Berichtigung, L\u00f6schung, Einschr\u00e4nkung der Behandlung sowie andere Berechtigungen, wie in den Datenschutzbestimmungen erl\u00e4utert, aus\u00fcben.<\/li>\r\n<li>Zus\u00e4tzliche Informationen: Weitere und detaillierte Informationen zum Datenschutz finden Sie in unserer Datenschutzerkl\u00e4rung.<\/li>\r\n<\/ul>\r\n<h3>Zu welchem Zweck verwalten wir Ihre pers\u00f6nlichen Daten?<\/h3>\r\n<ul>\r\n<li>Um Ihre Anfrage zu bearbeiten und den beantragten Service durchzuf\u00fchren.<\/li>\r\n<li>Um angefragte Informationen und Angebote per E-mail zu schicken.<\/li>\r\n<li>Um kommerzielle Informationen und Benachrichtigungen \u00fcber Veranstaltungen, bei ausdr\u00fccklicher Erlaubnis Ihrerseits, weiterzuleiten.<\/li>\r\n<li>Um zu analysieren und unser Webseite zu verbessern mit dem Ziel, unsere Produkte und Serviceleistungen durch verbesserte Werbestrategien zu optimieren.<\/li>\r\n<\/ul>\r\n<h3>Welche rechtliche Grundlage hat die Verarbeitung der pers\u00f6nlichen Daten?<\/h3>\r\n<p>Das Einverst\u00e4ndnis der interessierten Person: In den F\u00e4llen, in dem der Newsletter beantragt wird, wird das Einverst\u00e4ndnis ab dem Moment \u201cKlick\u201d in einer Checkbox und \u201cKlick\u201d auf dem Knopf \u201cschicken\u201d ausdr\u00fccklich angenommen, da bei dem Abschicken des Newsletterformulars ausdr\u00fccklich das Einverst\u00e4ndnis und die Akzeptanz zum Erhalt des Newsletters gegeben wurde.<br \/>Wenn Sie die Checkbox nicht anklicken, kann der angefragte Newsletter nicht geschickt werden.<\/p>\r\n<h2>KUNDEN<\/h2>\r\n<h3>Zu welchem Zweck verwalten wir Ihre pers\u00f6nlichen Daten?<\/h3>\r\n<ul>\r\n<li>Erstellung eines Angebots und beidseitige Kommunikation.<\/li>\r\n<li>Um angefragte Informationen und Angebote per E-mail zu schicken<\/li>\r\n<li>Um kommerzielle Informationen und Benachrichtigungen \u00fcber Veranstaltungen, bei ausdr\u00fccklicher Erlaubnis Ihrerseits, weiterzuleiten.<\/li>\r\n<li>Administrative Bearbeitungen, Kommunikationen und Logistik der verantwortlichen Person.<\/li>\r\n<li>Rechnungserstellung und damit verbundene Steuererkl\u00e4rungen.<\/li>\r\n<li>\u00dcberweisungen t\u00e4tigen<\/li>\r\n<li>Kontrolle und Inkasso<\/li>\r\n<\/ul>\r\n<h2>QUALIT\u00c4TSKONTROLLE<\/h2>\r\n<h3>Zu welchem Zweck verwalten wir Ihre pers\u00f6nlichen Daten?<\/h3>\r\n<ul>\r\n<li>Qualit\u00e4tskontrolle der Serviceleistungen.<\/li>\r\n<li>Verbesserungen der Serviceleistungen im Einklang mit ISO<\/li>\r\n<\/ul>\r\n<h3>Welche rechtliche Grundlage hat die Verarbeitung der pers\u00f6nlichen Daten?<\/h3>\r\n<p>Das ausdr\u00fcckliche Einverst\u00e4ndnis des Befragten.<\/p>\r\n<h2>ANBIETER<\/h2>\r\n<h3>Zu welchem Zweck verwalten wir Ihre pers\u00f6nlichen Daten?<\/h3>\r\n<ul>\r\n<li>Um angefragte Informationen und Angebote per E-mail zu schicken.<\/li>\r\n<li>Um kommerzielle Informationen und Benachrichtigungen \u00fcber Veranstaltungen, bei ausdr\u00fccklicher Erlaubnis Ihrerseits, weiterzuleiten.<\/li>\r\n<li>Administrative Bearbeitungen, Kommunikationen und Logistik der verantwortlichen Person.<\/li>\r\n<li>\u00dcberweisungen t\u00e4tigen<\/li>\r\n<li>Rechnungserstellung und entsprechende Steuererkl\u00e4rungen<\/li>\r\n<li>Kontrolle und Inkasso<\/li>\r\n<\/ul>\r\n<h3>Welche rechtliche Grundlage hat die Verarbeitung der pers\u00f6nlichen Daten?<\/h3>\r\n<p>Das ausdr\u00fcckliche Einverst\u00e4ndnis durch vertragliche Regelung, wenn kein Vertrag besteht, durch die Kontaktaufnahme mit uns und das Angebot Ihrer Leistungen.<\/p>\r\n<h2>KONTAKTE \u00dcBER SOZIALE MEDIEN<\/h2>\r\n<h3>Zu welchem Zweck verwalten wir Ihre pers\u00f6nlichen Daten?<\/h3>\r\n<ul>\r\n<li>In Beantwortung Ihrer Fragen und Anfragen.<\/li>\r\n<li>In der Bearbeitung, Beantwortung und Durchf\u00fchrung Ihrer angefragten Serviceleistungen.<\/li>\r\n<li>Um mit Ihnen in Kontakt zu treten und eine Gruppe zu bilden.<\/li>\r\n<\/ul>\r\n<h3>Welche rechtliche Grundlage hat die Verarbeitung der pers\u00f6nlichen Daten?<\/h3>\r\n<p>Das ausdr\u00fcckliche Einverst\u00e4ndnis durch eine vertragliche Beziehung innerhalb der sozialen Netzwerke und im Einklang mit den Datenschutzbestimmungen:<\/p>\r\n<ul>\r\n<li>Facebook:\u00a0<a href=\"http:\/\/www.facebook.com\/policy.php\"><u>http:\/\/www.facebook.com\/policy.php<\/u><\/a><\/li>\r\n<li>Instagram:\u00a0<a href=\"https:\/\/help.instagram.com\/155833707900388\"><u>https:\/\/help.instagram.com\/155833707900388<\/u><\/a><\/li>\r\n<li>Twitter:\u00a0<a href=\"https:\/\/twitter.com\/en\/privacy\"><u>https:\/\/twitter.com\/en\/privacy<\/u><\/a><\/li>\r\n<li>Linkedin:\u00a0<a href=\"http:\/\/www.linkedin.com\/legal\/privacy-policy\"><u>http:\/\/www.linkedin.com\/legal\/privacy-policy<\/u><\/a><\/li>\r\n<li>Pinterest:\u00a0<a href=\"https:\/\/about.pinterest.com\/en\/privacy-policy\"><u>https:\/\/about.pinterest.com\/en\/privacy-policy<\/u><\/a><\/li>\r\n<li>Google*:\u00a0<a href=\"https:\/\/policies.google.com\/privacy?hl=en\"><u>https:\/\/policies.google.com\/privacy?hl=en<\/u><\/a><\/li>\r\n<\/ul>\r\n<p>*(Google+ y Youtube)<\/p>\r\n<h3>F\u00fcr welche Zeitspanne speichern wir Ihre pers\u00f6nlichen Daten?<\/h3>\r\n<p>Wir k\u00f6nnen Ihre Daten nur begrenzt einsehen oder l\u00f6schen, da Sie ein eigenes spezifisches Profil haben. Wir behandeln Ihre Daten so lange wie Sie uns folgen lassen, wir Freunde sind und die Klicks: \u201cGef\u00e4llt mir\u201d oder \u201cFolgen\u201d oder \u00e4hnliche Klicks bedient werden.<\/p>\r\n<p>Jegliche \u00c4nderungen des Profils oder Einschr\u00e4nkung der Informationen, m\u00fcssen Sie selbst im Profil \u00e4ndern oder als User der sozialen Netzwerke.<\/p>\r\n<h2>STELLENANGEBOTSINTERESSENTEN<\/h2>\r\n<h3>Zu welchem Zweck verwalten wir Ihre pers\u00f6nlichen Daten?<\/h3>\r\n<ul>\r\n<li>Prozess der Selektion von Kandidaten, der zur Einstellung von Mitarbeitern f\u00fchren soll.<\/li>\r\n<li>Einladung zu Vorstellungsgespr\u00e4chen und Einsch\u00e4tzung der Kandidaten.<\/li>\r\n<li>Wenn Sie Ihr Einverst\u00e4ndnis ausdr\u00fccklich geben, reichen wir die Daten an zusammenarbeitende Unternehmen weiter; mit dem einzigen Ziel, Ihnen bei der Arbeitssuche zu helfen.<\/li>\r\n<li>Wenn Sie die Checkbox klicken und damit Ihr Einverst\u00e4ndnis zu den Datenschutzbestimmungen geben, kommen Sie in die Selektion von Kandidaten einer angeschlossen Gruppe von Unternehmen, die neues Personal suchen.<\/li>\r\n<\/ul>\r\n<p>Nach Ablauf eines Jahres, wird Ihr Lebenslauf aus der Datenbank gel\u00f6scht.<\/p>\r\n<h3>Welche rechtliche Grundlage hat die Verwaltung der pers\u00f6nlichen Daten?<\/h3>\r\n<p>Ihr ausdr\u00fcckliches Einverst\u00e4ndnis wurde durch die Zusendung des Lebenlaufes gegeben.<\/p>\r\n<h2>VERWALTUNG ALLGEMEINER DATEN<\/h2>\r\n<h3>Sind Daten dritter Personen miteinbezogen?<\/h3>\r\n<p>Nein, im allgemeinen sind nur Daten, die die Kontaktperson freigibt, involviert. Sollten diese Daten Informationen \u00fcber Dritte enthalten, m\u00fcssen Sie das vorherige Einverst\u00e4ndnis der betroffenen Personen einholen; sollte dies nicht erfogt sein, liegt es in Ihrer alleinigen Verantwortung, dass Sie die gesetzliche Grundlage nicht befolgt haben.<\/p>\r\n<h3>Kontaktieren wir Sie per E-mail?<\/h3>\r\n<ul>\r\n<li>Nur, wenn Sie uns Ihre E-mail Adresse angegeben haben und um Ihre Anfrage zu bearbeiten.<\/li>\r\n<li>Wenn Werbenachrichten geschickt werden, dann nur mt Ihrem ausdr\u00fccklichen Einverst\u00e4ndnis.<\/li>\r\n<\/ul>\r\n<h3>Welche Sicherheitsbestimmungen liegen zugrunde?<\/h3>\r\n<p>Sie k\u00f6nnen beruhigt sein: Wir haben optimale Datenschutzbestimmungen, die wir verwalten und in unseren Netzwerken installiert haben und dar\u00fcber hinaus verf\u00fcgen wir \u00fcber das entsprechende technische Know How, um Verluste, Missbrauch, Ab\u00e4nderungen und Hackerangriffe, unbefugten Zutritt und Datendiebstahl zu verhindern.<\/p>\r\n<p>Bei Fragen zur Sicherheit und \/ oder zum Umgang mit Ihren pers\u00f6nlichen Daten k\u00f6nnen Sie sich an den Datenschutzbeauftragten wenden: dpo@asssa.es.<\/p>\r\n<h3>Wo landen Ihre Daten?<\/h3>\r\n<p>Ihre Daten werden nicht an Dritte weitergegeben, au\u00dfer wir sind dazu gesetzlich verpflichtet. Das hei\u00dft konkret, staatliches Finanzamt und Banken mit den jeweiligen Mitarbeitern, die mit der Ausf\u00fchrung betraut sind, um die erbrachten Leistungen oder Produkte abzurechnen.<\/p>\r\n<p>ASSSA hat zur Erbringung der vertraglich vereinbarten Leistungen bez\u00fcglich der geltenden datenschutzrechtlichen Bestimmungen, Unterauftr\u00e4ge erteilt, die sicherstellen, dass der Anbieter die technischen und organisatorischen Ma\u00dfnahmen der DSGVO einh\u00e4lt.<\/p>\r\n<p>Im Falle von Bezahlung oder Kauf, sei es auf der Webseite, soziale Medien, Kreditkarte oder Online Bezahlungsservice werden Ihre Daten nur dort verwaltet und unter h\u00f6chsten Sicherheitsvorkehrungen.<br \/>Wenn wir Daten angeben, \u2028wird die Hosting- oder die Webseitenfirmen Zugang zu unserer Webseite haben.<\/p>\r\n<p>Diese haben in Ihrem Vertrag unterschrieben, unseren Datenschutzbestimmungen in derselben Weise zu befolgen. Jegliche Aktivit\u00e4ten von Datenaustausch \u00fcber amerikanische Applikationen unterliegen dem Abkommen Privacy Shield, die garantieren, dass die US-amerikanischen Softwareanbieter die europ\u00e4ischen Datenschutzbestimmungen einhalten.<\/p>\r\n<h3>Welche Rechte haben Sie?<\/h3>\r\n<ul>\r\n<li>Zu wissen, in welcher Weise Ihrer Daten verwaltet werden.<\/li>\r\n<li>Zugang zu Ihren Daten.<\/li>\r\n<li>Berichtigung Ihrer Daten, wenn etwas nicht korrekt ist.<\/li>\r\n<li>Die L\u00f6schung der Daten zu beantragen, sollten diese nicht mehr f\u00fcr Ihren Antrag gebraucht werden oder wenn das entsprechende Einverst\u00e4ndnis fehlt.<\/li>\r\n<li>Die Beschr\u00e4nkung der Weitergabe der Daten zu beantragen, wobei wir sie nur den g\u00fcltigen Normen entsprechend verwalten.<\/li>\r\n<li>Ihre Daten in strukturierten, allgemein gebr\u00e4uchlichem, mechanisch lesbaren Format Ihnen oder an einen von Ihnen bestimmten Webmanager zu senden. Nur in bestimmten F\u00e4llen m\u00f6glich.<\/li>\r\n<li>Eine Reklamation bei der spanischen Datenschutzbeh\u00f6rde oder andere Stellen zu machen, wenn Sie sich nicht korrekt von uns behandelt f\u00fchlen.<\/li>\r\n<li>Jederzeit Ihr gegebenes Einverst\u00e4ndnis zur\u00fcckzuziehen.<\/li>\r\n<\/ul>\r\n<p>Wenn Sie Ihre Daten \u00e4ndern, w\u00e4ren wir um eine Mitteilung dankbar, um unsere Datebase ebenfalls zu aktualisieren.<\/p>\r\n<h3>M\u00f6chten Sie ein Formular, um Ihre Rechte auszu\u00fcben?<\/h3>\r\n<ul>\r\n<li>Wir verf\u00fcgen \u00fcber Formulare f\u00fcr den Rechtsweg, bitte beantragen Sie diese per E-mail oder benutzen Sie die Formulare der spanischen Datenschutzbeh\u00f6rde.<\/li>\r\n<li>Diese Formulare m\u00fcssen elektronisch unterzeichnet werden und mit Kopie der DNI.<\/li>\r\n<li>Wenn Sie vertreten werden, muss die DNI und elektronische Utnerschrift dieser Person vorgelegt werden.<\/li>\r\n<li>Die Formulare k\u00f6nnen pers\u00f6nlich \u00fcbergeben werden oder per Post oder per E-mail an die angegebene Adresse am Anfang des Textes.<\/li>\r\n<\/ul>\r\n<h3>Wie lange dauert eine Antwort auf Rechtsfragenformulare?<\/h3>\r\n<p>Das h\u00e4ngt von der Rechtslage ab, aber maximal ein Monat nach Erhalt des Antrages oder 2 Monate, wenn es sich um eine umfangreiche Rechtslage handelt und wir zuvor \u00fcber die Verz\u00f6gerung infomiert haben.<\/p>\r\n<h3>Verwalten wir Cookies?<\/h3>\r\n<p>Sollten wir Cookies benutzen, die nicht notwendig sind, k\u00f6nnen Sie die Bestimmungen zu den jeweiligen Cookies im entsprechenden Link auf der Startseite unserer Webseite einsehen.<\/p>\r\n<h3>Wie lange verwalten wir Ihre Daten?<\/h3>\r\n<ul>\r\n<li>So lange Sie mit uns verbunden sind, verwalten wir Ihre Daten.<\/li>\r\n<li>Sollten Sie die Verbindung abbrechen, speichern wir Ihre Daten nur so lange wie rechtlich vorgesehen, was die Frist mit einschliesst, die ein Gericht oder Richter gesetzlich fordern, f\u00fcr den Fall, dass diese Daten strafrechtlich relevant sind.<\/li>\r\n<li>Die Daten werden dann so lange gespeichert bis gesetzliche Fristen ablaufen, so lange es keine gesetzliche Verpflichtung gibt, sie l\u00e4nger zu speichern, oder sollte keine gesetzliche Pflicht zur L\u00f6schung bestehen, dann, wenn Sie es einfordern und\/oder Sie Ihr Einverst\u00e4ndnis zur\u00fcckziehen.<\/li>\r\n<li>Wir speichern die Daten und Konversationen, die zum Kauf unserer Produkte oder unserer Serviceleistungen gef\u00fchrt haben, so lange diese g\u00fcltig sind, um gegebenenfalls Ihre Reklamationen zu bearbeiten.<\/li>\r\n<\/ul>\r\n","protected":false},"excerpt":{"rendered":"<p>Der Datenschutz ist Teil der Allgemeinen Bedingungen und Grundlage unserer Webseite. Wer ist verantwortlich f\u00fcr Ihre Daten auf der Webseite? AGRUPACI\u00d3N SANITARIA SEGUROS S.A., Tax ID No: A 28005312.Adresse: Avda. Alfonso X El Sabio, 14, entlo.Telefon: 965 200 10603004 Alicantee-mail: info@asssa.es Sie k\u00f6nnen ASSSA \u00fcber E-mail, Telefon oder per Post unter der oben genannten Adresse [&hellip;]<\/p>\n","protected":false},"author":20,"featured_media":0,"parent":0,"menu_order":0,"comment_status":"closed","ping_status":"open","template":"tpl-estatica.php","meta":{"_acf_changed":false,"footnotes":""},"class_list":["post-3","page","type-page","status-publish","hentry"],"acf":[],"yoast_head":"<!-- This site is optimized with the Yoast SEO plugin v27.5 - https:\/\/yoast.com\/product\/yoast-seo-wordpress\/ -->\n<title>Datenschutzbestimmungen - ASSSA Deutsch<\/title>\n<meta name=\"robots\" content=\"index, follow, max-snippet:-1, max-image-preview:large, max-video-preview:-1\" \/>\n<link rel=\"canonical\" href=\"https:\/\/www.asssa.es\/de\/politica-de-privacidad\/\" \/>\n<meta property=\"og:locale\" content=\"de_DE\" \/>\n<meta property=\"og:type\" content=\"article\" \/>\n<meta property=\"og:title\" content=\"Datenschutzbestimmungen - ASSSA Deutsch\" \/>\n<meta property=\"og:description\" content=\"Der Datenschutz ist Teil der Allgemeinen Bedingungen und Grundlage unserer Webseite. Wer ist verantwortlich f\u00fcr Ihre Daten auf der Webseite? AGRUPACI\u00d3N SANITARIA SEGUROS S.A., Tax ID No: A 28005312.Adresse: Avda. Alfonso X El Sabio, 14, entlo.Telefon: 965 200 10603004 Alicantee-mail: info@asssa.es Sie k\u00f6nnen ASSSA \u00fcber E-mail, Telefon oder per Post unter der oben genannten Adresse [&hellip;]\" \/>\n<meta property=\"og:url\" content=\"https:\/\/www.asssa.es\/de\/politica-de-privacidad\/\" \/>\n<meta property=\"og:site_name\" content=\"ASSSA Deutsch\" \/>\n<meta property=\"article:modified_time\" content=\"2025-02-27T07:27:32+00:00\" \/>\n<meta name=\"twitter:card\" content=\"summary_large_image\" \/>\n<meta name=\"twitter:label1\" content=\"Gesch\u00e4tzte Lesezeit\" \/>\n\t<meta name=\"twitter:data1\" content=\"10\u00a0Minuten\" \/>\n<script type=\"application\/ld+json\" class=\"yoast-schema-graph\">{\"@context\":\"https:\\\/\\\/schema.org\",\"@graph\":[{\"@type\":\"WebPage\",\"@id\":\"https:\\\/\\\/www.asssa.es\\\/de\\\/politica-de-privacidad\\\/\",\"url\":\"https:\\\/\\\/www.asssa.es\\\/de\\\/politica-de-privacidad\\\/\",\"name\":\"Datenschutzbestimmungen - ASSSA Deutsch\",\"isPartOf\":{\"@id\":\"https:\\\/\\\/www.asssa.es\\\/de\\\/#website\"},\"datePublished\":\"2019-03-11T09:44:37+00:00\",\"dateModified\":\"2025-02-27T07:27:32+00:00\",\"breadcrumb\":{\"@id\":\"https:\\\/\\\/www.asssa.es\\\/de\\\/politica-de-privacidad\\\/#breadcrumb\"},\"inLanguage\":\"de\",\"potentialAction\":[{\"@type\":\"ReadAction\",\"target\":[\"https:\\\/\\\/www.asssa.es\\\/de\\\/politica-de-privacidad\\\/\"]}]},{\"@type\":\"BreadcrumbList\",\"@id\":\"https:\\\/\\\/www.asssa.es\\\/de\\\/politica-de-privacidad\\\/#breadcrumb\",\"itemListElement\":[{\"@type\":\"ListItem\",\"position\":1,\"name\":\"Portada\",\"item\":\"https:\\\/\\\/www.asssa.es\\\/de\\\/\"},{\"@type\":\"ListItem\",\"position\":2,\"name\":\"Datenschutzbestimmungen\"}]},{\"@type\":\"WebSite\",\"@id\":\"https:\\\/\\\/www.asssa.es\\\/de\\\/#website\",\"url\":\"https:\\\/\\\/www.asssa.es\\\/de\\\/\",\"name\":\"ASSSA Deutsch\",\"description\":\"\",\"potentialAction\":[{\"@type\":\"SearchAction\",\"target\":{\"@type\":\"EntryPoint\",\"urlTemplate\":\"https:\\\/\\\/www.asssa.es\\\/de\\\/?s={search_term_string}\"},\"query-input\":{\"@type\":\"PropertyValueSpecification\",\"valueRequired\":true,\"valueName\":\"search_term_string\"}}],\"inLanguage\":\"de\"}]}<\/script>\n<!-- \/ Yoast SEO plugin. -->","yoast_head_json":{"title":"Datenschutzbestimmungen - ASSSA Deutsch","robots":{"index":"index","follow":"follow","max-snippet":"max-snippet:-1","max-image-preview":"max-image-preview:large","max-video-preview":"max-video-preview:-1"},"canonical":"https:\/\/www.asssa.es\/de\/politica-de-privacidad\/","og_locale":"de_DE","og_type":"article","og_title":"Datenschutzbestimmungen - ASSSA Deutsch","og_description":"Der Datenschutz ist Teil der Allgemeinen Bedingungen und Grundlage unserer Webseite. Wer ist verantwortlich f\u00fcr Ihre Daten auf der Webseite? AGRUPACI\u00d3N SANITARIA SEGUROS S.A., Tax ID No: A 28005312.Adresse: Avda. Alfonso X El Sabio, 14, entlo.Telefon: 965 200 10603004 Alicantee-mail: info@asssa.es Sie k\u00f6nnen ASSSA \u00fcber E-mail, Telefon oder per Post unter der oben genannten Adresse [&hellip;]","og_url":"https:\/\/www.asssa.es\/de\/politica-de-privacidad\/","og_site_name":"ASSSA Deutsch","article_modified_time":"2025-02-27T07:27:32+00:00","twitter_card":"summary_large_image","twitter_misc":{"Gesch\u00e4tzte Lesezeit":"10\u00a0Minuten"},"schema":{"@context":"https:\/\/schema.org","@graph":[{"@type":"WebPage","@id":"https:\/\/www.asssa.es\/de\/politica-de-privacidad\/","url":"https:\/\/www.asssa.es\/de\/politica-de-privacidad\/","name":"Datenschutzbestimmungen - ASSSA Deutsch","isPartOf":{"@id":"https:\/\/www.asssa.es\/de\/#website"},"datePublished":"2019-03-11T09:44:37+00:00","dateModified":"2025-02-27T07:27:32+00:00","breadcrumb":{"@id":"https:\/\/www.asssa.es\/de\/politica-de-privacidad\/#breadcrumb"},"inLanguage":"de","potentialAction":[{"@type":"ReadAction","target":["https:\/\/www.asssa.es\/de\/politica-de-privacidad\/"]}]},{"@type":"BreadcrumbList","@id":"https:\/\/www.asssa.es\/de\/politica-de-privacidad\/#breadcrumb","itemListElement":[{"@type":"ListItem","position":1,"name":"Portada","item":"https:\/\/www.asssa.es\/de\/"},{"@type":"ListItem","position":2,"name":"Datenschutzbestimmungen"}]},{"@type":"WebSite","@id":"https:\/\/www.asssa.es\/de\/#website","url":"https:\/\/www.asssa.es\/de\/","name":"ASSSA Deutsch","description":"","potentialAction":[{"@type":"SearchAction","target":{"@type":"EntryPoint","urlTemplate":"https:\/\/www.asssa.es\/de\/?s={search_term_string}"},"query-input":{"@type":"PropertyValueSpecification","valueRequired":true,"valueName":"search_term_string"}}],"inLanguage":"de"}]}},"_links":{"self":[{"href":"https:\/\/www.asssa.es\/de\/wp-json\/wp\/v2\/pages\/3","targetHints":{"allow":["GET"]}}],"collection":[{"href":"https:\/\/www.asssa.es\/de\/wp-json\/wp\/v2\/pages"}],"about":[{"href":"https:\/\/www.asssa.es\/de\/wp-json\/wp\/v2\/types\/page"}],"author":[{"embeddable":true,"href":"https:\/\/www.asssa.es\/de\/wp-json\/wp\/v2\/users\/20"}],"replies":[{"embeddable":true,"href":"https:\/\/www.asssa.es\/de\/wp-json\/wp\/v2\/comments?post=3"}],"version-history":[{"count":11,"href":"https:\/\/www.asssa.es\/de\/wp-json\/wp\/v2\/pages\/3\/revisions"}],"predecessor-version":[{"id":19394,"href":"https:\/\/www.asssa.es\/de\/wp-json\/wp\/v2\/pages\/3\/revisions\/19394"}],"wp:attachment":[{"href":"https:\/\/www.asssa.es\/de\/wp-json\/wp\/v2\/media?parent=3"}],"curies":[{"name":"wp","href":"https:\/\/api.w.org\/{rel}","templated":true}]}}