{"id":4031,"date":"2019-07-23T18:56:03","date_gmt":"2019-07-23T16:56:03","guid":{"rendered":"https:\/\/www.asssa.es\/de\/?page_id=4031"},"modified":"2025-12-24T12:24:14","modified_gmt":"2025-12-24T11:24:14","slug":"lernen-sie-unsere-geschichte-kennen","status":"publish","type":"page","link":"https:\/\/www.asssa.es\/de\/uber-asssa\/lernen-sie-unsere-geschichte-kennen\/","title":{"rendered":"LERNEN SIE UNSERE GESCHICHTE KENNEN"},"content":{"rendered":"<h2>90 Jahre im Gesch\u00e4ft<\/h2>\n<p>Wir sind ein Unternehmen, welches auf eine langj\u00e4hrige Geschichte und Tradition zur\u00fcckblickt.<\/p>\n<p>&nbsp;<\/p>\n<p>Die vielen Jahre des Bestehens haben uns zu einem der erfahrensten Unternehmen im Krankenversicherungsbereich gemacht.<\/p>\n<p>&nbsp;<\/p>\n<p>Unser Unternehmergeist, sich weiter zu entwickeln und Sorge zu tragen, hat uns seit unseren Anf\u00e4ngen ausgezeichnet und ist \u00fcber die Jahre hinweg beibehalten worden.<\/p>\n<p>&nbsp;<\/p>\n<p>Wir wachsen stetig weiter. Unsere Entwicklung spiegelt sich auch im Kundenwachstum wider; immer mehr Versicherte schenken unserem Unternehmen ihr Vertrauen.<\/p>\n","protected":false},"excerpt":{"rendered":"<p>90 Jahre im Gesch\u00e4ft Wir sind ein Unternehmen, welches auf eine langj\u00e4hrige Geschichte und Tradition zur\u00fcckblickt. &nbsp; Die vielen Jahre des Bestehens haben uns zu einem der erfahrensten Unternehmen im Krankenversicherungsbereich gemacht. &nbsp; Unser Unternehmergeist, sich weiter zu entwickeln und Sorge zu tragen, hat uns seit unseren Anf\u00e4ngen ausgezeichnet und ist \u00fcber die Jahre hinweg [&hellip;]<\/p>\n","protected":false},"author":20,"featured_media":23442,"parent":14,"menu_order":1,"comment_status":"closed","ping_status":"closed","template":"tpl-historia.php","meta":{"_acf_changed":false,"footnotes":""},"class_list":["post-4031","page","type-page","status-publish","has-post-thumbnail","hentry"],"acf":[],"yoast_head":"<!-- This site is optimized with the Yoast SEO plugin v27.5 - https:\/\/yoast.com\/product\/yoast-seo-wordpress\/ -->\n<title>LERNEN SIE UNSERE GESCHICHTE KENNEN - ASSSA Deutsch<\/title>\n<meta name=\"robots\" content=\"index, follow, max-snippet:-1, max-image-preview:large, max-video-preview:-1\" \/>\n<link rel=\"canonical\" href=\"https:\/\/www.asssa.es\/de\/uber-asssa\/lernen-sie-unsere-geschichte-kennen\/\" \/>\n<meta property=\"og:locale\" content=\"de_DE\" \/>\n<meta property=\"og:type\" content=\"article\" \/>\n<meta property=\"og:title\" content=\"LERNEN SIE UNSERE GESCHICHTE KENNEN - ASSSA Deutsch\" \/>\n<meta property=\"og:description\" content=\"90 Jahre im Gesch\u00e4ft Wir sind ein Unternehmen, welches auf eine langj\u00e4hrige Geschichte und Tradition zur\u00fcckblickt. &nbsp; Die vielen Jahre des Bestehens haben uns zu einem der erfahrensten Unternehmen im Krankenversicherungsbereich gemacht. &nbsp; Unser Unternehmergeist, sich weiter zu entwickeln und Sorge zu tragen, hat uns seit unseren Anf\u00e4ngen ausgezeichnet und ist \u00fcber die Jahre hinweg [&hellip;]\" \/>\n<meta property=\"og:url\" content=\"https:\/\/www.asssa.es\/de\/uber-asssa\/lernen-sie-unsere-geschichte-kennen\/\" \/>\n<meta property=\"og:site_name\" content=\"ASSSA Deutsch\" \/>\n<meta property=\"article:modified_time\" content=\"2025-12-24T11:24:14+00:00\" \/>\n<meta property=\"og:image\" content=\"https:\/\/www.asssa.es\/wp-content\/uploads\/2025\/12\/Sobre-ASSSA-2025.jpg\" \/>\n\t<meta property=\"og:image:width\" content=\"2560\" \/>\n\t<meta property=\"og:image:height\" content=\"1570\" \/>\n\t<meta property=\"og:image:type\" content=\"image\/jpeg\" \/>\n<meta name=\"twitter:card\" content=\"summary_large_image\" \/>\n<meta name=\"twitter:label1\" content=\"Gesch\u00e4tzte Lesezeit\" \/>\n\t<meta name=\"twitter:data1\" content=\"1\u00a0Minute\" \/>\n<script type=\"application\/ld+json\" class=\"yoast-schema-graph\">{\"@context\":\"https:\\\/\\\/schema.org\",\"@graph\":[{\"@type\":\"WebPage\",\"@id\":\"https:\\\/\\\/www.asssa.es\\\/de\\\/uber-asssa\\\/lernen-sie-unsere-geschichte-kennen\\\/\",\"url\":\"https:\\\/\\\/www.asssa.es\\\/de\\\/uber-asssa\\\/lernen-sie-unsere-geschichte-kennen\\\/\",\"name\":\"LERNEN SIE UNSERE GESCHICHTE KENNEN - ASSSA Deutsch\",\"isPartOf\":{\"@id\":\"https:\\\/\\\/www.asssa.es\\\/de\\\/#website\"},\"primaryImageOfPage\":{\"@id\":\"https:\\\/\\\/www.asssa.es\\\/de\\\/uber-asssa\\\/lernen-sie-unsere-geschichte-kennen\\\/#primaryimage\"},\"image\":{\"@id\":\"https:\\\/\\\/www.asssa.es\\\/de\\\/uber-asssa\\\/lernen-sie-unsere-geschichte-kennen\\\/#primaryimage\"},\"thumbnailUrl\":\"https:\\\/\\\/www.asssa.es\\\/wp-content\\\/uploads\\\/2025\\\/12\\\/Sobre-ASSSA-2025.jpg\",\"datePublished\":\"2019-07-23T16:56:03+00:00\",\"dateModified\":\"2025-12-24T11:24:14+00:00\",\"breadcrumb\":{\"@id\":\"https:\\\/\\\/www.asssa.es\\\/de\\\/uber-asssa\\\/lernen-sie-unsere-geschichte-kennen\\\/#breadcrumb\"},\"inLanguage\":\"de\",\"potentialAction\":[{\"@type\":\"ReadAction\",\"target\":[\"https:\\\/\\\/www.asssa.es\\\/de\\\/uber-asssa\\\/lernen-sie-unsere-geschichte-kennen\\\/\"]}]},{\"@type\":\"ImageObject\",\"inLanguage\":\"de\",\"@id\":\"https:\\\/\\\/www.asssa.es\\\/de\\\/uber-asssa\\\/lernen-sie-unsere-geschichte-kennen\\\/#primaryimage\",\"url\":\"https:\\\/\\\/www.asssa.es\\\/wp-content\\\/uploads\\\/2025\\\/12\\\/Sobre-ASSSA-2025.jpg\",\"contentUrl\":\"https:\\\/\\\/www.asssa.es\\\/wp-content\\\/uploads\\\/2025\\\/12\\\/Sobre-ASSSA-2025.jpg\",\"width\":2560,\"height\":1570},{\"@type\":\"BreadcrumbList\",\"@id\":\"https:\\\/\\\/www.asssa.es\\\/de\\\/uber-asssa\\\/lernen-sie-unsere-geschichte-kennen\\\/#breadcrumb\",\"itemListElement\":[{\"@type\":\"ListItem\",\"position\":1,\"name\":\"Portada\",\"item\":\"https:\\\/\\\/www.asssa.es\\\/de\\\/\"},{\"@type\":\"ListItem\",\"position\":2,\"name\":\"\u00dcber ASSSA\",\"item\":\"https:\\\/\\\/www.asssa.es\\\/de\\\/uber-asssa\\\/\"},{\"@type\":\"ListItem\",\"position\":3,\"name\":\"LERNEN SIE UNSERE GESCHICHTE KENNEN\"}]},{\"@type\":\"WebSite\",\"@id\":\"https:\\\/\\\/www.asssa.es\\\/de\\\/#website\",\"url\":\"https:\\\/\\\/www.asssa.es\\\/de\\\/\",\"name\":\"ASSSA Deutsch\",\"description\":\"\",\"potentialAction\":[{\"@type\":\"SearchAction\",\"target\":{\"@type\":\"EntryPoint\",\"urlTemplate\":\"https:\\\/\\\/www.asssa.es\\\/de\\\/?s={search_term_string}\"},\"query-input\":{\"@type\":\"PropertyValueSpecification\",\"valueRequired\":true,\"valueName\":\"search_term_string\"}}],\"inLanguage\":\"de\"}]}<\/script>\n<!-- \/ Yoast SEO plugin. -->","yoast_head_json":{"title":"LERNEN SIE UNSERE GESCHICHTE KENNEN - ASSSA Deutsch","robots":{"index":"index","follow":"follow","max-snippet":"max-snippet:-1","max-image-preview":"max-image-preview:large","max-video-preview":"max-video-preview:-1"},"canonical":"https:\/\/www.asssa.es\/de\/uber-asssa\/lernen-sie-unsere-geschichte-kennen\/","og_locale":"de_DE","og_type":"article","og_title":"LERNEN SIE UNSERE GESCHICHTE KENNEN - ASSSA Deutsch","og_description":"90 Jahre im Gesch\u00e4ft Wir sind ein Unternehmen, welches auf eine langj\u00e4hrige Geschichte und Tradition zur\u00fcckblickt. &nbsp; Die vielen Jahre des Bestehens haben uns zu einem der erfahrensten Unternehmen im Krankenversicherungsbereich gemacht. &nbsp; Unser Unternehmergeist, sich weiter zu entwickeln und Sorge zu tragen, hat uns seit unseren Anf\u00e4ngen ausgezeichnet und ist \u00fcber die Jahre hinweg [&hellip;]","og_url":"https:\/\/www.asssa.es\/de\/uber-asssa\/lernen-sie-unsere-geschichte-kennen\/","og_site_name":"ASSSA Deutsch","article_modified_time":"2025-12-24T11:24:14+00:00","og_image":[{"width":2560,"height":1570,"url":"https:\/\/www.asssa.es\/wp-content\/uploads\/2025\/12\/Sobre-ASSSA-2025.jpg","type":"image\/jpeg"}],"twitter_card":"summary_large_image","twitter_misc":{"Gesch\u00e4tzte Lesezeit":"1\u00a0Minute"},"schema":{"@context":"https:\/\/schema.org","@graph":[{"@type":"WebPage","@id":"https:\/\/www.asssa.es\/de\/uber-asssa\/lernen-sie-unsere-geschichte-kennen\/","url":"https:\/\/www.asssa.es\/de\/uber-asssa\/lernen-sie-unsere-geschichte-kennen\/","name":"LERNEN SIE UNSERE GESCHICHTE KENNEN - ASSSA Deutsch","isPartOf":{"@id":"https:\/\/www.asssa.es\/de\/#website"},"primaryImageOfPage":{"@id":"https:\/\/www.asssa.es\/de\/uber-asssa\/lernen-sie-unsere-geschichte-kennen\/#primaryimage"},"image":{"@id":"https:\/\/www.asssa.es\/de\/uber-asssa\/lernen-sie-unsere-geschichte-kennen\/#primaryimage"},"thumbnailUrl":"https:\/\/www.asssa.es\/wp-content\/uploads\/2025\/12\/Sobre-ASSSA-2025.jpg","datePublished":"2019-07-23T16:56:03+00:00","dateModified":"2025-12-24T11:24:14+00:00","breadcrumb":{"@id":"https:\/\/www.asssa.es\/de\/uber-asssa\/lernen-sie-unsere-geschichte-kennen\/#breadcrumb"},"inLanguage":"de","potentialAction":[{"@type":"ReadAction","target":["https:\/\/www.asssa.es\/de\/uber-asssa\/lernen-sie-unsere-geschichte-kennen\/"]}]},{"@type":"ImageObject","inLanguage":"de","@id":"https:\/\/www.asssa.es\/de\/uber-asssa\/lernen-sie-unsere-geschichte-kennen\/#primaryimage","url":"https:\/\/www.asssa.es\/wp-content\/uploads\/2025\/12\/Sobre-ASSSA-2025.jpg","contentUrl":"https:\/\/www.asssa.es\/wp-content\/uploads\/2025\/12\/Sobre-ASSSA-2025.jpg","width":2560,"height":1570},{"@type":"BreadcrumbList","@id":"https:\/\/www.asssa.es\/de\/uber-asssa\/lernen-sie-unsere-geschichte-kennen\/#breadcrumb","itemListElement":[{"@type":"ListItem","position":1,"name":"Portada","item":"https:\/\/www.asssa.es\/de\/"},{"@type":"ListItem","position":2,"name":"\u00dcber ASSSA","item":"https:\/\/www.asssa.es\/de\/uber-asssa\/"},{"@type":"ListItem","position":3,"name":"LERNEN SIE UNSERE GESCHICHTE KENNEN"}]},{"@type":"WebSite","@id":"https:\/\/www.asssa.es\/de\/#website","url":"https:\/\/www.asssa.es\/de\/","name":"ASSSA Deutsch","description":"","potentialAction":[{"@type":"SearchAction","target":{"@type":"EntryPoint","urlTemplate":"https:\/\/www.asssa.es\/de\/?s={search_term_string}"},"query-input":{"@type":"PropertyValueSpecification","valueRequired":true,"valueName":"search_term_string"}}],"inLanguage":"de"}]}},"_links":{"self":[{"href":"https:\/\/www.asssa.es\/de\/wp-json\/wp\/v2\/pages\/4031","targetHints":{"allow":["GET"]}}],"collection":[{"href":"https:\/\/www.asssa.es\/de\/wp-json\/wp\/v2\/pages"}],"about":[{"href":"https:\/\/www.asssa.es\/de\/wp-json\/wp\/v2\/types\/page"}],"author":[{"embeddable":true,"href":"https:\/\/www.asssa.es\/de\/wp-json\/wp\/v2\/users\/20"}],"replies":[{"embeddable":true,"href":"https:\/\/www.asssa.es\/de\/wp-json\/wp\/v2\/comments?post=4031"}],"version-history":[{"count":6,"href":"https:\/\/www.asssa.es\/de\/wp-json\/wp\/v2\/pages\/4031\/revisions"}],"predecessor-version":[{"id":18786,"href":"https:\/\/www.asssa.es\/de\/wp-json\/wp\/v2\/pages\/4031\/revisions\/18786"}],"up":[{"embeddable":true,"href":"https:\/\/www.asssa.es\/de\/wp-json\/wp\/v2\/pages\/14"}],"wp:featuredmedia":[{"embeddable":true,"href":"https:\/\/www.asssa.es\/de\/wp-json\/wp\/v2\/media\/23442"}],"wp:attachment":[{"href":"https:\/\/www.asssa.es\/de\/wp-json\/wp\/v2\/media?parent=4031"}],"curies":[{"name":"wp","href":"https:\/\/api.w.org\/{rel}","templated":true}]}}