{"id":4035,"date":"2019-07-23T18:58:17","date_gmt":"2019-07-23T16:58:17","guid":{"rendered":"https:\/\/www.asssa.es\/de\/?page_id=4035"},"modified":"2025-12-24T12:24:18","modified_gmt":"2025-12-24T11:24:18","slug":"werde-teil-unseres-teams","status":"publish","type":"page","link":"https:\/\/www.asssa.es\/de\/uber-asssa\/werde-teil-unseres-teams\/","title":{"rendered":"WERDE TEIL UNSERES TEAMS"},"content":{"rendered":"<h2>Team ASSSA<\/h2>\n<p>Wir m\u00f6chten unsere Unternehmensziele erreichen und weiterhin expandieren, daher erweitern wir stetig unser Team an professionellen Mitarbeitern.<\/p>\n<p>&nbsp;<\/p>\n<p>Unsere Mitarbeiter sind der Schl\u00fcssel f\u00fcr einen optimalen und kundennahen Service. Sie sind in den verschiedenen Abteilungen das Herzst\u00fcck von ASSSA und bereichern unser Unternehmen.<\/p>\n<p>&nbsp;<\/p>\n<p>Die Einstellung neuer Mitarbeiter ist die Grundlage unseres Wachstums; eine solide Basis f\u00fcr das Unternehmen.<\/p>\n<p>&nbsp;<\/p>\n<p>Wir arbeiten im Team und mit Leidenschaft. So erreichen wir alle Ziele.<\/p>\n","protected":false},"excerpt":{"rendered":"<p>Team ASSSA Wir m\u00f6chten unsere Unternehmensziele erreichen und weiterhin expandieren, daher erweitern wir stetig unser Team an professionellen Mitarbeitern. &nbsp; Unsere Mitarbeiter sind der Schl\u00fcssel f\u00fcr einen optimalen und kundennahen Service. Sie sind in den verschiedenen Abteilungen das Herzst\u00fcck von ASSSA und bereichern unser Unternehmen. &nbsp; Die Einstellung neuer Mitarbeiter ist die Grundlage unseres Wachstums; [&hellip;]<\/p>\n","protected":false},"author":20,"featured_media":23441,"parent":14,"menu_order":3,"comment_status":"closed","ping_status":"closed","template":"tpl-trabajo.php","meta":{"_acf_changed":false,"footnotes":""},"class_list":["post-4035","page","type-page","status-publish","has-post-thumbnail","hentry"],"acf":[],"yoast_head":"<!-- This site is optimized with the Yoast SEO plugin v27.3 - https:\/\/yoast.com\/product\/yoast-seo-wordpress\/ -->\n<title>WERDE TEIL UNSERES TEAMS - ASSSA Deutsch<\/title>\n<meta name=\"robots\" content=\"index, follow, max-snippet:-1, max-image-preview:large, max-video-preview:-1\" \/>\n<link rel=\"canonical\" href=\"https:\/\/www.asssa.es\/de\/uber-asssa\/werde-teil-unseres-teams\/\" \/>\n<meta property=\"og:locale\" content=\"de_DE\" \/>\n<meta property=\"og:type\" content=\"article\" \/>\n<meta property=\"og:title\" content=\"WERDE TEIL UNSERES TEAMS - ASSSA Deutsch\" \/>\n<meta property=\"og:description\" content=\"Team ASSSA Wir m\u00f6chten unsere Unternehmensziele erreichen und weiterhin expandieren, daher erweitern wir stetig unser Team an professionellen Mitarbeitern. &nbsp; Unsere Mitarbeiter sind der Schl\u00fcssel f\u00fcr einen optimalen und kundennahen Service. Sie sind in den verschiedenen Abteilungen das Herzst\u00fcck von ASSSA und bereichern unser Unternehmen. &nbsp; Die Einstellung neuer Mitarbeiter ist die Grundlage unseres Wachstums; [&hellip;]\" \/>\n<meta property=\"og:url\" content=\"https:\/\/www.asssa.es\/de\/uber-asssa\/werde-teil-unseres-teams\/\" \/>\n<meta property=\"og:site_name\" content=\"ASSSA Deutsch\" \/>\n<meta property=\"article:modified_time\" content=\"2025-12-24T11:24:18+00:00\" \/>\n<meta property=\"og:image\" content=\"https:\/\/www.asssa.es\/wp-content\/uploads\/2025\/12\/Mosaico-ASSSA-2026-2.png\" \/>\n\t<meta property=\"og:image:width\" content=\"1900\" \/>\n\t<meta property=\"og:image:height\" content=\"1267\" \/>\n\t<meta property=\"og:image:type\" content=\"image\/png\" \/>\n<meta name=\"twitter:card\" content=\"summary_large_image\" \/>\n<meta name=\"twitter:label1\" content=\"Gesch\u00e4tzte Lesezeit\" \/>\n\t<meta name=\"twitter:data1\" content=\"1\u00a0Minute\" \/>\n<script type=\"application\/ld+json\" class=\"yoast-schema-graph\">{\"@context\":\"https:\\\/\\\/schema.org\",\"@graph\":[{\"@type\":\"WebPage\",\"@id\":\"https:\\\/\\\/www.asssa.es\\\/de\\\/uber-asssa\\\/werde-teil-unseres-teams\\\/\",\"url\":\"https:\\\/\\\/www.asssa.es\\\/de\\\/uber-asssa\\\/werde-teil-unseres-teams\\\/\",\"name\":\"WERDE TEIL UNSERES TEAMS - ASSSA Deutsch\",\"isPartOf\":{\"@id\":\"https:\\\/\\\/www.asssa.es\\\/de\\\/#website\"},\"primaryImageOfPage\":{\"@id\":\"https:\\\/\\\/www.asssa.es\\\/de\\\/uber-asssa\\\/werde-teil-unseres-teams\\\/#primaryimage\"},\"image\":{\"@id\":\"https:\\\/\\\/www.asssa.es\\\/de\\\/uber-asssa\\\/werde-teil-unseres-teams\\\/#primaryimage\"},\"thumbnailUrl\":\"https:\\\/\\\/www.asssa.es\\\/wp-content\\\/uploads\\\/2025\\\/12\\\/Mosaico-ASSSA-2026-2.png\",\"datePublished\":\"2019-07-23T16:58:17+00:00\",\"dateModified\":\"2025-12-24T11:24:18+00:00\",\"breadcrumb\":{\"@id\":\"https:\\\/\\\/www.asssa.es\\\/de\\\/uber-asssa\\\/werde-teil-unseres-teams\\\/#breadcrumb\"},\"inLanguage\":\"de\",\"potentialAction\":[{\"@type\":\"ReadAction\",\"target\":[\"https:\\\/\\\/www.asssa.es\\\/de\\\/uber-asssa\\\/werde-teil-unseres-teams\\\/\"]}]},{\"@type\":\"ImageObject\",\"inLanguage\":\"de\",\"@id\":\"https:\\\/\\\/www.asssa.es\\\/de\\\/uber-asssa\\\/werde-teil-unseres-teams\\\/#primaryimage\",\"url\":\"https:\\\/\\\/www.asssa.es\\\/wp-content\\\/uploads\\\/2025\\\/12\\\/Mosaico-ASSSA-2026-2.png\",\"contentUrl\":\"https:\\\/\\\/www.asssa.es\\\/wp-content\\\/uploads\\\/2025\\\/12\\\/Mosaico-ASSSA-2026-2.png\",\"width\":1900,\"height\":1267},{\"@type\":\"BreadcrumbList\",\"@id\":\"https:\\\/\\\/www.asssa.es\\\/de\\\/uber-asssa\\\/werde-teil-unseres-teams\\\/#breadcrumb\",\"itemListElement\":[{\"@type\":\"ListItem\",\"position\":1,\"name\":\"Portada\",\"item\":\"https:\\\/\\\/www.asssa.es\\\/de\\\/\"},{\"@type\":\"ListItem\",\"position\":2,\"name\":\"\u00dcber ASSSA\",\"item\":\"https:\\\/\\\/www.asssa.es\\\/de\\\/uber-asssa\\\/\"},{\"@type\":\"ListItem\",\"position\":3,\"name\":\"WERDE TEIL UNSERES TEAMS\"}]},{\"@type\":\"WebSite\",\"@id\":\"https:\\\/\\\/www.asssa.es\\\/de\\\/#website\",\"url\":\"https:\\\/\\\/www.asssa.es\\\/de\\\/\",\"name\":\"ASSSA Deutsch\",\"description\":\"\",\"potentialAction\":[{\"@type\":\"SearchAction\",\"target\":{\"@type\":\"EntryPoint\",\"urlTemplate\":\"https:\\\/\\\/www.asssa.es\\\/de\\\/?s={search_term_string}\"},\"query-input\":{\"@type\":\"PropertyValueSpecification\",\"valueRequired\":true,\"valueName\":\"search_term_string\"}}],\"inLanguage\":\"de\"}]}<\/script>\n<!-- \/ Yoast SEO plugin. -->","yoast_head_json":{"title":"WERDE TEIL UNSERES TEAMS - ASSSA Deutsch","robots":{"index":"index","follow":"follow","max-snippet":"max-snippet:-1","max-image-preview":"max-image-preview:large","max-video-preview":"max-video-preview:-1"},"canonical":"https:\/\/www.asssa.es\/de\/uber-asssa\/werde-teil-unseres-teams\/","og_locale":"de_DE","og_type":"article","og_title":"WERDE TEIL UNSERES TEAMS - ASSSA Deutsch","og_description":"Team ASSSA Wir m\u00f6chten unsere Unternehmensziele erreichen und weiterhin expandieren, daher erweitern wir stetig unser Team an professionellen Mitarbeitern. &nbsp; Unsere Mitarbeiter sind der Schl\u00fcssel f\u00fcr einen optimalen und kundennahen Service. Sie sind in den verschiedenen Abteilungen das Herzst\u00fcck von ASSSA und bereichern unser Unternehmen. &nbsp; Die Einstellung neuer Mitarbeiter ist die Grundlage unseres Wachstums; [&hellip;]","og_url":"https:\/\/www.asssa.es\/de\/uber-asssa\/werde-teil-unseres-teams\/","og_site_name":"ASSSA Deutsch","article_modified_time":"2025-12-24T11:24:18+00:00","og_image":[{"width":1900,"height":1267,"url":"https:\/\/www.asssa.es\/wp-content\/uploads\/2025\/12\/Mosaico-ASSSA-2026-2.png","type":"image\/png"}],"twitter_card":"summary_large_image","twitter_misc":{"Gesch\u00e4tzte Lesezeit":"1\u00a0Minute"},"schema":{"@context":"https:\/\/schema.org","@graph":[{"@type":"WebPage","@id":"https:\/\/www.asssa.es\/de\/uber-asssa\/werde-teil-unseres-teams\/","url":"https:\/\/www.asssa.es\/de\/uber-asssa\/werde-teil-unseres-teams\/","name":"WERDE TEIL UNSERES TEAMS - ASSSA Deutsch","isPartOf":{"@id":"https:\/\/www.asssa.es\/de\/#website"},"primaryImageOfPage":{"@id":"https:\/\/www.asssa.es\/de\/uber-asssa\/werde-teil-unseres-teams\/#primaryimage"},"image":{"@id":"https:\/\/www.asssa.es\/de\/uber-asssa\/werde-teil-unseres-teams\/#primaryimage"},"thumbnailUrl":"https:\/\/www.asssa.es\/wp-content\/uploads\/2025\/12\/Mosaico-ASSSA-2026-2.png","datePublished":"2019-07-23T16:58:17+00:00","dateModified":"2025-12-24T11:24:18+00:00","breadcrumb":{"@id":"https:\/\/www.asssa.es\/de\/uber-asssa\/werde-teil-unseres-teams\/#breadcrumb"},"inLanguage":"de","potentialAction":[{"@type":"ReadAction","target":["https:\/\/www.asssa.es\/de\/uber-asssa\/werde-teil-unseres-teams\/"]}]},{"@type":"ImageObject","inLanguage":"de","@id":"https:\/\/www.asssa.es\/de\/uber-asssa\/werde-teil-unseres-teams\/#primaryimage","url":"https:\/\/www.asssa.es\/wp-content\/uploads\/2025\/12\/Mosaico-ASSSA-2026-2.png","contentUrl":"https:\/\/www.asssa.es\/wp-content\/uploads\/2025\/12\/Mosaico-ASSSA-2026-2.png","width":1900,"height":1267},{"@type":"BreadcrumbList","@id":"https:\/\/www.asssa.es\/de\/uber-asssa\/werde-teil-unseres-teams\/#breadcrumb","itemListElement":[{"@type":"ListItem","position":1,"name":"Portada","item":"https:\/\/www.asssa.es\/de\/"},{"@type":"ListItem","position":2,"name":"\u00dcber ASSSA","item":"https:\/\/www.asssa.es\/de\/uber-asssa\/"},{"@type":"ListItem","position":3,"name":"WERDE TEIL UNSERES TEAMS"}]},{"@type":"WebSite","@id":"https:\/\/www.asssa.es\/de\/#website","url":"https:\/\/www.asssa.es\/de\/","name":"ASSSA Deutsch","description":"","potentialAction":[{"@type":"SearchAction","target":{"@type":"EntryPoint","urlTemplate":"https:\/\/www.asssa.es\/de\/?s={search_term_string}"},"query-input":{"@type":"PropertyValueSpecification","valueRequired":true,"valueName":"search_term_string"}}],"inLanguage":"de"}]}},"_links":{"self":[{"href":"https:\/\/www.asssa.es\/de\/wp-json\/wp\/v2\/pages\/4035","targetHints":{"allow":["GET"]}}],"collection":[{"href":"https:\/\/www.asssa.es\/de\/wp-json\/wp\/v2\/pages"}],"about":[{"href":"https:\/\/www.asssa.es\/de\/wp-json\/wp\/v2\/types\/page"}],"author":[{"embeddable":true,"href":"https:\/\/www.asssa.es\/de\/wp-json\/wp\/v2\/users\/20"}],"replies":[{"embeddable":true,"href":"https:\/\/www.asssa.es\/de\/wp-json\/wp\/v2\/comments?post=4035"}],"version-history":[{"count":5,"href":"https:\/\/www.asssa.es\/de\/wp-json\/wp\/v2\/pages\/4035\/revisions"}],"predecessor-version":[{"id":8525,"href":"https:\/\/www.asssa.es\/de\/wp-json\/wp\/v2\/pages\/4035\/revisions\/8525"}],"up":[{"embeddable":true,"href":"https:\/\/www.asssa.es\/de\/wp-json\/wp\/v2\/pages\/14"}],"wp:featuredmedia":[{"embeddable":true,"href":"https:\/\/www.asssa.es\/de\/wp-json\/wp\/v2\/media\/23441"}],"wp:attachment":[{"href":"https:\/\/www.asssa.es\/de\/wp-json\/wp\/v2\/media?parent=4035"}],"curies":[{"name":"wp","href":"https:\/\/api.w.org\/{rel}","templated":true}]}}