{"id":53,"date":"2019-03-11T12:24:41","date_gmt":"2019-03-11T12:24:41","guid":{"rendered":"https:\/\/www.asssa.es\/?page_id=53"},"modified":"2025-09-16T13:31:00","modified_gmt":"2025-09-16T11:31:00","slug":"unfallversicherung","status":"publish","type":"page","link":"https:\/\/www.asssa.es\/de\/unfallversicherung\/","title":{"rendered":"Unfallversicherungen"},"content":{"rendered":"<p>Im Alltag versichern wir unseren Hausrat, unser Fahrzeug oder schlie\u00dfen eine private Krankenversicherung f\u00fcr medizinische Versorgung ab.<\/p>\n<p>Unsere Unfallversicherungen sind ideal f\u00fcr einen zus\u00e4tzlichen Schutz Ihrer Familie und sichern Sie ab, um den gro\u00dfen Kostenaufwand\u00a0im Falle eines Unfalles\u00a0zu bew\u00e4ltigen.<\/p>\n","protected":false},"excerpt":{"rendered":"<p>Im Alltag versichern wir unseren Hausrat, unser Fahrzeug oder schlie\u00dfen eine private Krankenversicherung f\u00fcr medizinische Versorgung ab. Unsere Unfallversicherungen sind ideal f\u00fcr einen zus\u00e4tzlichen Schutz Ihrer Familie und sichern Sie ab, um den gro\u00dfen Kostenaufwand\u00a0im Falle eines Unfalles\u00a0zu bew\u00e4ltigen.<\/p>\n","protected":false},"author":20,"featured_media":0,"parent":0,"menu_order":0,"comment_status":"closed","ping_status":"closed","template":"tpl-listado_seguro.php","meta":{"_acf_changed":false,"footnotes":""},"class_list":["post-53","page","type-page","status-publish","hentry"],"acf":[],"yoast_head":"<!-- This site is optimized with the Yoast SEO plugin v27.3 - https:\/\/yoast.com\/product\/yoast-seo-wordpress\/ -->\n<title>Unfallversicherungen - ASSSA Deutsch<\/title>\n<meta name=\"robots\" content=\"index, follow, max-snippet:-1, max-image-preview:large, max-video-preview:-1\" \/>\n<link rel=\"canonical\" href=\"https:\/\/www.asssa.es\/de\/unfallversicherung\/\" \/>\n<meta property=\"og:locale\" content=\"de_DE\" \/>\n<meta property=\"og:type\" content=\"article\" \/>\n<meta property=\"og:title\" content=\"Unfallversicherungen - ASSSA Deutsch\" \/>\n<meta property=\"og:description\" content=\"Im Alltag versichern wir unseren Hausrat, unser Fahrzeug oder schlie\u00dfen eine private Krankenversicherung f\u00fcr medizinische Versorgung ab. Unsere Unfallversicherungen sind ideal f\u00fcr einen zus\u00e4tzlichen Schutz Ihrer Familie und sichern Sie ab, um den gro\u00dfen Kostenaufwand\u00a0im Falle eines Unfalles\u00a0zu bew\u00e4ltigen.\" \/>\n<meta property=\"og:url\" content=\"https:\/\/www.asssa.es\/de\/unfallversicherung\/\" \/>\n<meta property=\"og:site_name\" content=\"ASSSA Deutsch\" \/>\n<meta property=\"article:modified_time\" content=\"2025-09-16T11:31:00+00:00\" \/>\n<meta name=\"twitter:card\" content=\"summary_large_image\" \/>\n<meta name=\"twitter:label1\" content=\"Gesch\u00e4tzte Lesezeit\" \/>\n\t<meta name=\"twitter:data1\" content=\"1\u00a0Minute\" \/>\n<script type=\"application\/ld+json\" class=\"yoast-schema-graph\">{\"@context\":\"https:\\\/\\\/schema.org\",\"@graph\":[{\"@type\":\"WebPage\",\"@id\":\"https:\\\/\\\/www.asssa.es\\\/de\\\/unfallversicherung\\\/\",\"url\":\"https:\\\/\\\/www.asssa.es\\\/de\\\/unfallversicherung\\\/\",\"name\":\"Unfallversicherungen - ASSSA Deutsch\",\"isPartOf\":{\"@id\":\"https:\\\/\\\/www.asssa.es\\\/de\\\/#website\"},\"datePublished\":\"2019-03-11T12:24:41+00:00\",\"dateModified\":\"2025-09-16T11:31:00+00:00\",\"breadcrumb\":{\"@id\":\"https:\\\/\\\/www.asssa.es\\\/de\\\/unfallversicherung\\\/#breadcrumb\"},\"inLanguage\":\"de\",\"potentialAction\":[{\"@type\":\"ReadAction\",\"target\":[\"https:\\\/\\\/www.asssa.es\\\/de\\\/unfallversicherung\\\/\"]}]},{\"@type\":\"BreadcrumbList\",\"@id\":\"https:\\\/\\\/www.asssa.es\\\/de\\\/unfallversicherung\\\/#breadcrumb\",\"itemListElement\":[{\"@type\":\"ListItem\",\"position\":1,\"name\":\"Portada\",\"item\":\"https:\\\/\\\/www.asssa.es\\\/de\\\/\"},{\"@type\":\"ListItem\",\"position\":2,\"name\":\"Unfallversicherungen\"}]},{\"@type\":\"WebSite\",\"@id\":\"https:\\\/\\\/www.asssa.es\\\/de\\\/#website\",\"url\":\"https:\\\/\\\/www.asssa.es\\\/de\\\/\",\"name\":\"ASSSA Deutsch\",\"description\":\"\",\"potentialAction\":[{\"@type\":\"SearchAction\",\"target\":{\"@type\":\"EntryPoint\",\"urlTemplate\":\"https:\\\/\\\/www.asssa.es\\\/de\\\/?s={search_term_string}\"},\"query-input\":{\"@type\":\"PropertyValueSpecification\",\"valueRequired\":true,\"valueName\":\"search_term_string\"}}],\"inLanguage\":\"de\"}]}<\/script>\n<!-- \/ Yoast SEO plugin. -->","yoast_head_json":{"title":"Unfallversicherungen - ASSSA Deutsch","robots":{"index":"index","follow":"follow","max-snippet":"max-snippet:-1","max-image-preview":"max-image-preview:large","max-video-preview":"max-video-preview:-1"},"canonical":"https:\/\/www.asssa.es\/de\/unfallversicherung\/","og_locale":"de_DE","og_type":"article","og_title":"Unfallversicherungen - ASSSA Deutsch","og_description":"Im Alltag versichern wir unseren Hausrat, unser Fahrzeug oder schlie\u00dfen eine private Krankenversicherung f\u00fcr medizinische Versorgung ab. Unsere Unfallversicherungen sind ideal f\u00fcr einen zus\u00e4tzlichen Schutz Ihrer Familie und sichern Sie ab, um den gro\u00dfen Kostenaufwand\u00a0im Falle eines Unfalles\u00a0zu bew\u00e4ltigen.","og_url":"https:\/\/www.asssa.es\/de\/unfallversicherung\/","og_site_name":"ASSSA Deutsch","article_modified_time":"2025-09-16T11:31:00+00:00","twitter_card":"summary_large_image","twitter_misc":{"Gesch\u00e4tzte Lesezeit":"1\u00a0Minute"},"schema":{"@context":"https:\/\/schema.org","@graph":[{"@type":"WebPage","@id":"https:\/\/www.asssa.es\/de\/unfallversicherung\/","url":"https:\/\/www.asssa.es\/de\/unfallversicherung\/","name":"Unfallversicherungen - ASSSA Deutsch","isPartOf":{"@id":"https:\/\/www.asssa.es\/de\/#website"},"datePublished":"2019-03-11T12:24:41+00:00","dateModified":"2025-09-16T11:31:00+00:00","breadcrumb":{"@id":"https:\/\/www.asssa.es\/de\/unfallversicherung\/#breadcrumb"},"inLanguage":"de","potentialAction":[{"@type":"ReadAction","target":["https:\/\/www.asssa.es\/de\/unfallversicherung\/"]}]},{"@type":"BreadcrumbList","@id":"https:\/\/www.asssa.es\/de\/unfallversicherung\/#breadcrumb","itemListElement":[{"@type":"ListItem","position":1,"name":"Portada","item":"https:\/\/www.asssa.es\/de\/"},{"@type":"ListItem","position":2,"name":"Unfallversicherungen"}]},{"@type":"WebSite","@id":"https:\/\/www.asssa.es\/de\/#website","url":"https:\/\/www.asssa.es\/de\/","name":"ASSSA Deutsch","description":"","potentialAction":[{"@type":"SearchAction","target":{"@type":"EntryPoint","urlTemplate":"https:\/\/www.asssa.es\/de\/?s={search_term_string}"},"query-input":{"@type":"PropertyValueSpecification","valueRequired":true,"valueName":"search_term_string"}}],"inLanguage":"de"}]}},"_links":{"self":[{"href":"https:\/\/www.asssa.es\/de\/wp-json\/wp\/v2\/pages\/53","targetHints":{"allow":["GET"]}}],"collection":[{"href":"https:\/\/www.asssa.es\/de\/wp-json\/wp\/v2\/pages"}],"about":[{"href":"https:\/\/www.asssa.es\/de\/wp-json\/wp\/v2\/types\/page"}],"author":[{"embeddable":true,"href":"https:\/\/www.asssa.es\/de\/wp-json\/wp\/v2\/users\/20"}],"replies":[{"embeddable":true,"href":"https:\/\/www.asssa.es\/de\/wp-json\/wp\/v2\/comments?post=53"}],"version-history":[{"count":15,"href":"https:\/\/www.asssa.es\/de\/wp-json\/wp\/v2\/pages\/53\/revisions"}],"predecessor-version":[{"id":22119,"href":"https:\/\/www.asssa.es\/de\/wp-json\/wp\/v2\/pages\/53\/revisions\/22119"}],"wp:attachment":[{"href":"https:\/\/www.asssa.es\/de\/wp-json\/wp\/v2\/media?parent=53"}],"curies":[{"name":"wp","href":"https:\/\/api.w.org\/{rel}","templated":true}]}}