{"id":55,"date":"2019-03-11T12:25:38","date_gmt":"2019-03-11T12:25:38","guid":{"rendered":"https:\/\/www.asssa.es\/?page_id=55"},"modified":"2026-01-07T08:33:32","modified_gmt":"2026-01-07T07:33:32","slug":"inicio","status":"publish","type":"page","link":"https:\/\/www.asssa.es\/de\/","title":{"rendered":"Krankenversicherung f\u00fcr internationale Kunden in Spanien"},"content":{"rendered":"<div class=\"container promo-azul\">\n<p class=\"blue-banner\">Krankenversicherung f\u00fcr internationale Kunden in Spanien<\/p>\n<p>Durch unsere 90 Jahre Erfahrung in der Betreuung internationaler Kunden stehen Ihnen die besten \u00c4rzte, die neueste Technologie und pers\u00f6nlicher Kundenservice in Ihrer Sprache jederzeit zur Verf\u00fcgung.<\/p>\n<\/div>\n<section class=\"container icons\">\n<h2 class=\"underlined\">Investieren Sie in Ihre Gesundheit mit ASSSA<\/h2>\n<p>Geniessen Sie die Sicherheit, die unsere exklusiven Garantien und unser einzigartiger Service bieten.<\/p>\n<ul class=\"flex-container grid-icons grid-home\">\n<li><img decoding=\"async\" src=\"\/wp-content\/uploads\/sites\/3\/2019\/03\/icono10.png\" alt=\"icono\" \/>\n<div><strong>K\u00fcndigungsschutz<\/strong> Vertragliche Garantie, dass ASSSA Ihre Police nicht wegen Alter, Krankheit oder hoher Policennutzung k\u00fcndigen wird.<\/div>\n<\/li>\n<li><img decoding=\"async\" src=\"\/wp-content\/uploads\/2020\/12\/Icono-sin-copagos-60x60-1.png\" alt=\"icono\" \/>\n<div><strong>Krankenversicherungen ohne Zuzahlungen<\/strong><\/div>\n<\/li>\n<li><img decoding=\"async\" src=\"\/wp-content\/uploads\/sites\/3\/2019\/03\/icono11.png\" alt=\"icono\" \/>\n<div><strong>Keine Pr\u00e4mienerh\u00f6hung<\/strong> aufgrund des Alters. Ihr Eintrittsalter bleibt Grundlage der Pr\u00e4mienberechnung.<\/div>\n<\/li>\n<li><img decoding=\"async\" src=\"wp-content\/uploads\/sites\/3\/2019\/05\/icono62.png\" alt=\"icono\" \/>\n<div><strong>In Ihrer Sprache<\/strong> Pers\u00f6nlicher und professioneller Kundenservice in Ihrer Sprache. Vertragsbedingungen stehen Ihnen in verschiedenen Sprachen zur Verf\u00fcgung.<\/div>\n<\/li>\n<li><img decoding=\"async\" src=\"\/wp-content\/uploads\/sites\/3\/2019\/03\/icono40.png\" alt=\"icono\" \/>\n<div><strong>Erstklassige \u00c4rzte<\/strong> Freie Wahl innerhalb des ASSSA \u00c4rzteverzeichnis.<\/div>\n<\/li>\n<li><img decoding=\"async\" src=\"\/wp-content\/uploads\/sites\/3\/2019\/03\/icono18.png\" alt=\"icono\" \/>\n<div><strong>Sofortiger Zugang<\/strong> zu Privatkliniken und Spezialisten ohne Wartezeiten.<\/div>\n<\/li>\n<\/ul>\n<\/section>\n","protected":false},"excerpt":{"rendered":"<p>Krankenversicherung f\u00fcr internationale Kunden in Spanien Durch unsere 90 Jahre Erfahrung in der Betreuung internationaler Kunden stehen Ihnen die besten \u00c4rzte, die neueste Technologie und pers\u00f6nlicher Kundenservice in Ihrer Sprache jederzeit zur Verf\u00fcgung. Investieren Sie in Ihre Gesundheit mit ASSSA Geniessen Sie die Sicherheit, die unsere exklusiven Garantien und unser einzigartiger Service bieten. K\u00fcndigungsschutz Vertragliche [&hellip;]<\/p>\n","protected":false},"author":20,"featured_media":0,"parent":0,"menu_order":0,"comment_status":"closed","ping_status":"closed","template":"","meta":{"_acf_changed":false,"footnotes":""},"class_list":["post-55","page","type-page","status-publish","hentry"],"acf":[],"yoast_head":"<!-- This site is optimized with the Yoast SEO plugin v27.5 - https:\/\/yoast.com\/product\/yoast-seo-wordpress\/ -->\n<title>Krankenversicherung f\u00fcr internationale Kunden in Spanien - ASSSA Deutsch<\/title>\n<meta name=\"robots\" content=\"index, follow, max-snippet:-1, max-image-preview:large, max-video-preview:-1\" \/>\n<link rel=\"canonical\" href=\"https:\/\/www.asssa.es\/de\/\" \/>\n<meta property=\"og:locale\" content=\"de_DE\" \/>\n<meta property=\"og:type\" content=\"article\" \/>\n<meta property=\"og:title\" content=\"Krankenversicherung f\u00fcr internationale Kunden in Spanien - ASSSA Deutsch\" \/>\n<meta property=\"og:description\" content=\"Krankenversicherung f\u00fcr internationale Kunden in Spanien Durch unsere 90 Jahre Erfahrung in der Betreuung internationaler Kunden stehen Ihnen die besten \u00c4rzte, die neueste Technologie und pers\u00f6nlicher Kundenservice in Ihrer Sprache jederzeit zur Verf\u00fcgung. Investieren Sie in Ihre Gesundheit mit ASSSA Geniessen Sie die Sicherheit, die unsere exklusiven Garantien und unser einzigartiger Service bieten. K\u00fcndigungsschutz Vertragliche [&hellip;]\" \/>\n<meta property=\"og:url\" content=\"https:\/\/www.asssa.es\/de\/\" \/>\n<meta property=\"og:site_name\" content=\"ASSSA Deutsch\" \/>\n<meta property=\"article:modified_time\" content=\"2026-01-07T07:33:32+00:00\" \/>\n<meta name=\"twitter:card\" content=\"summary_large_image\" \/>\n<meta name=\"twitter:label1\" content=\"Gesch\u00e4tzte Lesezeit\" \/>\n\t<meta name=\"twitter:data1\" content=\"2\u00a0Minuten\" \/>\n<script type=\"application\/ld+json\" class=\"yoast-schema-graph\">{\"@context\":\"https:\\\/\\\/schema.org\",\"@graph\":[{\"@type\":\"WebPage\",\"@id\":\"https:\\\/\\\/www.asssa.es\\\/de\\\/\",\"url\":\"https:\\\/\\\/www.asssa.es\\\/de\\\/\",\"name\":\"Krankenversicherung f\u00fcr internationale Kunden in Spanien - ASSSA Deutsch\",\"isPartOf\":{\"@id\":\"https:\\\/\\\/www.asssa.es\\\/de\\\/#website\"},\"datePublished\":\"2019-03-11T12:25:38+00:00\",\"dateModified\":\"2026-01-07T07:33:32+00:00\",\"breadcrumb\":{\"@id\":\"https:\\\/\\\/www.asssa.es\\\/de\\\/#breadcrumb\"},\"inLanguage\":\"de\",\"potentialAction\":[{\"@type\":\"ReadAction\",\"target\":[\"https:\\\/\\\/www.asssa.es\\\/de\\\/\"]}]},{\"@type\":\"BreadcrumbList\",\"@id\":\"https:\\\/\\\/www.asssa.es\\\/de\\\/#breadcrumb\",\"itemListElement\":[{\"@type\":\"ListItem\",\"position\":1,\"name\":\"Portada\",\"item\":\"https:\\\/\\\/www.asssa.es\\\/de\\\/\"},{\"@type\":\"ListItem\",\"position\":2,\"name\":\"Krankenversicherung f\u00fcr internationale Kunden in Spanien\"}]},{\"@type\":\"WebSite\",\"@id\":\"https:\\\/\\\/www.asssa.es\\\/de\\\/#website\",\"url\":\"https:\\\/\\\/www.asssa.es\\\/de\\\/\",\"name\":\"ASSSA Deutsch\",\"description\":\"\",\"potentialAction\":[{\"@type\":\"SearchAction\",\"target\":{\"@type\":\"EntryPoint\",\"urlTemplate\":\"https:\\\/\\\/www.asssa.es\\\/de\\\/?s={search_term_string}\"},\"query-input\":{\"@type\":\"PropertyValueSpecification\",\"valueRequired\":true,\"valueName\":\"search_term_string\"}}],\"inLanguage\":\"de\"}]}<\/script>\n<!-- \/ Yoast SEO plugin. -->","yoast_head_json":{"title":"Krankenversicherung f\u00fcr internationale Kunden in Spanien - ASSSA Deutsch","robots":{"index":"index","follow":"follow","max-snippet":"max-snippet:-1","max-image-preview":"max-image-preview:large","max-video-preview":"max-video-preview:-1"},"canonical":"https:\/\/www.asssa.es\/de\/","og_locale":"de_DE","og_type":"article","og_title":"Krankenversicherung f\u00fcr internationale Kunden in Spanien - ASSSA Deutsch","og_description":"Krankenversicherung f\u00fcr internationale Kunden in Spanien Durch unsere 90 Jahre Erfahrung in der Betreuung internationaler Kunden stehen Ihnen die besten \u00c4rzte, die neueste Technologie und pers\u00f6nlicher Kundenservice in Ihrer Sprache jederzeit zur Verf\u00fcgung. Investieren Sie in Ihre Gesundheit mit ASSSA Geniessen Sie die Sicherheit, die unsere exklusiven Garantien und unser einzigartiger Service bieten. K\u00fcndigungsschutz Vertragliche [&hellip;]","og_url":"https:\/\/www.asssa.es\/de\/","og_site_name":"ASSSA Deutsch","article_modified_time":"2026-01-07T07:33:32+00:00","twitter_card":"summary_large_image","twitter_misc":{"Gesch\u00e4tzte Lesezeit":"2\u00a0Minuten"},"schema":{"@context":"https:\/\/schema.org","@graph":[{"@type":"WebPage","@id":"https:\/\/www.asssa.es\/de\/","url":"https:\/\/www.asssa.es\/de\/","name":"Krankenversicherung f\u00fcr internationale Kunden in Spanien - ASSSA Deutsch","isPartOf":{"@id":"https:\/\/www.asssa.es\/de\/#website"},"datePublished":"2019-03-11T12:25:38+00:00","dateModified":"2026-01-07T07:33:32+00:00","breadcrumb":{"@id":"https:\/\/www.asssa.es\/de\/#breadcrumb"},"inLanguage":"de","potentialAction":[{"@type":"ReadAction","target":["https:\/\/www.asssa.es\/de\/"]}]},{"@type":"BreadcrumbList","@id":"https:\/\/www.asssa.es\/de\/#breadcrumb","itemListElement":[{"@type":"ListItem","position":1,"name":"Portada","item":"https:\/\/www.asssa.es\/de\/"},{"@type":"ListItem","position":2,"name":"Krankenversicherung f\u00fcr internationale Kunden in Spanien"}]},{"@type":"WebSite","@id":"https:\/\/www.asssa.es\/de\/#website","url":"https:\/\/www.asssa.es\/de\/","name":"ASSSA Deutsch","description":"","potentialAction":[{"@type":"SearchAction","target":{"@type":"EntryPoint","urlTemplate":"https:\/\/www.asssa.es\/de\/?s={search_term_string}"},"query-input":{"@type":"PropertyValueSpecification","valueRequired":true,"valueName":"search_term_string"}}],"inLanguage":"de"}]}},"_links":{"self":[{"href":"https:\/\/www.asssa.es\/de\/wp-json\/wp\/v2\/pages\/55","targetHints":{"allow":["GET"]}}],"collection":[{"href":"https:\/\/www.asssa.es\/de\/wp-json\/wp\/v2\/pages"}],"about":[{"href":"https:\/\/www.asssa.es\/de\/wp-json\/wp\/v2\/types\/page"}],"author":[{"embeddable":true,"href":"https:\/\/www.asssa.es\/de\/wp-json\/wp\/v2\/users\/20"}],"replies":[{"embeddable":true,"href":"https:\/\/www.asssa.es\/de\/wp-json\/wp\/v2\/comments?post=55"}],"version-history":[{"count":63,"href":"https:\/\/www.asssa.es\/de\/wp-json\/wp\/v2\/pages\/55\/revisions"}],"predecessor-version":[{"id":23540,"href":"https:\/\/www.asssa.es\/de\/wp-json\/wp\/v2\/pages\/55\/revisions\/23540"}],"wp:attachment":[{"href":"https:\/\/www.asssa.es\/de\/wp-json\/wp\/v2\/media?parent=55"}],"curies":[{"name":"wp","href":"https:\/\/api.w.org\/{rel}","templated":true}]}}