{"id":6129,"date":"2019-09-18T17:22:28","date_gmt":"2019-09-18T15:22:28","guid":{"rendered":"https:\/\/www.asssa.es\/de\/?page_id=6129"},"modified":"2019-09-20T14:02:47","modified_gmt":"2019-09-20T12:02:47","slug":"rechtlicher-hinweis","status":"publish","type":"page","link":"https:\/\/www.asssa.es\/de\/rechtlicher-hinweis\/","title":{"rendered":"Rechtlicher Hinweis"},"content":{"rendered":"<p>Wir danken f\u00fcr Ihren Besuch. Wir m\u00f6chten, dass Ihr Erlebnis auf unserer Webseite optimal ist.<\/p>\n<p>Wenn Sie auf unsere Dienstleistungen zugreifen, erkl\u00e4ren Sie, <strong>dass Sie vollj\u00e4hrig<\/strong> <strong>sind<\/strong> und die Rechtsf\u00e4higkeit besitzen, um unsere Dienste in \u00dcbereinstimmung mit Ihrem nationalen Recht zu nutzen.<\/p>\n<p>Der Zugang und das Surfen auf der Webseite, bzw. die Nutzung ihrer Dienstleistungen setzen die ausdr\u00fcckliche und vollst\u00e4ndige Annahme aller und jeder einzelnen dieser Allgemeinen Gesch\u00e4ftsbedingungen voraus, einschlie\u00dflich die f\u00fcr bestimmte Werbeaktionen festgelegten besonderen Bedingungen sowie die Datenschutzrichtlinien und Cookies, die sich auf die geltenden Vorschriften zum Schutz personenbezogener Daten beziehen. Bitte lesen Sie diese sorgf\u00e4ltig durch, um zu erfahren, welche Art von Daten \u00fcber unsere Website erhoben werden, f\u00fcr welche Zwecke und welche Rechte Sie daran haben.<\/p>\n<p><strong>1- Rechtliche Informationen.<\/strong><\/p>\n<p>In \u00dcbereinstimmung mit dem Gesetz 34\/2002 vom 11. Juli f\u00fcr die Dienste der Informationsgesellschaft und dem elektronischen Gesch\u00e4ftsverkehr, sind die Identifizierungsdaten des Eigent\u00fcmers des Webportals:<\/p>\n<p>ASSSA &#8211; AGRUPACI\u00d3N SANITARIA SEGUROS, S. A.<\/p>\n<p>AVDA. ALFONSO X EL SABIO, Nr. 14, ENTRESUELO<\/p>\n<p>03004 ALICANTE, SPANIEN<\/p>\n<p>A28005312<\/p>\n<p>Eingetragen im Handelsregister von Alicante auf Seite A-76181, Band 2.643, Buch 0, Abschnitt 8.<\/p>\n<p>Wenn Sie Zweifel oder Fragen haben, setzten Sie sich bitte mit uns telefonisch in Verbindung unter der Telefonnummer: 965200106, E-Mail: <a href=\"mailto:info@asssa.es\">info@asssa.es<\/a><\/p>\n<p>Der Zugriff auf die Webseite setzt die ausdr\u00fcckliche Zustimmung des Nutzers zu den vorliegenden Allgemeinen Nutzungsbedingungen voraus. Diese k\u00f6nnen durch den Inhaber und zu jedem Zeitpunkt ohne vorherige Ank\u00fcndigung ganz oder teilweise ge\u00e4ndert oder durch andere ersetzt werden. Wir empfehlen Ihnen, von Zeit zu Zeit auf diese Bedingungen zuzugreifen, um m\u00f6gliche \u00c4nderungen, die unter dem gleichen Abschnitt ver\u00f6ffentlicht werden, festzustellen.<\/p>\n<p><strong>2- Allgemeine Nutzungsbedingungen.<\/strong><\/p>\n<p>Die folgenden Allgemeinen Nutzungsbedingungen regeln die Nutzung und den Zugang zum Webportal, deren Zweck es ist, Richtlinien f\u00fcr dessen ordnungsgem\u00e4\u00dfe Nutzung und Verhalten festzulegen. ASSSA &#8211; AGRUPACI\u00d3N SANITARIA SEGUROS, S.\u00a0A. stellt den Nutzern Informationen \u00fcber die Nutzung, Dienste und Inhalte zur Verf\u00fcgung, die auf der Webseite gehostet werden. Dadurch hat der Nutzer Zugang zu Informationen \u00fcber bestimmte Produkte und Dienstleistungen, Tools und Anwendungen.<\/p>\n<p>Die \u00fcber die Webseite angebotenen Daten und Informationen \u00fcber Produkte oder Dienstleistungen, Preise und Eigenschaften oder andere relevante Daten werden von Lieferanten und Dritten ausgef\u00fchrt, bereitgestellt und aktualisiert. ASSSA &#8211; AGRUPACI\u00d3N SANITARIA SEGUROS, S. A. ist unter keinen Umst\u00e4nden f\u00fcr diese Daten und Informationen verantwortlich und \u00fcbernimmt auch keine Verpflichtung in Bezug auf dieselben.<\/p>\n<p>Der Nutzer verpflichtet sich, die zug\u00e4nglichen Inhalte, Dienstleistungen, Anwendungen und Tools nach dem Gesetz und diesen Allgemeinen Nutzungsbedingungen zu nutzen und gegebenenfalls, bei bestimmten Dienstleistungen und Anwendungen, nach den besonderen Bedingungen und dabei jederzeit die anderen Nutzer zu respektieren.<\/p>\n<p>Im Falle einer vollst\u00e4ndigen und\/oder teilweisen Nichteinhaltung dieser Allgemeinen Nutzungsbedingungen durch den Nutzer beh\u00e4lt sich ASSSA &#8211; AGRUPACI\u00d3N SANITARIA SEGUROS, S. A. das Recht vor, den Zugang zur Webseite ohne vorherige Ank\u00fcndigung an den Nutzer zu verweigern.<\/p>\n<p><strong>3- Allgemeine Verpflichtungen des Nutzers.<\/strong><\/p>\n<p>Mit der Annahme dieser Allgemeinen Nutzungsbedingungen verpflichtet sich der Nutzer ausdr\u00fccklich:<\/p>\n<p>&#8211; Keine Ma\u00dfnahmen zu ergreifen, die darauf abzielen, die Funktionen, Tools, Inhalte und\/oder die Infrastruktur der Webseite zu gef\u00e4hrden, zu blockieren, zu besch\u00e4digen, nutzlos zu machen, zu \u00fcberladen, vor\u00fcbergehend oder endg\u00fcltig zu \u00fcberlasten und ihre normale Nutzung zu verhindern.<\/p>\n<p>&#8211; Die Vertraulichkeit der mit Ihrem Benutzernamen verbundenen Zugangscodes zu wahren, wobei Sie f\u00fcr die Verwendung dieser pers\u00f6nlichen und nicht \u00fcbertragbaren Passw\u00f6rter verantwortlich sind.<\/p>\n<p>&#8211; Keine beleidigenden oder verleumderischen Inhalte zu ver\u00f6ffentlichen, sowohl von anderen Nutzern, als auch von Drittunternehmen, die nichts mit ASSSA AGRUPACI\u00d3N SANITARIA SEGUROS, S. A. zu tun haben.<\/p>\n<p>&#8211; Keine der auf dieser Website enthaltenen Materialien und Informationen f\u00fcr illegale Zwecke zu verwenden und\/oder ausdr\u00fccklich in diesen Allgemeinen Nutzungsbedingungen sowie in den besonderen Bedingungen, die gegebenenfalls f\u00fcr bestimmte Anwendungen und\/oder Dienstprogramme festgelegt sind und die den Rechten und Interessen von ASSSA &#8211; AGRUPACI\u00d3N SANITARIA SEGUROS, S. A., seinen Benutzern und\/oder Dritten widersprechen.<\/p>\n<p>&#8211; Keine Produkte und Dienstleistungen anzubieten oder zu vertreiben, keine Werbung oder unaufgeforderte kommerzielle Kommunikation an andere Nutzer und Besucher von ASSSA &#8211; AGRUPACI\u00d3N SANITARIA SEGUROS, S.A. zu betreiben.<\/p>\n<p>Der Nutzer haftet f\u00fcr alle Sch\u00e4den jeglicher Art, die ASSSA &#8211; AGRUPACI\u00d3N SANITARIA SEGUROS, S. A. oder Dritten infolge der Verletzung einer der Verpflichtungen entstanden sind, denen der Nutzer aufgrund dieser \u201eAllgemeinen Nutzungsbedingungen\u201c oder des Gesetzes \u00fcber den Zugang und\/oder die Nutzung der Seite unterliegt.<\/p>\n<p><strong>4- Geistiges und gewerbliches Eigentum.<\/strong><\/p>\n<p>Die Webseite, die darin enthaltenen Seiten und die darin enthaltenen Informationen oder Elemente (einschlie\u00dflich Texte, Dokumente, Fotos, Zeichnungen, grafische Darstellungen, deren Inhaber das Unternehmen oder Dritte sind, die den Inhaber, unter anderem, zur Verwendung erm\u00e4chtigen) sowie Logos, Marken, Handelsnamen oder andere unterscheidungskr\u00e4ftige Zeichen sind durch geistige und\/oder gewerbliche Schutzrechte gesch\u00fctzt, deren Eigent\u00fcmer ASSSA &#8211; AGRUPACI\u00d3N SANITARIA SEGUROS, S. A. ist oder die Genehmigung f\u00fcr deren Verwendung und \u00f6ffentliche Kommunikation besitzt.<\/p>\n<p>Der Nutzer verpflichtet sich, die Inhalte sorgf\u00e4ltig und korrekt, in \u00dcbereinstimmung mit dem Gesetz, der Sittlichkeit und der \u00f6ffentlichen Ordnung zu verwenden. ASSSA &#8211; AGRUPACI\u00d3N SANITARIA SEGUROS, S. A. erm\u00e4chtigt den Nutzer, die auf dieser Webseite enthaltenen Informationen einzusehen und private Vervielf\u00e4ltigungen (einfaches Herunterladen und Speichern in seinen Computersystemen) durchzuf\u00fchren, sofern die Elemente ausschlie\u00dflich f\u00fcr den pers\u00f6nlichen Gebrauch bestimmt sind. In keinem Fall bedeutet dies eine Genehmigung oder Lizenz \u00fcber die Eigentumsrechte von ASSSA &#8211; AGRUPACI\u00d3N SANITARIA SEGUROS, S. A. oder der rechtlichen Inhaber.<\/p>\n<p>Der Nutzer ist nicht berechtigt, die auf dieser Webseite enthaltenen Informationen in irgendeiner Form und zu welchem Zweck auch immer zu verbreiten, zu \u00e4ndern, abzutreten oder \u00f6ffentlich zug\u00e4nglich zu machen.<\/p>\n<p><strong>5- Links.<\/strong><\/p>\n<p>Die Verbindungen und Links zu Sites und Webseiten Dritter wurden ausschlie\u00dflich zugunsten des Nutzers eingerichtet. ASSSA &#8211; AGRUPACI\u00d3N SANITARIA SEGUROS, S.\u00a0A. ist unter keinen Umst\u00e4nden f\u00fcr diese oder deren Inhalt verantwortlich.<\/p>\n<p>ASSSA &#8211; AGRUPACI\u00d3N SANITARIA SEGUROS, S. A. \u00fcbernimmt keine Verantwortung, die sich aus der Existenz von Links zwischen den Inhalten dieser Webseite und Inhalten au\u00dferhalb derselben oder aus einer anderen Erw\u00e4hnung von Inhalten au\u00dferhalb dieser Webseite ergibt. Solche Links oder Erw\u00e4hnungen haben ausschlie\u00dflich informativen Charakter und beinhalten in keinem Fall die Unterst\u00fctzung, Genehmigung, Vermarktung oder irgendeine Beziehung zwischen ASSSA &#8211; AGRUPACI\u00d3N SANITARIA SEGUROS, S. A. und den Personen oder K\u00f6rperschaften, die solche Inhalte verfassen und\/oder verwalten, oder den Eigent\u00fcmern der Webseiten, auf denen sie sich befinden.<\/p>\n<p>Um Links auf die Webseite zu setzen, bedarf es der ausdr\u00fccklichen schriftlichen Genehmigung der Inhaber des Portals.<\/p>\n<p><strong>6- Haftung.<\/strong><\/p>\n<p>Das Unternehmen ASSSA &#8211; AGRUPACI\u00d3N SANITARIA SEGUROS, S. A. garantiert weder den kontinuierlichen Zugriff noch die korrekte Anzeige, das Herunterladen oder die korrekte Verwendung der auf den Portalseiten enthaltenen Elemente und Informationen, die durch Faktoren oder Umst\u00e4nde, die sich seiner Kontrolle entziehen, behindert oder unterbrochen werden k\u00f6nnen, oder die durch das Vorhandensein von Computerviren im Internet entstehen.<\/p>\n<p>ASSSA &#8211; AGRUPACI\u00d3N SANITARIA SEGUROS, S. A. \u00fcbernimmt keine Verantwortung f\u00fcr Sch\u00e4den, Verluste, Anspr\u00fcche oder Ausgaben, die durch:<\/p>\n<p>(I) St\u00f6rungen, Unterbrechungen, Ausf\u00e4lle, Auslassungen, Verz\u00f6gerungen, Blockaden oder Versorgungsausf\u00e4lle, die durch Fehler in den Telekommunikationsleitungen und -netzen oder durch andere Ursachen verursacht werden und au\u00dferhalb der Kontrolle von ASSSA &#8211; AGRUPACI\u00d3N SANITARIA SEGUROS, S. A. liegen.<\/p>\n<p>(I) Illegitime Eingriffe durch den Einsatz von b\u00f6sartigen Programmen jeglicher Art und durch Kommunikationsmittel, wie Computerviren oder andere.<\/p>\n<p>(III) Unangemessene oder unsachgem\u00e4\u00dfe Nutzung der Website von ASSSA &#8211; AGRUPACI\u00d3N SANITARIA SEGUROS, S. A.<\/p>\n<p>(IV) Sicherheits- oder Navigationsfehler, die durch eine Fehlfunktion des Navigators oder durch die Verwendung nicht aktualisierter Versionen verursacht werden.<\/p>\n<p>ASSSA &#8211; AGRUPACI\u00d3N SANITARIA SEGUROS, S. A. ist nicht verantwortlich f\u00fcr die Handlungen von Nutzern und Dritten, die nicht mit ASSSA &#8211; AGRUPACI\u00d3N SANITARIA SEGUROS, S. A. zusammenh\u00e4ngen, die unlauteren Wettbewerb und illegale Werbung oder die Verletzung von Rechten an geistigem und gewerblichem Eigentum, Gesch\u00e4ftsgeheimnissen, vertraglichen Verpflichtungen jeglicher Art, dem Recht auf Ehre, dem pers\u00f6nlichen und famili\u00e4ren Datenschutz und dem Bild, den Eigentumsrechten und allen anderen Rechten, die einem Dritten aufgrund der \u00dcbertragung, Verbreitung, Speicherung, Bereitstellung, des Empfangs, des Erwerbs oder des Zugangs zu den Inhalten zustehen, zur Folge hat oder haben kann.<\/p>\n<p><strong>7- Pers\u00f6nlicher Datenschutz.<\/strong><\/p>\n<p>Sie finden alle Richtlinien zur Verarbeitung personenbezogener Daten in der Datenschutzerkl\u00e4rung, die integraler Bestandteil dieser Allgemeinen Gesch\u00e4ftsbedingungen ist, die wir aber der Einfachheit halber in einem separaten Dokument zusammengefasst haben: <a href=\"https:\/\/www.asssa.es\/de\/politica-de-privacidad\/\" target=\"_blank\" rel=\"noopener noreferrer\">Datenschutz<\/a>.<\/p>\n<p><strong>8- Gesetzgebung.<\/strong><\/p>\n<p>Das vorliegende Impressum und seine Bedingungen unterliegen dem spanischen Recht und wird in \u00dcbereinstimmung mit diesem ausgelegt. Der Nutzer gew\u00e4hrt unwiderruflich seine Zustimmung, allein aus der Tatsache, dass er \u00fcber einen Zugriff auf die Webseite besitzt oder den Status eines registrierten Nutzers erlangt, damit die zust\u00e4ndigen Gerichte \u00fcber jegliche Gerichtsverfahren, die sich aus oder im Zusammenhang mit diesen Bedingungen, die Nutzung dieser Webseite oder der von ihr durchgef\u00fchrten Navigation ergeben entscheiden k\u00f6nnen.<\/p>\n<p>Wird eine Bestimmung oder ein Teil dieser Allgemeinen Bedingungen, die f\u00fcr das Bestehen dieser Bedingungen nicht von wesentlicher Bedeutung ist, f\u00fcr ung\u00fcltig oder nicht anwendbar erkl\u00e4rt, so bleibt die G\u00fcltigkeit der \u00fcbrigen Bestimmungen unber\u00fchrt.<\/p>\n","protected":false},"excerpt":{"rendered":"<p>Wir danken f\u00fcr Ihren Besuch. Wir m\u00f6chten, dass Ihr Erlebnis auf unserer Webseite optimal ist. Wenn Sie auf unsere Dienstleistungen zugreifen, erkl\u00e4ren Sie, dass Sie vollj\u00e4hrig sind und die Rechtsf\u00e4higkeit besitzen, um unsere Dienste in \u00dcbereinstimmung mit Ihrem nationalen Recht zu nutzen. Der Zugang und das Surfen auf der Webseite, bzw. die Nutzung ihrer Dienstleistungen [&hellip;]<\/p>\n","protected":false},"author":20,"featured_media":0,"parent":0,"menu_order":0,"comment_status":"closed","ping_status":"closed","template":"tpl-estatica.php","meta":{"_acf_changed":false,"footnotes":""},"class_list":["post-6129","page","type-page","status-publish","hentry"],"acf":[],"yoast_head":"<!-- This site is optimized with the Yoast SEO plugin v27.4 - https:\/\/yoast.com\/product\/yoast-seo-wordpress\/ -->\n<title>Rechtlicher Hinweis - ASSSA Deutsch<\/title>\n<meta name=\"robots\" content=\"index, follow, max-snippet:-1, max-image-preview:large, max-video-preview:-1\" \/>\n<link rel=\"canonical\" href=\"https:\/\/www.asssa.es\/de\/rechtlicher-hinweis\/\" \/>\n<meta property=\"og:locale\" content=\"de_DE\" \/>\n<meta property=\"og:type\" content=\"article\" \/>\n<meta property=\"og:title\" content=\"Rechtlicher Hinweis - ASSSA Deutsch\" \/>\n<meta property=\"og:description\" content=\"Wir danken f\u00fcr Ihren Besuch. Wir m\u00f6chten, dass Ihr Erlebnis auf unserer Webseite optimal ist. Wenn Sie auf unsere Dienstleistungen zugreifen, erkl\u00e4ren Sie, dass Sie vollj\u00e4hrig sind und die Rechtsf\u00e4higkeit besitzen, um unsere Dienste in \u00dcbereinstimmung mit Ihrem nationalen Recht zu nutzen. Der Zugang und das Surfen auf der Webseite, bzw. die Nutzung ihrer Dienstleistungen [&hellip;]\" \/>\n<meta property=\"og:url\" content=\"https:\/\/www.asssa.es\/de\/rechtlicher-hinweis\/\" \/>\n<meta property=\"og:site_name\" content=\"ASSSA Deutsch\" \/>\n<meta property=\"article:modified_time\" content=\"2019-09-20T12:02:47+00:00\" \/>\n<meta name=\"twitter:card\" content=\"summary_large_image\" \/>\n<meta name=\"twitter:label1\" content=\"Gesch\u00e4tzte Lesezeit\" \/>\n\t<meta name=\"twitter:data1\" content=\"8\u00a0Minuten\" \/>\n<script type=\"application\/ld+json\" class=\"yoast-schema-graph\">{\"@context\":\"https:\\\/\\\/schema.org\",\"@graph\":[{\"@type\":\"WebPage\",\"@id\":\"https:\\\/\\\/www.asssa.es\\\/de\\\/rechtlicher-hinweis\\\/\",\"url\":\"https:\\\/\\\/www.asssa.es\\\/de\\\/rechtlicher-hinweis\\\/\",\"name\":\"Rechtlicher Hinweis - ASSSA Deutsch\",\"isPartOf\":{\"@id\":\"https:\\\/\\\/www.asssa.es\\\/de\\\/#website\"},\"datePublished\":\"2019-09-18T15:22:28+00:00\",\"dateModified\":\"2019-09-20T12:02:47+00:00\",\"breadcrumb\":{\"@id\":\"https:\\\/\\\/www.asssa.es\\\/de\\\/rechtlicher-hinweis\\\/#breadcrumb\"},\"inLanguage\":\"de\",\"potentialAction\":[{\"@type\":\"ReadAction\",\"target\":[\"https:\\\/\\\/www.asssa.es\\\/de\\\/rechtlicher-hinweis\\\/\"]}]},{\"@type\":\"BreadcrumbList\",\"@id\":\"https:\\\/\\\/www.asssa.es\\\/de\\\/rechtlicher-hinweis\\\/#breadcrumb\",\"itemListElement\":[{\"@type\":\"ListItem\",\"position\":1,\"name\":\"Portada\",\"item\":\"https:\\\/\\\/www.asssa.es\\\/de\\\/\"},{\"@type\":\"ListItem\",\"position\":2,\"name\":\"Rechtlicher Hinweis\"}]},{\"@type\":\"WebSite\",\"@id\":\"https:\\\/\\\/www.asssa.es\\\/de\\\/#website\",\"url\":\"https:\\\/\\\/www.asssa.es\\\/de\\\/\",\"name\":\"ASSSA Deutsch\",\"description\":\"\",\"potentialAction\":[{\"@type\":\"SearchAction\",\"target\":{\"@type\":\"EntryPoint\",\"urlTemplate\":\"https:\\\/\\\/www.asssa.es\\\/de\\\/?s={search_term_string}\"},\"query-input\":{\"@type\":\"PropertyValueSpecification\",\"valueRequired\":true,\"valueName\":\"search_term_string\"}}],\"inLanguage\":\"de\"}]}<\/script>\n<!-- \/ Yoast SEO plugin. -->","yoast_head_json":{"title":"Rechtlicher Hinweis - ASSSA Deutsch","robots":{"index":"index","follow":"follow","max-snippet":"max-snippet:-1","max-image-preview":"max-image-preview:large","max-video-preview":"max-video-preview:-1"},"canonical":"https:\/\/www.asssa.es\/de\/rechtlicher-hinweis\/","og_locale":"de_DE","og_type":"article","og_title":"Rechtlicher Hinweis - ASSSA Deutsch","og_description":"Wir danken f\u00fcr Ihren Besuch. Wir m\u00f6chten, dass Ihr Erlebnis auf unserer Webseite optimal ist. Wenn Sie auf unsere Dienstleistungen zugreifen, erkl\u00e4ren Sie, dass Sie vollj\u00e4hrig sind und die Rechtsf\u00e4higkeit besitzen, um unsere Dienste in \u00dcbereinstimmung mit Ihrem nationalen Recht zu nutzen. Der Zugang und das Surfen auf der Webseite, bzw. die Nutzung ihrer Dienstleistungen [&hellip;]","og_url":"https:\/\/www.asssa.es\/de\/rechtlicher-hinweis\/","og_site_name":"ASSSA Deutsch","article_modified_time":"2019-09-20T12:02:47+00:00","twitter_card":"summary_large_image","twitter_misc":{"Gesch\u00e4tzte Lesezeit":"8\u00a0Minuten"},"schema":{"@context":"https:\/\/schema.org","@graph":[{"@type":"WebPage","@id":"https:\/\/www.asssa.es\/de\/rechtlicher-hinweis\/","url":"https:\/\/www.asssa.es\/de\/rechtlicher-hinweis\/","name":"Rechtlicher Hinweis - ASSSA Deutsch","isPartOf":{"@id":"https:\/\/www.asssa.es\/de\/#website"},"datePublished":"2019-09-18T15:22:28+00:00","dateModified":"2019-09-20T12:02:47+00:00","breadcrumb":{"@id":"https:\/\/www.asssa.es\/de\/rechtlicher-hinweis\/#breadcrumb"},"inLanguage":"de","potentialAction":[{"@type":"ReadAction","target":["https:\/\/www.asssa.es\/de\/rechtlicher-hinweis\/"]}]},{"@type":"BreadcrumbList","@id":"https:\/\/www.asssa.es\/de\/rechtlicher-hinweis\/#breadcrumb","itemListElement":[{"@type":"ListItem","position":1,"name":"Portada","item":"https:\/\/www.asssa.es\/de\/"},{"@type":"ListItem","position":2,"name":"Rechtlicher Hinweis"}]},{"@type":"WebSite","@id":"https:\/\/www.asssa.es\/de\/#website","url":"https:\/\/www.asssa.es\/de\/","name":"ASSSA Deutsch","description":"","potentialAction":[{"@type":"SearchAction","target":{"@type":"EntryPoint","urlTemplate":"https:\/\/www.asssa.es\/de\/?s={search_term_string}"},"query-input":{"@type":"PropertyValueSpecification","valueRequired":true,"valueName":"search_term_string"}}],"inLanguage":"de"}]}},"_links":{"self":[{"href":"https:\/\/www.asssa.es\/de\/wp-json\/wp\/v2\/pages\/6129","targetHints":{"allow":["GET"]}}],"collection":[{"href":"https:\/\/www.asssa.es\/de\/wp-json\/wp\/v2\/pages"}],"about":[{"href":"https:\/\/www.asssa.es\/de\/wp-json\/wp\/v2\/types\/page"}],"author":[{"embeddable":true,"href":"https:\/\/www.asssa.es\/de\/wp-json\/wp\/v2\/users\/20"}],"replies":[{"embeddable":true,"href":"https:\/\/www.asssa.es\/de\/wp-json\/wp\/v2\/comments?post=6129"}],"version-history":[{"count":6,"href":"https:\/\/www.asssa.es\/de\/wp-json\/wp\/v2\/pages\/6129\/revisions"}],"predecessor-version":[{"id":6144,"href":"https:\/\/www.asssa.es\/de\/wp-json\/wp\/v2\/pages\/6129\/revisions\/6144"}],"wp:attachment":[{"href":"https:\/\/www.asssa.es\/de\/wp-json\/wp\/v2\/media?parent=6129"}],"curies":[{"name":"wp","href":"https:\/\/api.w.org\/{rel}","templated":true}]}}