{"id":215,"date":"2019-03-25T11:20:37","date_gmt":"2019-03-25T10:20:37","guid":{"rendered":"https:\/\/www.asssa.es\/fr\/?page_id=215"},"modified":"2026-04-22T16:50:59","modified_gmt":"2026-04-22T14:50:59","slug":"politica-de-cookies","status":"publish","type":"page","link":"https:\/\/www.asssa.es\/fr\/politica-de-cookies\/","title":{"rendered":"Politique de Cookies"},"content":{"rendered":"<p>\tCette politique sur les cookies fait partie int\u00e9grante des conditions g\u00e9n\u00e9rales et de la politique de confidentialit\u00e9. L&rsquo;acc\u00e8s et la navigation sur le site, ou l&rsquo;utilisation des services de celui-ci, impliquent l&rsquo;acceptation des Conditions G\u00e9n\u00e9rales (et donc de la Politique de Confidentialit\u00e9 et de la Politique sur les Cookies). Veuillez les lire attentivement.<\/p>\n<p>&nbsp;<\/p>\n<p>Merci d&rsquo;avoir choisi de nous rendre visite. Nous voulons que votre exp\u00e9rience sur le site soit la meilleure possible, et c&rsquo;est pourquoi nous avons r\u00e9dig\u00e9 cette politique de cookies de la mani\u00e8re la plus transparente possible.<\/p>\n<p>&nbsp;<\/p>\n<h2>Qu\u2019est-ce qu\u2019un Cookie ?<\/h2>\n<p>Les cookies sont des fichiers qui contiennent de petites quantit\u00e9s d&rsquo;informations t\u00e9l\u00e9charg\u00e9es sur l&rsquo;appareil de l&rsquo;utilisateur qui est utilis\u00e9 lorsque vous visitez un site web. Son but principal est de reconna\u00eetre l&rsquo;utilisateur \u00e0 chaque fois qu&rsquo;il acc\u00e8de \u00e0 notre site web et nous permet \u00e9galement d&rsquo;am\u00e9liorer la qualit\u00e9 et la convivialit\u00e9 de notre site web.<\/p>\n<p>&nbsp;<\/p>\n<p>Les cookies sont essentiels au fonctionnement d&rsquo;Internet ; ils ne peuvent pas endommager votre ordinateur\/appareil et, s&rsquo;ils sont activ\u00e9s dans les param\u00e8tres de votre navigateur, ils nous aident \u00e0 identifier et \u00e0 r\u00e9soudre d&rsquo;\u00e9ventuelles erreurs de fonctionnement de www.asssa.es.<\/p>\n<p>&nbsp;<\/p>\n<h2>Types de Cookies<\/h2>\n<p>Il existe diff\u00e9rents types de cookies. Ils fonctionnent tous de la m\u00eame fa\u00e7on, mais avec de petites diff\u00e9rences :<\/p>\n<p>&nbsp;<\/p>\n<ol>\n<li><u>Cookies de Session<\/u>. Les cookies de session ne durent que pendant la dur\u00e9e de votre visite et sont supprim\u00e9s lorsque vous fermez votre navigateur. Leur but principal est d&rsquo;identifier le type de dispositif, renforcer la s\u00e9curit\u00e9 du site web ou sa fonctionnalit\u00e9 de base. Ils ne contiennent pas de renseignements personnels qui nous permettraient d&rsquo;identifier une personne.<\/li>\n<li><u>Cookies Persistants ou Permanents <\/u>: Ils sont stock\u00e9s sur le disque dur de l&rsquo;appareil et sont lus par notre site web \u00e0 chaque nouvelle visite ; ils ont une certaine date d&rsquo;expiration, apr\u00e8s quoi le cookie cesse de fonctionner. Ils nous permettent d&rsquo;identifier vos actions et pr\u00e9f\u00e9rences, d&rsquo;analyser les visites et de nous aider \u00e0 comprendre comment les utilisateurs acc\u00e8dent \u00e0 notre site et \u00e0 am\u00e9liorer nos services.<\/li>\n<li><u>Cookies de Fonctionnalit\u00e9 <\/u>: Ils permettent de m\u00e9moriser les d\u00e9cisions prises par l&rsquo;utilisateur, comme son login ou son identifiant. Les informations contenues dans ces cookies sont collect\u00e9es de mani\u00e8re anonyme (c&rsquo;est-\u00e0-dire qu&rsquo;elles ne contiennent pas votre nom, votre adresse ou d&rsquo;autres donn\u00e9es)<\/li>\n<li><u>Cookies de Tiers<\/u>. Les cookies tiers sont des cookies qui sont install\u00e9s par un site web qui n&rsquo;est pas celui que vous visitez ; par exemple, ceux utilis\u00e9s par les r\u00e9seaux sociaux (comme Facebook) ou par des ajouts de contenu externe (comme Google Maps). En outre, certaines agences de publicit\u00e9 utilisent ces types de fichiers pour suivre vos visites sur chaque site o\u00f9 elles sont annonc\u00e9es.<\/li>\n<li><u>Cookies Analytiques <\/u>: Ce sont des cookies qui ont pour but la maintenance p\u00e9riodique et garantissent un meilleur fonctionnement et service \u00e0 l&rsquo;utilisateur ; ils collectent des donn\u00e9es sur votre activit\u00e9.<\/li>\n<\/ol>\n<p>&nbsp;<\/p>\n<h2>Utilisation des cookies par ASSSA.<\/h2>\n<p>En acc\u00e9dant \u00e0 www.asssa.es, vous devez express\u00e9ment accepter que nous puissions utiliser ce type de cookies sur vos appareils. Si vous d\u00e9sactivez les cookies, il se peut que votre navigation ne soit pas optimale et que certains des utilitaires disponibles ne fonctionnent pas correctement.<\/p>\n<p>&nbsp;<\/p>\n<p><strong><b>a) Cookies propres<\/b><\/strong><\/p>\n<p>Afin de vous reconna\u00eetre et de vous offrir un meilleur service, notre site utilise ses propres cookies (petits fichiers texte que votre navigateur stocke). Les avantages de l&rsquo;acceptation de nos cookies vous font gagner du temps. Ils peuvent \u00e9galement \u00eatre utilis\u00e9s pour vous reconna\u00eetre entre deux visites successives et ainsi adapter le contenu qui vous est pr\u00e9sent\u00e9, pour obtenir des informations sur la date et l&rsquo;heure de votre derni\u00e8re visite, pour mesurer certains param\u00e8tres de trafic \u00e0 l&rsquo;int\u00e9rieur du site lui-m\u00eame, et pour estimer le nombre de visites effectu\u00e9es, afin que nous puissions mieux cibler et ajuster les services et les promotions<\/p>\n<p>&nbsp;<\/p>\n<p>Aucun cookie ne permet de communiquer avec vous par t\u00e9l\u00e9phone, adresse e-mail ou tout autre moyen de contact. Aucun cookie ne peut extraire des informations de votre disque dur ou voler des informations personnelles.<\/p>\n<p>&nbsp;<\/p>\n<table width=\"699\" cellspacing=\"0\" cellpadding=\"2\">\n<tbody>\n<tr>\n<td colspan=\"2\" width=\"691\">\n<p class=\"western\" style=\"text-align: center;\" align=\"center\"><strong>COOKIES STRICTEMENT N\u00c9CESSAIRES<\/strong><\/p>\n<\/td>\n<\/tr>\n<tr>\n<td width=\"163\">\n<p class=\"western\" style=\"text-align: center;\" align=\"center\"><strong>Nom<\/strong><\/p>\n<\/td>\n<td width=\"524\">\n<p class=\"western\" style=\"text-align: center;\" align=\"center\">Objectif<\/p>\n<\/td>\n<\/tr>\n<tr>\n<td width=\"163\">\n<p class=\"western\" style=\"text-align: left;\" align=\"center\"><strong style=\"text-transform: uppercase;\">SSESSae30990f757b283dbf66795f4e8266ad<\/strong><\/p>\n<\/td>\n<td valign=\"top\" width=\"524\">\n<p class=\"western\" style=\"text-align: left;\" align=\"center\">Maintenir la session de l&rsquo;utilisateur active pendant la navigation sur le site.<\/p>\n<\/td>\n<\/tr>\n<tr>\n<td width=\"163\">\n<p class=\"western\" style=\"text-align: left;\" align=\"center\"><strong style=\"text-transform: uppercase;\">accept-cookies<\/strong><\/p>\n<\/td>\n<td valign=\"top\" width=\"524\">\n<p class=\"western\" style=\"text-align: left;\" align=\"center\">Informer sur la Politique de Cookies.<\/p>\n<\/td>\n<\/tr>\n<tr>\n<td width=\"163\">\n<p class=\"western\" style=\"text-align: left;\" align=\"center\"><strong style=\"text-transform: uppercase;\">club-accept-cookies<\/strong><\/p>\n<\/td>\n<td valign=\"top\" width=\"524\">\n<p class=\"western\" style=\"text-align: left;\" align=\"center\">Informer sur la Politique de Cookies.<\/p>\n<\/td>\n<\/tr>\n<tr>\n<td width=\"163\">\n<p class=\"western\" style=\"text-align: left;\" align=\"center\"><strong style=\"text-transform: uppercase;\">asssa-lang<\/strong><\/p>\n<\/td>\n<td valign=\"top\" width=\"524\">D\u00e9finit la langue du site.<\/td>\n<\/tr>\n<tr>\n<td width=\"163\">\n<p class=\"western\" style=\"text-align: left;\" align=\"center\"><strong style=\"text-transform: uppercase;\">club-asssa-lang<\/strong><\/p>\n<\/td>\n<td valign=\"top\" width=\"524\">D\u00e9finit la langue du site.<\/td>\n<\/tr>\n<tr>\n<td width=\"163\">\n<p class=\"western\" style=\"text-align: left;\" align=\"center\"><strong style=\"text-transform: uppercase;\">laravel_session<br \/>\n<\/strong><\/p>\n<\/td>\n<td valign=\"top\" width=\"524\">\n<p class=\"western\" style=\"text-align: left;\" align=\"center\">Il permet de g\u00e9rer l\u2019acc\u00e8s de l\u2019utilisateur enregistr\u00e9 au Portail Assur\u00e9. Un autre cookie avec un nom al\u00e9atoire peut \u00eatre g\u00e9n\u00e9r\u00e9 aux m\u00eames fins.<\/p>\n<\/td>\n<\/tr>\n<tr>\n<td width=\"163\">\n<p class=\"western\" style=\"text-align: left;\" align=\"center\"><strong style=\"text-transform: uppercase;\">XSRF-TOKEN<\/strong><\/p>\n<\/td>\n<td valign=\"top\" width=\"524\">\n<p class=\"western\" style=\"text-align: left;\" align=\"center\">Contr\u00f4le de s\u00e9curit\u00e9 des soumissions de formulaires.<\/p>\n<\/td>\n<\/tr>\n<tr>\n<td width=\"163\">\n<p class=\"western\" style=\"text-align: left;\" align=\"center\"><strong style=\"text-transform: uppercase;\">PHPSESSID<\/strong><\/p>\n<\/td>\n<td valign=\"top\" width=\"524\">\n<p class=\"western\" style=\"text-align: left;\" align=\"center\">Maintenir la session de l&rsquo;utilisateur active pendant la navigation sur le site.<\/p>\n<\/td>\n<\/tr>\n<\/tbody>\n<\/table>\n<p>&nbsp;<\/p>\n<p><strong><b>b) Cookies de Analytics<\/b><\/strong><\/p>\n<p>Le site utilise le service Google Analytics, qui est fourni par Google, Inc. dont le si\u00e8ge social est situ\u00e9 au 1600 Amphitheatre Parkway, Mountain View (Californie), CA 94043, \u00c9tats-Unis (\u00ab\u00a0Google\u00a0\u00bb).<\/p>\n<p>&nbsp;<\/p>\n<p>Google Analytics utilise des cookies pour nous aider \u00e0 analyser l&rsquo;utilisation du site par les utilisateurs. Les informations g\u00e9n\u00e9r\u00e9es par les cookies concernant votre utilisation du site (y compris votre adresse IP) seront transmises et stock\u00e9es par Google sur des serveurs aux Etats-Unis. Google utilisera ces informations en notre nom dans le but de suivre votre utilisation du site web, de compiler des rapports sur l&rsquo;activit\u00e9 du site web et de fournir d&rsquo;autres services li\u00e9s \u00e0 l&rsquo;activit\u00e9 du site web et \u00e0 l&rsquo;utilisation d&rsquo;Internet. Google peut \u00e9galement transmettre ces informations \u00e0 des tiers lorsque la loi l&rsquo;exige ou lorsque ces tiers traitent ces informations pour le compte de Google. Google n&rsquo;associera pas votre adresse IP avec d&rsquo;autres donn\u00e9es d\u00e9tenues par Google.<\/p>\n<p>&nbsp;<\/p>\n<p>Si vous le souhaitez, vous pouvez refuser le traitement de vos donn\u00e9es ou informations en refusant l&rsquo;utilisation de cookies en s\u00e9lectionnant les param\u00e8tres appropri\u00e9s sur votre navigateur. Cependant, si vous le faites, vous pourriez ne pas \u00eatre en mesure d&rsquo;utiliser toutes les fonctionnalit\u00e9s de ce site. En utilisant ce site, vous consentez au traitement de vos donn\u00e9es par Google de la mani\u00e8re et aux fins d\u00e9crites ci-dessus.<\/p>\n<p>&nbsp;<\/p>\n<p>De m\u00eame, des services fournis par Facebook sont int\u00e9gr\u00e9s avec les m\u00eames finalit\u00e9s et m\u00e9canismes, fournis par Meta Platforms, Inc., dont l\u2019adresse est : 1601 Willow Road, Menlo Park, CA 94025, \u00c9tats-Unis.<\/p>\n<table width=\"699\" cellspacing=\"0\" cellpadding=\"2\">\n<colgroup>\n<col width=\"163\" \/>\n<col width=\"524\" \/> <\/colgroup>\n<tbody>\n<tr>\n<td colspan=\"2\" width=\"691\">\n<p class=\"western\" align=\"center\"><strong>COOKIES ANALYTIQUES<\/strong><\/p>\n<\/td>\n<\/tr>\n<\/tbody>\n<tbody>\n<tr>\n<td width=\"163\">\n<p class=\"western\" align=\"center\"><strong>Nom<\/strong><\/p>\n<\/td>\n<td width=\"524\">\n<p class=\"western\" align=\"center\">Objectif<\/p>\n<\/td>\n<\/tr>\n<\/tbody>\n<tbody>\n<tr>\n<td width=\"163\">\n<p class=\"western\"><strong style=\"text-transform: uppercase;\">_GRECAPTCHA<br \/>\n<\/strong><\/p>\n<\/td>\n<td valign=\"top\" width=\"524\">Google reCAPTCHA. Ce cookie n\u00e9cessaire est d\u00e9fini lorsqu\u2019il est ex\u00e9cut\u00e9 afin de fournir votre analyse des risques.<\/td>\n<\/tr>\n<tr>\n<td width=\"163\">\n<p class=\"western\"><strong style=\"text-transform: uppercase;\">_GA<\/strong><\/p>\n<\/td>\n<td valign=\"top\" width=\"524\">\n<p class=\"western\">Google Analitycs. Utilis\u00e9s pour diff\u00e9rencier les utilisateurs.<\/p>\n<\/td>\n<\/tr>\n<tr>\n<td width=\"163\">\n<p class=\"western\"><strong style=\"text-transform: uppercase;\">_ga_21L0HZPDJB<\/strong><\/p>\n<\/td>\n<td valign=\"top\" width=\"524\">\n<p class=\"western\">Google Analitycs. Utilis\u00e9s pour diff\u00e9rencier les utilisateurs.<\/p>\n<\/td>\n<\/tr>\n<tr>\n<td width=\"163\">\n<p class=\"western\"><strong style=\"text-transform: uppercase;\">IDE<\/strong><\/p>\n<\/td>\n<td valign=\"top\" width=\"524\">Google Adsense : L\u2019utilisation du cookie DoubleClick permet \u00e0 Google et \u00e0 ses partenaires de diffuser des annonces en fonction des visites que les utilisateurs effectuent sur leurs sites ou sur d\u2019autres sites Internet.<\/td>\n<\/tr>\n<tr>\n<td width=\"163\">\n<p class=\"western\"><strong style=\"text-transform: uppercase;\">_gcl_au<\/strong><\/p>\n<\/td>\n<td valign=\"top\" width=\"524\">Google AdSense. Utilis\u00e9 pour exp\u00e9rimenter l\u2019efficacit\u00e9 publicitaire sur les sites Web qui utilisent ses services. Il s\u2019agit du cookie de premi\u00e8re partie pour la fonctionnalit\u00e9 \u00ab\u00a0Conversion Linker\u00a0\u00bb: il prend des informations dans les clics sur les annonces et les stocke dans un cookie de premi\u00e8re partie afin que les conversions puissent \u00eatre attribu\u00e9es en dehors de la page de destination.<\/td>\n<\/tr>\n<tr>\n<td width=\"163\">\n<p class=\"western\"><strong style=\"text-transform: uppercase;\">_fbp<\/strong><\/p>\n<\/td>\n<td valign=\"top\" width=\"524\">\n<p class=\"western\">Facebook. Utilis\u00e9 par Facebook pour proposer un certain nombre de produits publicitaires, tels que des offres en temps r\u00e9el d\u2019annonceurs tiers. Param\u00e8tres utilisateur pour emp\u00eacher les cookies.<\/p>\n<\/td>\n<\/tr>\n<\/tbody>\n<\/table>\n<h4>c)<b> Cookies tiers<\/b><\/h4>\n<p>Les cookies tiers sont des cookies install\u00e9s sur votre appareil par un site web diff\u00e9rent de celui que vous visitez actuellement.<\/p>\n<p>Dans notre politique en mati\u00e8re de cookies, nous nous engageons \u00e0 vous informer des cookies tiers que nous utilisons sur notre site web et \u00e0 vous offrir des options pour contr\u00f4ler leur utilisation. Nous estimons qu\u2019il est important de prot\u00e9ger votre vie priv\u00e9e en ligne et nous nous effor\u00e7ons d\u2019\u00eatre transparents quant \u00e0 l\u2019utilisation des cookies sur notre site web.<\/p>\n<table width=\"699\" cellspacing=\"0\" cellpadding=\"2\">\n<colgroup>\n<col width=\"163\" \/>\n<col width=\"524\" \/> <\/colgroup>\n<tbody>\n<tr>\n<td colspan=\"2\" width=\"691\">\n<p align=\"center\"><strong>COOKIES TIERS<\/strong><\/p>\n<\/td>\n<\/tr>\n<tr>\n<td width=\"163\">\n<p align=\"center\"><strong>Nom<\/strong><\/p>\n<\/td>\n<td width=\"524\">\n<p align=\"center\">Finalit\u00e9<\/p>\n<\/td>\n<\/tr>\n<tr>\n<td width=\"163\"><strong style=\"text-transform: uppercase;\">connect.sid<\/strong><\/td>\n<td valign=\"top\" width=\"524\">Utilis\u00e9 par PRODAT pour la certification.<\/td>\n<\/tr>\n<\/tbody>\n<\/table>\n<h2>Pr\u00e9f\u00e9rences de l&rsquo;utilisateur pour \u00e9viter les cookies.<\/h2>\n<p>Depuis ASSSA &#8211; AGRUPACI\u00d3N SANITARIA SEGUROS, S.A. et conform\u00e9ment \u00e0 la l\u00e9gislation en vigueur, nous mettons \u00e0 votre disposition les informations qui vous permettent de configurer votre navigateur \/ navigateur Internet pour maintenir votre vie priv\u00e9e et la s\u00e9curit\u00e9 en ce qui concerne les cookies. Pour cette raison, nous vous fournissons des informations et des liens vers les sites d&rsquo;assistance officiels des principaux navigateurs afin que vous puissiez d\u00e9cider d&rsquo;accepter ou non l&rsquo;utilisation de cookies.<\/p>\n<p>Ainsi, vous pouvez bloquer les cookies gr\u00e2ce aux outils de configuration du navigateur ou vous pouvez configurer votre navigateur pour qu&rsquo;il vous avertisse lorsqu&rsquo;un serveur veut enregistrer un cookie :<\/p>\n<ul>\n<li>Si vous utilisez Chrome, dans la section Options &gt; Options avanc\u00e9es &gt; Confidentialit\u00e9. Pour en savoir plus <a href=\"https:\/\/support.google.com\/chrome\/answer\/95647?hl=fr\">support.google.com<\/a>.<\/li>\n<li>Si vous utilisez Firefox, sous l&rsquo;option de menu Outils &gt; Options &gt; Confidentialit\u00e9 &gt; Cookies. Pour en savoir plus, rendez-vous sur <a href=\"https:\/\/support.mozilla.org\/fr\/products\/firefox\/privacy-and-security\">support.mozilla.org<\/a>.<\/li>\n<li>Si vous utilisez Microsoft Edge, sous l&rsquo;option de menu s\u00e9lectionnez Param\u00e8tres\u00a0\u00a0&gt; confidentialit\u00e9, recherche et services.\u00a0Pour plus d&rsquo;informations, rendez-vous sur <a href=\"https:\/\/support.microsoft.com\/fr-fr\/microsoft-edge\/supprimer-les-cookies-dans-microsoft-edge-63947406-40ac-c3b8-57b9-2a946a29ae09\">support.microsoft.com<\/a>.<\/li>\n<li>Si vous utilisez Microsoft Internet Explorer, sous l&rsquo;option de menu Outils &gt; Options de navigation &gt; Confidentialit\u00e9 &gt; Configuration. Pour plus d&rsquo;informations, rendez-vous sur <a href=\"https:\/\/support.microsoft.com\/fr-fr\/windows\/supprimer-et-g%C3%A9rer-les-cookies-168dab11-0753-043d-7c16-ede5947fc64d\">Supprimer et g\u00e9rer les cookies<\/a> et <a href=\"https:\/\/support.microsoft.com\/fr-fr\/topic\/comment-supprimer-des-fichiers-cookies-dans-internet-explorer-bca9446f-d873-78de-77ba-d42645fa52fc\">Comment supprimer des fichiers cookies dans Internet Explorer<\/a>.<\/li>\n<li>Si vous utilisez Safari,sous l&rsquo;option de menu dans l\u2019app Safari sur votre Mac, choisissez Safari &gt; Pr\u00e9f\u00e9rences, cliquez sur Confidentialit\u00e9.\u00a0Pour plus d&rsquo;informations, rendez-vous sur <a href=\"https:\/\/support.apple.com\/fr-fr\/guide\/safari\/sfri11471\/mac\">support.apple.com<\/a>.<\/li>\n<\/ul>\n<p>&nbsp;<\/p>\n<p>&nbsp;<\/p>\n","protected":false},"excerpt":{"rendered":"<p>Cette politique sur les cookies fait partie int\u00e9grante des conditions g\u00e9n\u00e9rales et de la politique de confidentialit\u00e9. L&rsquo;acc\u00e8s et la navigation sur le site, ou l&rsquo;utilisation des services de celui-ci, impliquent l&rsquo;acceptation des Conditions G\u00e9n\u00e9rales (et donc de la Politique de Confidentialit\u00e9 et de la Politique sur les Cookies). Veuillez les lire attentivement. &nbsp; Merci [&hellip;]<\/p>\n","protected":false},"author":20,"featured_media":0,"parent":0,"menu_order":0,"comment_status":"closed","ping_status":"closed","template":"tpl-estatica.php","meta":{"_acf_changed":false,"footnotes":""},"class_list":["post-215","page","type-page","status-publish","hentry"],"acf":[],"yoast_head":"<!-- This site is optimized with the Yoast SEO plugin v27.5 - https:\/\/yoast.com\/product\/yoast-seo-wordpress\/ -->\n<title>Politique de Cookies - ASSSA Franc\u00e9s<\/title>\n<meta name=\"robots\" content=\"index, follow, max-snippet:-1, max-image-preview:large, max-video-preview:-1\" \/>\n<link rel=\"canonical\" href=\"https:\/\/www.asssa.es\/fr\/politica-de-cookies\/\" \/>\n<meta property=\"og:locale\" content=\"fr_FR\" \/>\n<meta property=\"og:type\" content=\"article\" \/>\n<meta property=\"og:title\" content=\"Politique de Cookies - ASSSA Franc\u00e9s\" \/>\n<meta property=\"og:description\" content=\"Cette politique sur les cookies fait partie int\u00e9grante des conditions g\u00e9n\u00e9rales et de la politique de confidentialit\u00e9. L&rsquo;acc\u00e8s et la navigation sur le site, ou l&rsquo;utilisation des services de celui-ci, impliquent l&rsquo;acceptation des Conditions G\u00e9n\u00e9rales (et donc de la Politique de Confidentialit\u00e9 et de la Politique sur les Cookies). Veuillez les lire attentivement. &nbsp; Merci [&hellip;]\" \/>\n<meta property=\"og:url\" content=\"https:\/\/www.asssa.es\/fr\/politica-de-cookies\/\" \/>\n<meta property=\"og:site_name\" content=\"ASSSA Franc\u00e9s\" \/>\n<meta property=\"article:modified_time\" content=\"2026-04-22T14:50:59+00:00\" \/>\n<meta name=\"twitter:card\" content=\"summary_large_image\" \/>\n<meta name=\"twitter:label1\" content=\"Dur\u00e9e de lecture estim\u00e9e\" \/>\n\t<meta name=\"twitter:data1\" content=\"8 minutes\" \/>\n<script type=\"application\/ld+json\" class=\"yoast-schema-graph\">{\"@context\":\"https:\\\/\\\/schema.org\",\"@graph\":[{\"@type\":\"WebPage\",\"@id\":\"https:\\\/\\\/www.asssa.es\\\/fr\\\/politica-de-cookies\\\/\",\"url\":\"https:\\\/\\\/www.asssa.es\\\/fr\\\/politica-de-cookies\\\/\",\"name\":\"Politique de Cookies - ASSSA Franc\u00e9s\",\"isPartOf\":{\"@id\":\"https:\\\/\\\/www.asssa.es\\\/fr\\\/#website\"},\"datePublished\":\"2019-03-25T10:20:37+00:00\",\"dateModified\":\"2026-04-22T14:50:59+00:00\",\"breadcrumb\":{\"@id\":\"https:\\\/\\\/www.asssa.es\\\/fr\\\/politica-de-cookies\\\/#breadcrumb\"},\"inLanguage\":\"fr-FR\",\"potentialAction\":[{\"@type\":\"ReadAction\",\"target\":[\"https:\\\/\\\/www.asssa.es\\\/fr\\\/politica-de-cookies\\\/\"]}]},{\"@type\":\"BreadcrumbList\",\"@id\":\"https:\\\/\\\/www.asssa.es\\\/fr\\\/politica-de-cookies\\\/#breadcrumb\",\"itemListElement\":[{\"@type\":\"ListItem\",\"position\":1,\"name\":\"Portada\",\"item\":\"https:\\\/\\\/www.asssa.es\\\/fr\\\/\"},{\"@type\":\"ListItem\",\"position\":2,\"name\":\"Politique de Cookies\"}]},{\"@type\":\"WebSite\",\"@id\":\"https:\\\/\\\/www.asssa.es\\\/fr\\\/#website\",\"url\":\"https:\\\/\\\/www.asssa.es\\\/fr\\\/\",\"name\":\"ASSSA Franc\u00e9s\",\"description\":\"\",\"potentialAction\":[{\"@type\":\"SearchAction\",\"target\":{\"@type\":\"EntryPoint\",\"urlTemplate\":\"https:\\\/\\\/www.asssa.es\\\/fr\\\/?s={search_term_string}\"},\"query-input\":{\"@type\":\"PropertyValueSpecification\",\"valueRequired\":true,\"valueName\":\"search_term_string\"}}],\"inLanguage\":\"fr-FR\"}]}<\/script>\n<!-- \/ Yoast SEO plugin. -->","yoast_head_json":{"title":"Politique de Cookies - ASSSA Franc\u00e9s","robots":{"index":"index","follow":"follow","max-snippet":"max-snippet:-1","max-image-preview":"max-image-preview:large","max-video-preview":"max-video-preview:-1"},"canonical":"https:\/\/www.asssa.es\/fr\/politica-de-cookies\/","og_locale":"fr_FR","og_type":"article","og_title":"Politique de Cookies - ASSSA Franc\u00e9s","og_description":"Cette politique sur les cookies fait partie int\u00e9grante des conditions g\u00e9n\u00e9rales et de la politique de confidentialit\u00e9. L&rsquo;acc\u00e8s et la navigation sur le site, ou l&rsquo;utilisation des services de celui-ci, impliquent l&rsquo;acceptation des Conditions G\u00e9n\u00e9rales (et donc de la Politique de Confidentialit\u00e9 et de la Politique sur les Cookies). Veuillez les lire attentivement. &nbsp; Merci [&hellip;]","og_url":"https:\/\/www.asssa.es\/fr\/politica-de-cookies\/","og_site_name":"ASSSA Franc\u00e9s","article_modified_time":"2026-04-22T14:50:59+00:00","twitter_card":"summary_large_image","twitter_misc":{"Dur\u00e9e de lecture estim\u00e9e":"8 minutes"},"schema":{"@context":"https:\/\/schema.org","@graph":[{"@type":"WebPage","@id":"https:\/\/www.asssa.es\/fr\/politica-de-cookies\/","url":"https:\/\/www.asssa.es\/fr\/politica-de-cookies\/","name":"Politique de Cookies - ASSSA Franc\u00e9s","isPartOf":{"@id":"https:\/\/www.asssa.es\/fr\/#website"},"datePublished":"2019-03-25T10:20:37+00:00","dateModified":"2026-04-22T14:50:59+00:00","breadcrumb":{"@id":"https:\/\/www.asssa.es\/fr\/politica-de-cookies\/#breadcrumb"},"inLanguage":"fr-FR","potentialAction":[{"@type":"ReadAction","target":["https:\/\/www.asssa.es\/fr\/politica-de-cookies\/"]}]},{"@type":"BreadcrumbList","@id":"https:\/\/www.asssa.es\/fr\/politica-de-cookies\/#breadcrumb","itemListElement":[{"@type":"ListItem","position":1,"name":"Portada","item":"https:\/\/www.asssa.es\/fr\/"},{"@type":"ListItem","position":2,"name":"Politique de Cookies"}]},{"@type":"WebSite","@id":"https:\/\/www.asssa.es\/fr\/#website","url":"https:\/\/www.asssa.es\/fr\/","name":"ASSSA Franc\u00e9s","description":"","potentialAction":[{"@type":"SearchAction","target":{"@type":"EntryPoint","urlTemplate":"https:\/\/www.asssa.es\/fr\/?s={search_term_string}"},"query-input":{"@type":"PropertyValueSpecification","valueRequired":true,"valueName":"search_term_string"}}],"inLanguage":"fr-FR"}]}},"_links":{"self":[{"href":"https:\/\/www.asssa.es\/fr\/wp-json\/wp\/v2\/pages\/215","targetHints":{"allow":["GET"]}}],"collection":[{"href":"https:\/\/www.asssa.es\/fr\/wp-json\/wp\/v2\/pages"}],"about":[{"href":"https:\/\/www.asssa.es\/fr\/wp-json\/wp\/v2\/types\/page"}],"author":[{"embeddable":true,"href":"https:\/\/www.asssa.es\/fr\/wp-json\/wp\/v2\/users\/20"}],"replies":[{"embeddable":true,"href":"https:\/\/www.asssa.es\/fr\/wp-json\/wp\/v2\/comments?post=215"}],"version-history":[{"count":21,"href":"https:\/\/www.asssa.es\/fr\/wp-json\/wp\/v2\/pages\/215\/revisions"}],"predecessor-version":[{"id":12363,"href":"https:\/\/www.asssa.es\/fr\/wp-json\/wp\/v2\/pages\/215\/revisions\/12363"}],"wp:attachment":[{"href":"https:\/\/www.asssa.es\/fr\/wp-json\/wp\/v2\/media?parent=215"}],"curies":[{"name":"wp","href":"https:\/\/api.w.org\/{rel}","templated":true}]}}