{"id":3,"date":"2019-03-11T09:44:37","date_gmt":"2019-03-11T08:44:37","guid":{"rendered":"https:\/\/www.asssa.es\/?page_id=3"},"modified":"2025-02-27T08:28:02","modified_gmt":"2025-02-27T07:28:02","slug":"politica-de-privacidad","status":"publish","type":"page","link":"https:\/\/www.asssa.es\/fr\/politica-de-privacidad\/","title":{"rendered":"POLITIQUE DE CONFIDENTIALIT\u00c9"},"content":{"rendered":"<p>La Politique de Confidentialit\u00e9 fait partie des Conditions G\u00e9n\u00e9rales qui r\u00e9gissent ce site web.<\/p>\n<p>Qui est responsable du traitement de vos donn\u00e9es ?<\/p>\n<p>AGRUPACI\u00d3N SANITARIA SEGUROS S.A. con<br \/>\nCIF: A 28005312.<br \/>\nDomicile : Avda. Alfonso X El Sabio, 14, entlo.<br \/>\nT\u00e9l\u00e9phone : 965 200 106<br \/>\n03004 Alicante<br \/>\ne-mail : <a href=\"mailto:info@asssa.es\"><u>info@asssa.es<\/u><\/a><\/p>\n<p>Vous pouvez contacter ASSSA par courrier \u00e9lectronique, t\u00e9l\u00e9phone ou par courrier \u00e0 l&rsquo;adresse postale indiqu\u00e9e ci-dessus.<\/p>\n<p>Si vous souhaitez contacter notre D\u00e9l\u00e9gu\u00e9 \u00e0 la protection des donn\u00e9es, vous pouvez le faire \u00e0 l&rsquo;adresse dpo@asssa.es ou par courrier adress\u00e9 \u00e0 l&rsquo;adresse postale d&rsquo;ASSSA, en pr\u00e9cisant le destinataire \u00ab\u00a0D\u00e9l\u00e9gu\u00e9 \u00e0 la protection des donn\u00e9es\u00a0\u00bb..<\/p>\n<p>Nous nous r\u00e9servons le droit de modifier ou d&rsquo;adapter cette politique de confidentialit\u00e9 \u00e0 tout moment. Nous vous recommandons de la v\u00e9rifier, et si vous vous \u00eates inscrit et connect\u00e9 \u00e0 votre compte ou profil, vous serez inform\u00e9 de tout changement.<\/p>\n<p>Si vous faites partie de l&rsquo;un des groupes suivants, consultez les informations du menu d\u00e9roulant :<\/p>\n<h2>CONTACTS DU SITE ET COURRIER \u00c9LECTRONIQUE<\/h2>\n<h4>Quelles sont les donn\u00e9es que nous recueillons sur le site Web ?<\/h4>\n<p>Nous pouvons traiter votre adresse IP, le syst\u00e8me d&rsquo;exploitation ou le navigateur que vous utilisez, et m\u00eame la dur\u00e9e de votre visite, de mani\u00e8re anonyme.<\/p>\n<p>Si vous nous fournissez des informations dans le formulaire de contact, vous vous identifierez afin que nous puissions vous contacter si n\u00e9cessaire.<\/p>\n<h3>\u00c0 quelles fins traiterons-nous vos donn\u00e9es personnelles ?<\/h3>\n<ul>\n<li>R\u00e9pondre \u00e0 vos questions, demandes ou requ\u00eates.<\/li>\n<li>G\u00e9rer le service demand\u00e9, r\u00e9pondre \u00e0 votre demande ou traiter votre demande.<\/li>\n<li>Informations par voie \u00e9lectronique, relatives \u00e0 votre demande.<\/li>\n<li>Informations commerciales ou \u00e9v\u00e9nementielles par voie \u00e9lectronique, sous r\u00e9serve d&rsquo;une autorisation expresse.<\/li>\n<li>Effectuer des analyses et des am\u00e9liorations sur le site Web, \u00e0 propos de nos produits et services. Am\u00e9liorer notre strat\u00e9gie commerciale.<\/li>\n<\/ul>\n<h3>Quelle est la l\u00e9gitimit\u00e9 du traitement de vos donn\u00e9es ?<\/h3>\n<p>Acceptation et consentement de la partie int\u00e9ress\u00e9e : Dans les cas o\u00f9, pour faire une demande, il est n\u00e9cessaire de remplir un formulaire et de cliquer sur le bouton Envoyer, le fait de remplir le formulaire implique n\u00e9cessairement que la partie int\u00e9ress\u00e9e a \u00e9t\u00e9 inform\u00e9e et a express\u00e9ment donn\u00e9 son consentement au contenu de la clause jointe audit formulaire ou \u00e0 l&rsquo;acceptation de la d\u00e9claration de confidentialit\u00e9.<\/p>\n<p>Tous nos formulaires ont le symbole * dans les champs obligatoires. Si vous ne remplissez pas ces champs, ou ne cochez pas la case d&rsquo;acceptation de la politique de confidentialit\u00e9, l&rsquo;envoi des informations ne sera pas autoris\u00e9.<\/p>\n<h2>CONTACTS DE LA NEWSLETTER<\/h2>\n<h3>Quelles sont les donn\u00e9es que nous recueillons \u00e0 travers de la newsletter?<\/h3>\n<p>Sur le site Web, vous pouvez vous abonner \u00e0 la Newsletter en nous indiquant une adresse e-mail \u00e0 laquelle elle vous sera envoy\u00e9e.<\/p>\n<p>Nous ne stockerons votre adresse \u00e9lectronique que dans notre base de donn\u00e9es et nous vous enverrons des courriels p\u00e9riodiquement, jusqu&rsquo;\u00e0 ce que vous vous d\u00e9sinscriviez ou jusqu&rsquo;\u00e0 ce que nous cessions d&rsquo;envoyer des courriels.<\/p>\n<p>Vous aurez toujours la possibilit\u00e9 de vous d\u00e9sabonner, par tous les moyens de communication.<\/p>\n<h3>\u00c0 quelles fins traiterons-nous vos donn\u00e9es personnelles ?<\/h3>\n<ul>\n<li>G\u00e9rer le service sollicit\u00e9.<\/li>\n<li>Informations par voie \u00e9lectronique concernant votre demande.<\/li>\n<li>Informations commerciales ou \u00e9v\u00e9nementielles par voie \u00e9lectronique, sous r\u00e9serve d&rsquo;une autorisation expresse.<\/li>\n<li>Effectuer des analyses et des am\u00e9liorations dans l&rsquo;envoi de mailing, afin d&rsquo;am\u00e9liorer notre strat\u00e9gie commerciale.<\/li>\n<\/ul>\n<h3>Quelle est la l\u00e9gitimit\u00e9 du traitement de vos donn\u00e9es ?<\/h3>\n<p>L&rsquo;acceptation et le consentement de l&rsquo;int\u00e9ress\u00e9 : Dans les cas o\u00f9 vous vous abonnez, il sera n\u00e9cessaire de cocher une case et de cliquer sur le bouton envoyer. Cela implique n\u00e9cessairement que vous avez \u00e9t\u00e9 inform\u00e9 et que vous avez express\u00e9ment donn\u00e9 votre consentement \u00e0 recevoir la newsletter.<\/p>\n<p>Si vous ne cochez pas la case d&rsquo;acceptation de la politique de confidentialit\u00e9, l&rsquo;envoi des informations ne sera pas autoris\u00e9.<\/p>\n<h2>CLIENTS<\/h2>\n<h3>\u00c0 quelles fins traiterons-nous vos donn\u00e9es personnelles ?<\/h3>\n<ul>\n<li>Elaboration du budget et suivi de celui-ci par le biais de communications entre les deux parties.<\/li>\n<li>Informations par voie \u00e9lectronique, relatives \u00e0 votre demande.<\/li>\n<li>Informations commerciales ou \u00e9v\u00e9nementielles par voie \u00e9lectronique, sous r\u00e9serve d&rsquo;une autorisation expresse.<\/li>\n<li>G\u00e9rer les services administratifs, de communication et de logistique fournis par le responsable.<\/li>\n<li>Facturation et d\u00e9clarations de revenus en temps opportun.<\/li>\n<li>Ex\u00e9cuter les transactions correspondantes.<\/li>\n<li>Proc\u00e9dures de contr\u00f4le et de r\u00e9cup\u00e9ration.<\/li>\n<\/ul>\n<h2>ENQU\u00caTES DE QUALIT\u00c9<\/h2>\n<h3>\u00c0 quelles fins traiterons-nous vos donn\u00e9es personnelles ?<\/h3>\n<ul>\n<li>\u00c9valuer la qualit\u00e9 du service fourni.<\/li>\n<li>Am\u00e9liorer les services offerts, conform\u00e9ment aux normes ISO.<\/li>\n<\/ul>\n<h3>Quelle est la l\u00e9gitimit\u00e9 du traitement de vos donn\u00e9es ?<\/h3>\n<p>La base juridique est le consentement expr\u00e8s du d\u00e9fendeur.<\/p>\n<h2>FOURNISSEURS<\/h2>\n<h3>\u00c0 quelles fins traiterons-nous vos donn\u00e9es personnelles ?<\/h3>\n<ul>\n<li>Informations par voie \u00e9lectronique, relatives \u00e0 votre demande.<\/li>\n<li>Informations commerciales ou \u00e9v\u00e9nementielles par voie \u00e9lectronique, sous r\u00e9serve d&rsquo;une autorisation expresse.<\/li>\n<li>G\u00e9rer les services administratifs, de communication et de logistique fournis par le responsable.<\/li>\n<li><\/li>\n<li>Ex\u00e9cuter les transactions correspondantes.<\/li>\n<li>Facturation et d\u00e9clarations de revenus en temps opportun.<\/li>\n<li>Proc\u00e9dures de contr\u00f4le et de r\u00e9cup\u00e9ration.<\/li>\n<\/ul>\n<h3>Quelle est la l\u00e9gitimit\u00e9 du traitement de vos donn\u00e9es ?<\/h3>\n<p>La base juridique est l&rsquo;acceptation d&rsquo;une relation contractuelle ou, \u00e0 d\u00e9faut, en nous contactant ou nous proposant vos produits de quelque mani\u00e8re que ce soit.<\/p>\n<h2>CONTACTS R\u00c9SEAUX SOCIAUX<\/h2>\n<h3>\u00c0 quelles fins traiterons-nous vos donn\u00e9es personnelles ?<\/h3>\n<ul>\n<li>R\u00e9pondre \u00e0 vos questions, demandes ou requ\u00eates.<\/li>\n<li>G\u00e9rer le service demand\u00e9, r\u00e9pondre \u00e0 votre demande ou traiter votre demande.<\/li>\n<li>Communiquer avec vous et cr\u00e9er une communaut\u00e9.<\/li>\n<\/ul>\n<h3>Quelle est la l\u00e9gitimit\u00e9 du traitement de vos donn\u00e9es ?<\/h3>\n<p>Acceptation d&rsquo;une relation contractuelle dans le cadre d&rsquo;un r\u00e9seau social appropri\u00e9 et conform\u00e9ment \u00e0 ses politiques de protection de la vie priv\u00e9e :<\/p>\n<ul>\n<li>Facebook :\u00a0<a href=\"http:\/\/www.facebook.com\/policy.php?ref=pf\"><u>http:\/\/www.facebook.com\/policy.php?ref=pf<\/u><\/a><\/li>\n<li>Instagram :\u00a0<a href=\"https:\/\/help.instagram.com\/155833707900388\"><u>https:\/\/help.instagram.com\/155833707900388<\/u><\/a><\/li>\n<li>Twitter :\u00a0<a href=\"http:\/\/twitter.com\/privacy\"><u>http:\/\/twitter.com\/privacy<\/u><\/a><\/li>\n<li>Linkedin :\u00a0<a href=\"http:\/\/www.linkedin.com\/legal\/privacy-policy?trk=hb_ft_priv\"><u>http:\/\/www.linkedin.com\/legal\/privacy-policy?trk=hb_ft_priv<\/u><\/a><\/li>\n<li>Pinterest :\u00a0<a href=\"https:\/\/about.pinterest.com\/es\/privacy-policy\"><u>https:\/\/about.pinterest.com\/es\/privacy-policy<\/u><\/a><\/li>\n<li>Google* :\u00a0<a href=\"http:\/\/www.google.com\/intl\/es\/policies\/privacy\/\"><u>http:\/\/www.google.com\/intl\/es\/policies\/privacy<\/u><\/a><\/li>\n<\/ul>\n<p>*(Google+ et Youtube)<\/p>\n<h3>Pendant combien de temps conserverons-nous vos donn\u00e9es personnelles ?<\/h3>\n<p>Nous ne pouvons acc\u00e9der \u00e0 vos donn\u00e9es ou les supprimer que de mani\u00e8re limit\u00e9e avec un profil sp\u00e9cifique. Nous les traiterons jusqu\u2019\u00e0 ce que vous arr\u00eatiez de nous suivre, d\u2019\u00eatre amis ou par des \u00ab\u00a0j\u2019aime\u00a0\u00bb, \u00ab\u00a0suivre\u00a0\u00bb ou des actions similaires. Toute rectification de vos donn\u00e9es ou restriction d&rsquo;informations ou de publications doit se faire par le biais de la configuration de votre profil ou de l&rsquo;utilisateur au sein de r\u00e9seau social.<\/p>\n<h2>DEMANDEURS D\u2019EMPLOI<\/h2>\n<h3>\u00c0 quelles fins traiterons-nous vos donn\u00e9es personnelles ?<\/h3>\n<ul>\n<li>Organisation des processus de s\u00e9lection pour l&#8217;embauche des employ\u00e9s.<\/li>\n<li>Vous convoquer \u00e0 des entretiens d&#8217;embauche et \u00e9valuer votre candidature.<\/li>\n<li>Si vous nous avez donn\u00e9 votre consentement, nous pouvons les c\u00e9der \u00e0 des entreprises collaboratrices ou connexes dans le seul but de vous aider \u00e0 trouver un emploi.<\/li>\n<li>Si vous cochez la case d&rsquo;acceptation de la politique de confidentialit\u00e9, vous donnez votre accord pour transf\u00e9rer votre candidature aux entit\u00e9s qui composent le groupe d&rsquo;entreprises dans le but de vous inclure dans leurs processus de recrutement.<\/li>\n<\/ul>\n<p>Nous vous informons \u00e9galement qu&rsquo;un an apr\u00e8s r\u00e9ception de votre curriculum vitae, nous proc\u00e9derons \u00e0 sa destruction en toute s\u00e9curit\u00e9.<\/p>\n<h3>Quelle est la l\u00e9gitimit\u00e9 du traitement de vos donn\u00e9es ?<\/h3>\n<p>La base l\u00e9gale est votre consentement sans \u00e9quivoque en nous envoyant votre CV.<\/p>\n<h2>TRAITEMENT G\u00c9N\u00c9RAL DES DONN\u00c9ES<\/h2>\n<h3>Est-ce que nous int\u00e9grons des donn\u00e9es personnelles de tiers ?<\/h3>\n<p>Non, en r\u00e8gle g\u00e9n\u00e9rale, nous ne traitons que les donn\u00e9es fournies par les titulaires. Si vous nous fournissez des donn\u00e9es de tiers, vous devez d&rsquo;abord les en informer et leur demander leur consentement, sinon vous nous d\u00e9gagez de toute responsabilit\u00e9 en cas de non-respect de cette exigence.<\/p>\n<h3>Et des donn\u00e9es de personnes mineures ?<\/h3>\n<p>Nous ne traitons pas les donn\u00e9es provenant d&rsquo;enfants de moins de 14 ans. Par cons\u00e9quent, veuillez vous abstenir de les fournir si vous n&rsquo;avez pas cet \u00e2ge ou, le cas \u00e9ch\u00e9ant, de fournir des donn\u00e9es provenant de tiers qui n&rsquo;ont pas cet \u00e2ge. Le responsable du site d\u00e9cline toute responsabilit\u00e9 en cas de non-respect de cette disposition.<\/p>\n<h3>Communiquerons-nous par voie \u00e9lectronique ?<\/h3>\n<ul>\n<li>Seulement que si c&rsquo;est l&rsquo;un des moyens de contact que vous nous avez fournis.<\/li>\n<li>Si les communications commerciales ont \u00e9t\u00e9 pr\u00e9alablement et express\u00e9ment autoris\u00e9es par vous.<\/li>\n<\/ul>\n<h3>Quelles mesures de s\u00e9curit\u00e9 appliquons-nous ?<\/h3>\n<p>Vous pouvez \u00eatre rassur\u00e9 : nous avons adopt\u00e9 un niveau optimal de protection des Donn\u00e9es Personnelles que nous traitons, et avons mis en place tous les moyens techniques et mesures \u00e0 notre disposition selon les normes les plus r\u00e9centes pour pr\u00e9venir la perte, la mauvaise utilisation, l&rsquo;alt\u00e9ration, l&rsquo;acc\u00e8s non autoris\u00e9 et le vol des Donn\u00e9es Personnelles.<\/p>\n<h3>\u00c0 quels destinataires vos donn\u00e9es seront-elles communiqu\u00e9es ?<\/h3>\n<p>Vos donn\u00e9es ne seront pas transmises \u00e0 des tiers, \u00e0 moins que la loi ne l&rsquo;y oblige. En particulier, elles seront communiqu\u00e9es \u00e0 l&rsquo;Agence d&rsquo;Etat de l&rsquo;Administration Fiscale et aux banques et institutions financi\u00e8res pour la collecte du service fourni ou du produit achet\u00e9, ainsi qu&rsquo;aux personnes charg\u00e9es du traitement n\u00e9cessaire \u00e0 l&rsquo;ex\u00e9cution de l&rsquo;accord.<\/p>\n<p>En cas d&rsquo;achat ou de paiement, si vous choisissez une application, un site Web, une plate-forme, une carte bancaire ou tout autre service en ligne, vos donn\u00e9es seront transf\u00e9r\u00e9es sur cette plate-forme ou trait\u00e9es dans ce cadre, toujours avec un maximum de s\u00e9curit\u00e9.<\/p>\n<p>Lorsque nous le commandons, la soci\u00e9t\u00e9 de d\u00e9veloppement et de maintenance du site Web ou la soci\u00e9t\u00e9 d&rsquo;h\u00e9bergement aura acc\u00e8s \u00e0 notre site Web. Ils auront sign\u00e9 un contrat de prestation de services qui les oblige \u00e0 maintenir le m\u00eame niveau de confidentialit\u00e9 que nous.<\/p>\n<p>Tout transfert international de donn\u00e9es \u00e0 l&rsquo;aide d&rsquo;applications am\u00e9ricaines sera conforme \u00e0 l&rsquo;accord Privacy Shield, qui garantit que les soci\u00e9t\u00e9s de logiciels am\u00e9ricaines se conforment aux politiques europ\u00e9ennes de protection des donn\u00e9es \u00e0 caract\u00e8re personnel.<\/p>\n<h3>Quels sont vos droits\u00a0?<\/h3>\n<ul>\n<li>Savoir si l\u2019on traite ou non vos donn\u00e9es.<\/li>\n<li>Acc\u00e9der \u00e0 vos donn\u00e9es personnelles.<\/li>\n<li>Demander la rectification de vos donn\u00e9es si elles sont inexactes.<\/li>\n<li>Demander la suppression de vos donn\u00e9es si elles ne sont plus n\u00e9cessaires aux fins pour lesquelles elles ont \u00e9t\u00e9 collect\u00e9es ou si vous retirez votre consentement.<\/li>\n<li>Demander la limitation du traitement de vos donn\u00e9es, dans certains cas, auquel cas nous les conserverons conform\u00e9ment \u00e0 la l\u00e9gislation en vigueur.<\/li>\n<li>Envoi de vos donn\u00e9es, qui vous seront fournies dans un format structur\u00e9, d&rsquo;usage courant ou de lecture m\u00e9canique. Si vous pr\u00e9f\u00e9rez, nous pouvons les faire parvenir au nouveau responsable que vous avez nomm\u00e9. Ce n&rsquo;est valable que dans certains cas.<\/li>\n<li>Pour d\u00e9poser une plainte aupr\u00e8s de l&rsquo;Agence espagnole de protection des donn\u00e9es ou de l&rsquo;autorit\u00e9 de contr\u00f4le comp\u00e9tente, si vous pensez que nous ne vous avons pas trait\u00e9 correctement.<\/li>\n<li>R\u00e9voquer le consentement \u00e0 tout traitement pour lequel vous avez donn\u00e9 votre consentement, \u00e0 tout moment.<\/li>\n<\/ul>\n<p>Si vous modifiez des informations, veuillez nous le faire savoir afin que nous puissions les mettre \u00e0 jour.<\/p>\n<h3>Voulez-vous un formulaire pour exercer vos droits ?<\/h3>\n<ul>\n<li>Nous avons des formulaires pour l&rsquo;exercice de vos droits, demandez-nous par e-mail ou si vous pr\u00e9f\u00e9rez, vous pouvez utiliser ceux \u00e9labor\u00e9s par l&rsquo;Agence espagnole de protection des donn\u00e9es ou des tiers.<\/li>\n<li>Ces formulaires doivent \u00eatre sign\u00e9s \u00e9lectroniquement ou accompagn\u00e9s d&rsquo;une photocopie de votre carte d&rsquo;identit\u00e9.<\/li>\n<li>Si vous \u00eates repr\u00e9sent\u00e9 par quelqu&rsquo;un, vous devez joindre une copie de sa carte d&rsquo;identit\u00e9 ou lui faire signer avec sa signature \u00e9lectronique.<\/li>\n<li>Les formulaires peuvent \u00eatre soumis en personne, par lettre ou par courriel \u00e0 l&rsquo;adresse du responsable au d\u00e9but de ce texte.<\/li>\n<\/ul>\n<h3>Quand vous contactera-t-on au sujet de l&rsquo;exercice de vos droits ?<\/h3>\n<p>Cela d\u00e9pend du droit, mais pas plus d&rsquo;un mois apr\u00e8s votre demande, et deux mois si le sujet est tr\u00e8s complexe et que nous vous informons que nous avons besoin de plus de temps.<\/p>\n<h3>Est-ce que nous traitons les cookies ?<\/h3>\n<p>Si nous utilisons d&rsquo;autres types de cookies que ceux qui sont n\u00e9cessaires, vous pouvez consulter la politique en mati\u00e8re de cookies dans le lien correspondant depuis le d\u00e9but de notre site Web.<\/p>\n<h3>Combien de temps conserverons-nous vos donn\u00e9es personnelles ?<\/h3>\n<ul>\n<li>Les donn\u00e9es personnelles seront conserv\u00e9es aussi longtemps que vous resterez li\u00e9 \u00e0 nous.<\/li>\n<li>Une fois que vous vous dissociez, les donn\u00e9es personnelles trait\u00e9es pour chaque finalit\u00e9 seront conserv\u00e9es pendant les d\u00e9lais l\u00e9galement \u00e9tablis, y compris le d\u00e9lai dans lequel un juge ou un tribunal peut les demander conform\u00e9ment au d\u00e9lai de prescription des actions en justice.<\/li>\n<li>Les donn\u00e9es trait\u00e9es seront conserv\u00e9es jusqu&rsquo;\u00e0 l&rsquo;expiration des d\u00e9lais l\u00e9gaux mentionn\u00e9s ci-dessus, s&rsquo;il existe une obligation l\u00e9gale de les conserver ou, en l&rsquo;absence d&rsquo;un tel d\u00e9lai l\u00e9gal, jusqu&rsquo;\u00e0 ce que la personne concern\u00e9e demande leur suppression ou r\u00e9voque le consentement donn\u00e9.<\/li>\n<li>Nous conserverons toutes les informations et communications concernant votre achat ou la fourniture de notre service, tant que les garanties des produits ou services dureront, afin de traiter d&rsquo;\u00e9ventuelles r\u00e9clamations.<\/li>\n<\/ul>\n","protected":false},"excerpt":{"rendered":"<p>La Politique de Confidentialit\u00e9 fait partie des Conditions G\u00e9n\u00e9rales qui r\u00e9gissent ce site web. Qui est responsable du traitement de vos donn\u00e9es ? AGRUPACI\u00d3N SANITARIA SEGUROS S.A. con CIF: A 28005312. Domicile : Avda. Alfonso X El Sabio, 14, entlo. T\u00e9l\u00e9phone : 965 200 106 03004 Alicante e-mail : info@asssa.es Vous pouvez contacter ASSSA par [&hellip;]<\/p>\n","protected":false},"author":20,"featured_media":0,"parent":0,"menu_order":0,"comment_status":"closed","ping_status":"closed","template":"tpl-estatica.php","meta":{"_acf_changed":false,"footnotes":""},"class_list":["post-3","page","type-page","status-publish","hentry"],"acf":[],"yoast_head":"<!-- This site is optimized with the Yoast SEO plugin v27.3 - https:\/\/yoast.com\/product\/yoast-seo-wordpress\/ -->\n<title>POLITIQUE DE CONFIDENTIALIT\u00c9 - ASSSA Franc\u00e9s<\/title>\n<meta name=\"robots\" content=\"index, follow, max-snippet:-1, max-image-preview:large, max-video-preview:-1\" \/>\n<link rel=\"canonical\" href=\"https:\/\/www.asssa.es\/fr\/politica-de-privacidad\/\" \/>\n<meta property=\"og:locale\" content=\"fr_FR\" \/>\n<meta property=\"og:type\" content=\"article\" \/>\n<meta property=\"og:title\" content=\"POLITIQUE DE CONFIDENTIALIT\u00c9 - ASSSA Franc\u00e9s\" \/>\n<meta property=\"og:description\" content=\"La Politique de Confidentialit\u00e9 fait partie des Conditions G\u00e9n\u00e9rales qui r\u00e9gissent ce site web. Qui est responsable du traitement de vos donn\u00e9es ? AGRUPACI\u00d3N SANITARIA SEGUROS S.A. con CIF: A 28005312. Domicile : Avda. Alfonso X El Sabio, 14, entlo. T\u00e9l\u00e9phone : 965 200 106 03004 Alicante e-mail : info@asssa.es Vous pouvez contacter ASSSA par [&hellip;]\" \/>\n<meta property=\"og:url\" content=\"https:\/\/www.asssa.es\/fr\/politica-de-privacidad\/\" \/>\n<meta property=\"og:site_name\" content=\"ASSSA Franc\u00e9s\" \/>\n<meta property=\"article:modified_time\" content=\"2025-02-27T07:28:02+00:00\" \/>\n<meta name=\"twitter:card\" content=\"summary_large_image\" \/>\n<meta name=\"twitter:label1\" content=\"Dur\u00e9e de lecture estim\u00e9e\" \/>\n\t<meta name=\"twitter:data1\" content=\"11 minutes\" \/>\n<script type=\"application\/ld+json\" class=\"yoast-schema-graph\">{\"@context\":\"https:\\\/\\\/schema.org\",\"@graph\":[{\"@type\":\"WebPage\",\"@id\":\"https:\\\/\\\/www.asssa.es\\\/fr\\\/politica-de-privacidad\\\/\",\"url\":\"https:\\\/\\\/www.asssa.es\\\/fr\\\/politica-de-privacidad\\\/\",\"name\":\"POLITIQUE DE CONFIDENTIALIT\u00c9 - ASSSA Franc\u00e9s\",\"isPartOf\":{\"@id\":\"https:\\\/\\\/www.asssa.es\\\/fr\\\/#website\"},\"datePublished\":\"2019-03-11T08:44:37+00:00\",\"dateModified\":\"2025-02-27T07:28:02+00:00\",\"breadcrumb\":{\"@id\":\"https:\\\/\\\/www.asssa.es\\\/fr\\\/politica-de-privacidad\\\/#breadcrumb\"},\"inLanguage\":\"fr-FR\",\"potentialAction\":[{\"@type\":\"ReadAction\",\"target\":[\"https:\\\/\\\/www.asssa.es\\\/fr\\\/politica-de-privacidad\\\/\"]}]},{\"@type\":\"BreadcrumbList\",\"@id\":\"https:\\\/\\\/www.asssa.es\\\/fr\\\/politica-de-privacidad\\\/#breadcrumb\",\"itemListElement\":[{\"@type\":\"ListItem\",\"position\":1,\"name\":\"Portada\",\"item\":\"https:\\\/\\\/www.asssa.es\\\/fr\\\/\"},{\"@type\":\"ListItem\",\"position\":2,\"name\":\"POLITIQUE DE CONFIDENTIALIT\u00c9\"}]},{\"@type\":\"WebSite\",\"@id\":\"https:\\\/\\\/www.asssa.es\\\/fr\\\/#website\",\"url\":\"https:\\\/\\\/www.asssa.es\\\/fr\\\/\",\"name\":\"ASSSA Franc\u00e9s\",\"description\":\"\",\"potentialAction\":[{\"@type\":\"SearchAction\",\"target\":{\"@type\":\"EntryPoint\",\"urlTemplate\":\"https:\\\/\\\/www.asssa.es\\\/fr\\\/?s={search_term_string}\"},\"query-input\":{\"@type\":\"PropertyValueSpecification\",\"valueRequired\":true,\"valueName\":\"search_term_string\"}}],\"inLanguage\":\"fr-FR\"}]}<\/script>\n<!-- \/ Yoast SEO plugin. -->","yoast_head_json":{"title":"POLITIQUE DE CONFIDENTIALIT\u00c9 - ASSSA Franc\u00e9s","robots":{"index":"index","follow":"follow","max-snippet":"max-snippet:-1","max-image-preview":"max-image-preview:large","max-video-preview":"max-video-preview:-1"},"canonical":"https:\/\/www.asssa.es\/fr\/politica-de-privacidad\/","og_locale":"fr_FR","og_type":"article","og_title":"POLITIQUE DE CONFIDENTIALIT\u00c9 - ASSSA Franc\u00e9s","og_description":"La Politique de Confidentialit\u00e9 fait partie des Conditions G\u00e9n\u00e9rales qui r\u00e9gissent ce site web. Qui est responsable du traitement de vos donn\u00e9es ? AGRUPACI\u00d3N SANITARIA SEGUROS S.A. con CIF: A 28005312. Domicile : Avda. Alfonso X El Sabio, 14, entlo. T\u00e9l\u00e9phone : 965 200 106 03004 Alicante e-mail : info@asssa.es Vous pouvez contacter ASSSA par [&hellip;]","og_url":"https:\/\/www.asssa.es\/fr\/politica-de-privacidad\/","og_site_name":"ASSSA Franc\u00e9s","article_modified_time":"2025-02-27T07:28:02+00:00","twitter_card":"summary_large_image","twitter_misc":{"Dur\u00e9e de lecture estim\u00e9e":"11 minutes"},"schema":{"@context":"https:\/\/schema.org","@graph":[{"@type":"WebPage","@id":"https:\/\/www.asssa.es\/fr\/politica-de-privacidad\/","url":"https:\/\/www.asssa.es\/fr\/politica-de-privacidad\/","name":"POLITIQUE DE CONFIDENTIALIT\u00c9 - ASSSA Franc\u00e9s","isPartOf":{"@id":"https:\/\/www.asssa.es\/fr\/#website"},"datePublished":"2019-03-11T08:44:37+00:00","dateModified":"2025-02-27T07:28:02+00:00","breadcrumb":{"@id":"https:\/\/www.asssa.es\/fr\/politica-de-privacidad\/#breadcrumb"},"inLanguage":"fr-FR","potentialAction":[{"@type":"ReadAction","target":["https:\/\/www.asssa.es\/fr\/politica-de-privacidad\/"]}]},{"@type":"BreadcrumbList","@id":"https:\/\/www.asssa.es\/fr\/politica-de-privacidad\/#breadcrumb","itemListElement":[{"@type":"ListItem","position":1,"name":"Portada","item":"https:\/\/www.asssa.es\/fr\/"},{"@type":"ListItem","position":2,"name":"POLITIQUE DE CONFIDENTIALIT\u00c9"}]},{"@type":"WebSite","@id":"https:\/\/www.asssa.es\/fr\/#website","url":"https:\/\/www.asssa.es\/fr\/","name":"ASSSA Franc\u00e9s","description":"","potentialAction":[{"@type":"SearchAction","target":{"@type":"EntryPoint","urlTemplate":"https:\/\/www.asssa.es\/fr\/?s={search_term_string}"},"query-input":{"@type":"PropertyValueSpecification","valueRequired":true,"valueName":"search_term_string"}}],"inLanguage":"fr-FR"}]}},"_links":{"self":[{"href":"https:\/\/www.asssa.es\/fr\/wp-json\/wp\/v2\/pages\/3","targetHints":{"allow":["GET"]}}],"collection":[{"href":"https:\/\/www.asssa.es\/fr\/wp-json\/wp\/v2\/pages"}],"about":[{"href":"https:\/\/www.asssa.es\/fr\/wp-json\/wp\/v2\/types\/page"}],"author":[{"embeddable":true,"href":"https:\/\/www.asssa.es\/fr\/wp-json\/wp\/v2\/users\/20"}],"replies":[{"embeddable":true,"href":"https:\/\/www.asssa.es\/fr\/wp-json\/wp\/v2\/comments?post=3"}],"version-history":[{"count":8,"href":"https:\/\/www.asssa.es\/fr\/wp-json\/wp\/v2\/pages\/3\/revisions"}],"predecessor-version":[{"id":11002,"href":"https:\/\/www.asssa.es\/fr\/wp-json\/wp\/v2\/pages\/3\/revisions\/11002"}],"wp:attachment":[{"href":"https:\/\/www.asssa.es\/fr\/wp-json\/wp\/v2\/media?parent=3"}],"curies":[{"name":"wp","href":"https:\/\/api.w.org\/{rel}","templated":true}]}}