{"id":4049,"date":"2019-07-25T07:38:37","date_gmt":"2019-07-25T05:38:37","guid":{"rendered":"https:\/\/www.asssa.es\/fr\/?page_id=4049"},"modified":"2025-09-16T15:34:55","modified_gmt":"2025-09-16T13:34:55","slug":"nos-engagements","status":"publish","type":"page","link":"https:\/\/www.asssa.es\/fr\/propos-asssa\/nos-engagements\/","title":{"rendered":"NOS ENGAGEMENTS"},"content":{"rendered":"<h2>Nous nous sommes engag\u00e9s<\/h2>\n<p>La sant\u00e9 est notre raison d&rsquo;\u00eatre, d&rsquo;o\u00f9 notre lien fort avec le bien-\u00eatre de la soci\u00e9t\u00e9 et le respect de l&rsquo;environnement.<\/p>\n<p>&nbsp;<\/p>\n<p>Nous prenons diff\u00e9rents engagements et nous les r\u00e9alisons en collaborant \u00e0 diff\u00e9rentes actions sociales, en faisant notre part pour am\u00e9liorer l&rsquo;environnement qui nous entoure.<\/p>\n<p>&nbsp;<\/p>\n<p>Nous sympathisons avec la soci\u00e9t\u00e9 et nous nous effor\u00e7ons de d\u00e9velopper un plan de responsabilit\u00e9 sociale d&rsquo;entreprise qui contribue \u00e0 la r\u00e9alisation d&rsquo;un monde plus juste et plus \u00e9quilibr\u00e9.<\/p>\n","protected":false},"excerpt":{"rendered":"<p>Nous nous sommes engag\u00e9s La sant\u00e9 est notre raison d&rsquo;\u00eatre, d&rsquo;o\u00f9 notre lien fort avec le bien-\u00eatre de la soci\u00e9t\u00e9 et le respect de l&rsquo;environnement. &nbsp; Nous prenons diff\u00e9rents engagements et nous les r\u00e9alisons en collaborant \u00e0 diff\u00e9rentes actions sociales, en faisant notre part pour am\u00e9liorer l&rsquo;environnement qui nous entoure. &nbsp; Nous sympathisons avec la [&hellip;]<\/p>\n","protected":false},"author":20,"featured_media":11811,"parent":14,"menu_order":2,"comment_status":"closed","ping_status":"closed","template":"tpl-compromisos.php","meta":{"_acf_changed":false,"footnotes":""},"class_list":["post-4049","page","type-page","status-publish","has-post-thumbnail","hentry"],"acf":[],"yoast_head":"<!-- This site is optimized with the Yoast SEO plugin v27.5 - https:\/\/yoast.com\/product\/yoast-seo-wordpress\/ -->\n<title>NOS ENGAGEMENTS - ASSSA Franc\u00e9s<\/title>\n<meta name=\"robots\" content=\"index, follow, max-snippet:-1, max-image-preview:large, max-video-preview:-1\" \/>\n<link rel=\"canonical\" href=\"https:\/\/www.asssa.es\/fr\/propos-asssa\/nos-engagements\/\" \/>\n<meta property=\"og:locale\" content=\"fr_FR\" \/>\n<meta property=\"og:type\" content=\"article\" \/>\n<meta property=\"og:title\" content=\"NOS ENGAGEMENTS - ASSSA Franc\u00e9s\" \/>\n<meta property=\"og:description\" content=\"Nous nous sommes engag\u00e9s La sant\u00e9 est notre raison d&rsquo;\u00eatre, d&rsquo;o\u00f9 notre lien fort avec le bien-\u00eatre de la soci\u00e9t\u00e9 et le respect de l&rsquo;environnement. &nbsp; Nous prenons diff\u00e9rents engagements et nous les r\u00e9alisons en collaborant \u00e0 diff\u00e9rentes actions sociales, en faisant notre part pour am\u00e9liorer l&rsquo;environnement qui nous entoure. &nbsp; Nous sympathisons avec la [&hellip;]\" \/>\n<meta property=\"og:url\" content=\"https:\/\/www.asssa.es\/fr\/propos-asssa\/nos-engagements\/\" \/>\n<meta property=\"og:site_name\" content=\"ASSSA Franc\u00e9s\" \/>\n<meta property=\"article:modified_time\" content=\"2025-09-16T13:34:55+00:00\" \/>\n<meta property=\"og:image\" content=\"https:\/\/www.asssa.es\/wp-content\/uploads\/2025\/09\/Sobre-ASSSA-Compromisos-4.png\" \/>\n\t<meta property=\"og:image:width\" content=\"900\" \/>\n\t<meta property=\"og:image:height\" content=\"600\" \/>\n\t<meta property=\"og:image:type\" content=\"image\/png\" \/>\n<meta name=\"twitter:card\" content=\"summary_large_image\" \/>\n<meta name=\"twitter:label1\" content=\"Dur\u00e9e de lecture estim\u00e9e\" \/>\n\t<meta name=\"twitter:data1\" content=\"1 minute\" \/>\n<script type=\"application\/ld+json\" class=\"yoast-schema-graph\">{\"@context\":\"https:\\\/\\\/schema.org\",\"@graph\":[{\"@type\":\"WebPage\",\"@id\":\"https:\\\/\\\/www.asssa.es\\\/fr\\\/propos-asssa\\\/nos-engagements\\\/\",\"url\":\"https:\\\/\\\/www.asssa.es\\\/fr\\\/propos-asssa\\\/nos-engagements\\\/\",\"name\":\"NOS ENGAGEMENTS - ASSSA Franc\u00e9s\",\"isPartOf\":{\"@id\":\"https:\\\/\\\/www.asssa.es\\\/fr\\\/#website\"},\"primaryImageOfPage\":{\"@id\":\"https:\\\/\\\/www.asssa.es\\\/fr\\\/propos-asssa\\\/nos-engagements\\\/#primaryimage\"},\"image\":{\"@id\":\"https:\\\/\\\/www.asssa.es\\\/fr\\\/propos-asssa\\\/nos-engagements\\\/#primaryimage\"},\"thumbnailUrl\":\"https:\\\/\\\/www.asssa.es\\\/wp-content\\\/uploads\\\/2025\\\/09\\\/Sobre-ASSSA-Compromisos-4.png\",\"datePublished\":\"2019-07-25T05:38:37+00:00\",\"dateModified\":\"2025-09-16T13:34:55+00:00\",\"breadcrumb\":{\"@id\":\"https:\\\/\\\/www.asssa.es\\\/fr\\\/propos-asssa\\\/nos-engagements\\\/#breadcrumb\"},\"inLanguage\":\"fr-FR\",\"potentialAction\":[{\"@type\":\"ReadAction\",\"target\":[\"https:\\\/\\\/www.asssa.es\\\/fr\\\/propos-asssa\\\/nos-engagements\\\/\"]}]},{\"@type\":\"ImageObject\",\"inLanguage\":\"fr-FR\",\"@id\":\"https:\\\/\\\/www.asssa.es\\\/fr\\\/propos-asssa\\\/nos-engagements\\\/#primaryimage\",\"url\":\"https:\\\/\\\/www.asssa.es\\\/wp-content\\\/uploads\\\/2025\\\/09\\\/Sobre-ASSSA-Compromisos-4.png\",\"contentUrl\":\"https:\\\/\\\/www.asssa.es\\\/wp-content\\\/uploads\\\/2025\\\/09\\\/Sobre-ASSSA-Compromisos-4.png\",\"width\":900,\"height\":600},{\"@type\":\"BreadcrumbList\",\"@id\":\"https:\\\/\\\/www.asssa.es\\\/fr\\\/propos-asssa\\\/nos-engagements\\\/#breadcrumb\",\"itemListElement\":[{\"@type\":\"ListItem\",\"position\":1,\"name\":\"Portada\",\"item\":\"https:\\\/\\\/www.asssa.es\\\/fr\\\/\"},{\"@type\":\"ListItem\",\"position\":2,\"name\":\"\u00c0 propos d&rsquo;ASSSA\",\"item\":\"https:\\\/\\\/www.asssa.es\\\/fr\\\/propos-asssa\\\/\"},{\"@type\":\"ListItem\",\"position\":3,\"name\":\"NOS ENGAGEMENTS\"}]},{\"@type\":\"WebSite\",\"@id\":\"https:\\\/\\\/www.asssa.es\\\/fr\\\/#website\",\"url\":\"https:\\\/\\\/www.asssa.es\\\/fr\\\/\",\"name\":\"ASSSA Franc\u00e9s\",\"description\":\"\",\"potentialAction\":[{\"@type\":\"SearchAction\",\"target\":{\"@type\":\"EntryPoint\",\"urlTemplate\":\"https:\\\/\\\/www.asssa.es\\\/fr\\\/?s={search_term_string}\"},\"query-input\":{\"@type\":\"PropertyValueSpecification\",\"valueRequired\":true,\"valueName\":\"search_term_string\"}}],\"inLanguage\":\"fr-FR\"}]}<\/script>\n<!-- \/ Yoast SEO plugin. -->","yoast_head_json":{"title":"NOS ENGAGEMENTS - ASSSA Franc\u00e9s","robots":{"index":"index","follow":"follow","max-snippet":"max-snippet:-1","max-image-preview":"max-image-preview:large","max-video-preview":"max-video-preview:-1"},"canonical":"https:\/\/www.asssa.es\/fr\/propos-asssa\/nos-engagements\/","og_locale":"fr_FR","og_type":"article","og_title":"NOS ENGAGEMENTS - ASSSA Franc\u00e9s","og_description":"Nous nous sommes engag\u00e9s La sant\u00e9 est notre raison d&rsquo;\u00eatre, d&rsquo;o\u00f9 notre lien fort avec le bien-\u00eatre de la soci\u00e9t\u00e9 et le respect de l&rsquo;environnement. &nbsp; Nous prenons diff\u00e9rents engagements et nous les r\u00e9alisons en collaborant \u00e0 diff\u00e9rentes actions sociales, en faisant notre part pour am\u00e9liorer l&rsquo;environnement qui nous entoure. &nbsp; Nous sympathisons avec la [&hellip;]","og_url":"https:\/\/www.asssa.es\/fr\/propos-asssa\/nos-engagements\/","og_site_name":"ASSSA Franc\u00e9s","article_modified_time":"2025-09-16T13:34:55+00:00","og_image":[{"width":900,"height":600,"url":"https:\/\/www.asssa.es\/wp-content\/uploads\/2025\/09\/Sobre-ASSSA-Compromisos-4.png","type":"image\/png"}],"twitter_card":"summary_large_image","twitter_misc":{"Dur\u00e9e de lecture estim\u00e9e":"1 minute"},"schema":{"@context":"https:\/\/schema.org","@graph":[{"@type":"WebPage","@id":"https:\/\/www.asssa.es\/fr\/propos-asssa\/nos-engagements\/","url":"https:\/\/www.asssa.es\/fr\/propos-asssa\/nos-engagements\/","name":"NOS ENGAGEMENTS - ASSSA Franc\u00e9s","isPartOf":{"@id":"https:\/\/www.asssa.es\/fr\/#website"},"primaryImageOfPage":{"@id":"https:\/\/www.asssa.es\/fr\/propos-asssa\/nos-engagements\/#primaryimage"},"image":{"@id":"https:\/\/www.asssa.es\/fr\/propos-asssa\/nos-engagements\/#primaryimage"},"thumbnailUrl":"https:\/\/www.asssa.es\/wp-content\/uploads\/2025\/09\/Sobre-ASSSA-Compromisos-4.png","datePublished":"2019-07-25T05:38:37+00:00","dateModified":"2025-09-16T13:34:55+00:00","breadcrumb":{"@id":"https:\/\/www.asssa.es\/fr\/propos-asssa\/nos-engagements\/#breadcrumb"},"inLanguage":"fr-FR","potentialAction":[{"@type":"ReadAction","target":["https:\/\/www.asssa.es\/fr\/propos-asssa\/nos-engagements\/"]}]},{"@type":"ImageObject","inLanguage":"fr-FR","@id":"https:\/\/www.asssa.es\/fr\/propos-asssa\/nos-engagements\/#primaryimage","url":"https:\/\/www.asssa.es\/wp-content\/uploads\/2025\/09\/Sobre-ASSSA-Compromisos-4.png","contentUrl":"https:\/\/www.asssa.es\/wp-content\/uploads\/2025\/09\/Sobre-ASSSA-Compromisos-4.png","width":900,"height":600},{"@type":"BreadcrumbList","@id":"https:\/\/www.asssa.es\/fr\/propos-asssa\/nos-engagements\/#breadcrumb","itemListElement":[{"@type":"ListItem","position":1,"name":"Portada","item":"https:\/\/www.asssa.es\/fr\/"},{"@type":"ListItem","position":2,"name":"\u00c0 propos d&rsquo;ASSSA","item":"https:\/\/www.asssa.es\/fr\/propos-asssa\/"},{"@type":"ListItem","position":3,"name":"NOS ENGAGEMENTS"}]},{"@type":"WebSite","@id":"https:\/\/www.asssa.es\/fr\/#website","url":"https:\/\/www.asssa.es\/fr\/","name":"ASSSA Franc\u00e9s","description":"","potentialAction":[{"@type":"SearchAction","target":{"@type":"EntryPoint","urlTemplate":"https:\/\/www.asssa.es\/fr\/?s={search_term_string}"},"query-input":{"@type":"PropertyValueSpecification","valueRequired":true,"valueName":"search_term_string"}}],"inLanguage":"fr-FR"}]}},"_links":{"self":[{"href":"https:\/\/www.asssa.es\/fr\/wp-json\/wp\/v2\/pages\/4049","targetHints":{"allow":["GET"]}}],"collection":[{"href":"https:\/\/www.asssa.es\/fr\/wp-json\/wp\/v2\/pages"}],"about":[{"href":"https:\/\/www.asssa.es\/fr\/wp-json\/wp\/v2\/types\/page"}],"author":[{"embeddable":true,"href":"https:\/\/www.asssa.es\/fr\/wp-json\/wp\/v2\/users\/20"}],"replies":[{"embeddable":true,"href":"https:\/\/www.asssa.es\/fr\/wp-json\/wp\/v2\/comments?post=4049"}],"version-history":[{"count":5,"href":"https:\/\/www.asssa.es\/fr\/wp-json\/wp\/v2\/pages\/4049\/revisions"}],"predecessor-version":[{"id":7957,"href":"https:\/\/www.asssa.es\/fr\/wp-json\/wp\/v2\/pages\/4049\/revisions\/7957"}],"up":[{"embeddable":true,"href":"https:\/\/www.asssa.es\/fr\/wp-json\/wp\/v2\/pages\/14"}],"wp:featuredmedia":[{"embeddable":true,"href":"https:\/\/www.asssa.es\/fr\/wp-json\/wp\/v2\/media\/11811"}],"wp:attachment":[{"href":"https:\/\/www.asssa.es\/fr\/wp-json\/wp\/v2\/media?parent=4049"}],"curies":[{"name":"wp","href":"https:\/\/api.w.org\/{rel}","templated":true}]}}