{"id":4052,"date":"2019-07-25T07:39:25","date_gmt":"2019-07-25T05:39:25","guid":{"rendered":"https:\/\/www.asssa.es\/fr\/?page_id=4052"},"modified":"2025-12-24T12:26:52","modified_gmt":"2025-12-24T11:26:52","slug":"collaborer-avec-nous","status":"publish","type":"page","link":"https:\/\/www.asssa.es\/fr\/propos-asssa\/collaborer-avec-nous\/","title":{"rendered":"COLLABORER AVEC NOUS"},"content":{"rendered":"<h2>\u00c9quipe ASSSA<\/h2>\n<p>Pour poursuivre notre trajectoire commerciale et notre strat\u00e9gie de croissance, nous \u00e9largissons constamment notre \u00e9quipe de professionnels.<\/p>\n<p>&nbsp;<\/p>\n<p>La diversit\u00e9 de notre capital humain nous permet d&rsquo;offrir un service de proximit\u00e9 et nous enrichit en tant qu&rsquo;entreprise.<\/p>\n<p>&nbsp;<\/p>\n<p>Nous avons fait de la valeur des personnes la base de notre croissance, en formant une entreprise solide et humaine.<\/p>\n<p>&nbsp;<\/p>\n<p>Nous travaillons en \u00e9quipe et avec passion pour arriver plus loin.<\/p>\n","protected":false},"excerpt":{"rendered":"<p>\u00c9quipe ASSSA Pour poursuivre notre trajectoire commerciale et notre strat\u00e9gie de croissance, nous \u00e9largissons constamment notre \u00e9quipe de professionnels. &nbsp; La diversit\u00e9 de notre capital humain nous permet d&rsquo;offrir un service de proximit\u00e9 et nous enrichit en tant qu&rsquo;entreprise. &nbsp; Nous avons fait de la valeur des personnes la base de notre croissance, en formant [&hellip;]<\/p>\n","protected":false},"author":20,"featured_media":12123,"parent":14,"menu_order":3,"comment_status":"closed","ping_status":"closed","template":"tpl-trabajo.php","meta":{"_acf_changed":false,"footnotes":""},"class_list":["post-4052","page","type-page","status-publish","has-post-thumbnail","hentry"],"acf":[],"yoast_head":"<!-- This site is optimized with the Yoast SEO plugin v27.5 - https:\/\/yoast.com\/product\/yoast-seo-wordpress\/ -->\n<title>COLLABORER AVEC NOUS - ASSSA Franc\u00e9s<\/title>\n<meta name=\"robots\" content=\"index, follow, max-snippet:-1, max-image-preview:large, max-video-preview:-1\" \/>\n<link rel=\"canonical\" href=\"https:\/\/www.asssa.es\/fr\/propos-asssa\/collaborer-avec-nous\/\" \/>\n<meta property=\"og:locale\" content=\"fr_FR\" \/>\n<meta property=\"og:type\" content=\"article\" \/>\n<meta property=\"og:title\" content=\"COLLABORER AVEC NOUS - ASSSA Franc\u00e9s\" \/>\n<meta property=\"og:description\" content=\"\u00c9quipe ASSSA Pour poursuivre notre trajectoire commerciale et notre strat\u00e9gie de croissance, nous \u00e9largissons constamment notre \u00e9quipe de professionnels. &nbsp; La diversit\u00e9 de notre capital humain nous permet d&rsquo;offrir un service de proximit\u00e9 et nous enrichit en tant qu&rsquo;entreprise. &nbsp; Nous avons fait de la valeur des personnes la base de notre croissance, en formant [&hellip;]\" \/>\n<meta property=\"og:url\" content=\"https:\/\/www.asssa.es\/fr\/propos-asssa\/collaborer-avec-nous\/\" \/>\n<meta property=\"og:site_name\" content=\"ASSSA Franc\u00e9s\" \/>\n<meta property=\"article:modified_time\" content=\"2025-12-24T11:26:52+00:00\" \/>\n<meta property=\"og:image\" content=\"https:\/\/www.asssa.es\/wp-content\/uploads\/2025\/12\/Mosaico-ASSSA-2026-4.png\" \/>\n\t<meta property=\"og:image:width\" content=\"1900\" \/>\n\t<meta property=\"og:image:height\" content=\"1267\" \/>\n\t<meta property=\"og:image:type\" content=\"image\/png\" \/>\n<meta name=\"twitter:card\" content=\"summary_large_image\" \/>\n<meta name=\"twitter:label1\" content=\"Dur\u00e9e de lecture estim\u00e9e\" \/>\n\t<meta name=\"twitter:data1\" content=\"1 minute\" \/>\n<script type=\"application\/ld+json\" class=\"yoast-schema-graph\">{\"@context\":\"https:\\\/\\\/schema.org\",\"@graph\":[{\"@type\":\"WebPage\",\"@id\":\"https:\\\/\\\/www.asssa.es\\\/fr\\\/propos-asssa\\\/collaborer-avec-nous\\\/\",\"url\":\"https:\\\/\\\/www.asssa.es\\\/fr\\\/propos-asssa\\\/collaborer-avec-nous\\\/\",\"name\":\"COLLABORER AVEC NOUS - ASSSA Franc\u00e9s\",\"isPartOf\":{\"@id\":\"https:\\\/\\\/www.asssa.es\\\/fr\\\/#website\"},\"primaryImageOfPage\":{\"@id\":\"https:\\\/\\\/www.asssa.es\\\/fr\\\/propos-asssa\\\/collaborer-avec-nous\\\/#primaryimage\"},\"image\":{\"@id\":\"https:\\\/\\\/www.asssa.es\\\/fr\\\/propos-asssa\\\/collaborer-avec-nous\\\/#primaryimage\"},\"thumbnailUrl\":\"https:\\\/\\\/www.asssa.es\\\/wp-content\\\/uploads\\\/2025\\\/12\\\/Mosaico-ASSSA-2026-4.png\",\"datePublished\":\"2019-07-25T05:39:25+00:00\",\"dateModified\":\"2025-12-24T11:26:52+00:00\",\"breadcrumb\":{\"@id\":\"https:\\\/\\\/www.asssa.es\\\/fr\\\/propos-asssa\\\/collaborer-avec-nous\\\/#breadcrumb\"},\"inLanguage\":\"fr-FR\",\"potentialAction\":[{\"@type\":\"ReadAction\",\"target\":[\"https:\\\/\\\/www.asssa.es\\\/fr\\\/propos-asssa\\\/collaborer-avec-nous\\\/\"]}]},{\"@type\":\"ImageObject\",\"inLanguage\":\"fr-FR\",\"@id\":\"https:\\\/\\\/www.asssa.es\\\/fr\\\/propos-asssa\\\/collaborer-avec-nous\\\/#primaryimage\",\"url\":\"https:\\\/\\\/www.asssa.es\\\/wp-content\\\/uploads\\\/2025\\\/12\\\/Mosaico-ASSSA-2026-4.png\",\"contentUrl\":\"https:\\\/\\\/www.asssa.es\\\/wp-content\\\/uploads\\\/2025\\\/12\\\/Mosaico-ASSSA-2026-4.png\",\"width\":1900,\"height\":1267},{\"@type\":\"BreadcrumbList\",\"@id\":\"https:\\\/\\\/www.asssa.es\\\/fr\\\/propos-asssa\\\/collaborer-avec-nous\\\/#breadcrumb\",\"itemListElement\":[{\"@type\":\"ListItem\",\"position\":1,\"name\":\"Portada\",\"item\":\"https:\\\/\\\/www.asssa.es\\\/fr\\\/\"},{\"@type\":\"ListItem\",\"position\":2,\"name\":\"\u00c0 propos d&rsquo;ASSSA\",\"item\":\"https:\\\/\\\/www.asssa.es\\\/fr\\\/propos-asssa\\\/\"},{\"@type\":\"ListItem\",\"position\":3,\"name\":\"COLLABORER AVEC NOUS\"}]},{\"@type\":\"WebSite\",\"@id\":\"https:\\\/\\\/www.asssa.es\\\/fr\\\/#website\",\"url\":\"https:\\\/\\\/www.asssa.es\\\/fr\\\/\",\"name\":\"ASSSA Franc\u00e9s\",\"description\":\"\",\"potentialAction\":[{\"@type\":\"SearchAction\",\"target\":{\"@type\":\"EntryPoint\",\"urlTemplate\":\"https:\\\/\\\/www.asssa.es\\\/fr\\\/?s={search_term_string}\"},\"query-input\":{\"@type\":\"PropertyValueSpecification\",\"valueRequired\":true,\"valueName\":\"search_term_string\"}}],\"inLanguage\":\"fr-FR\"}]}<\/script>\n<!-- \/ Yoast SEO plugin. -->","yoast_head_json":{"title":"COLLABORER AVEC NOUS - ASSSA Franc\u00e9s","robots":{"index":"index","follow":"follow","max-snippet":"max-snippet:-1","max-image-preview":"max-image-preview:large","max-video-preview":"max-video-preview:-1"},"canonical":"https:\/\/www.asssa.es\/fr\/propos-asssa\/collaborer-avec-nous\/","og_locale":"fr_FR","og_type":"article","og_title":"COLLABORER AVEC NOUS - ASSSA Franc\u00e9s","og_description":"\u00c9quipe ASSSA Pour poursuivre notre trajectoire commerciale et notre strat\u00e9gie de croissance, nous \u00e9largissons constamment notre \u00e9quipe de professionnels. &nbsp; La diversit\u00e9 de notre capital humain nous permet d&rsquo;offrir un service de proximit\u00e9 et nous enrichit en tant qu&rsquo;entreprise. &nbsp; Nous avons fait de la valeur des personnes la base de notre croissance, en formant [&hellip;]","og_url":"https:\/\/www.asssa.es\/fr\/propos-asssa\/collaborer-avec-nous\/","og_site_name":"ASSSA Franc\u00e9s","article_modified_time":"2025-12-24T11:26:52+00:00","og_image":[{"width":1900,"height":1267,"url":"https:\/\/www.asssa.es\/wp-content\/uploads\/2025\/12\/Mosaico-ASSSA-2026-4.png","type":"image\/png"}],"twitter_card":"summary_large_image","twitter_misc":{"Dur\u00e9e de lecture estim\u00e9e":"1 minute"},"schema":{"@context":"https:\/\/schema.org","@graph":[{"@type":"WebPage","@id":"https:\/\/www.asssa.es\/fr\/propos-asssa\/collaborer-avec-nous\/","url":"https:\/\/www.asssa.es\/fr\/propos-asssa\/collaborer-avec-nous\/","name":"COLLABORER AVEC NOUS - ASSSA Franc\u00e9s","isPartOf":{"@id":"https:\/\/www.asssa.es\/fr\/#website"},"primaryImageOfPage":{"@id":"https:\/\/www.asssa.es\/fr\/propos-asssa\/collaborer-avec-nous\/#primaryimage"},"image":{"@id":"https:\/\/www.asssa.es\/fr\/propos-asssa\/collaborer-avec-nous\/#primaryimage"},"thumbnailUrl":"https:\/\/www.asssa.es\/wp-content\/uploads\/2025\/12\/Mosaico-ASSSA-2026-4.png","datePublished":"2019-07-25T05:39:25+00:00","dateModified":"2025-12-24T11:26:52+00:00","breadcrumb":{"@id":"https:\/\/www.asssa.es\/fr\/propos-asssa\/collaborer-avec-nous\/#breadcrumb"},"inLanguage":"fr-FR","potentialAction":[{"@type":"ReadAction","target":["https:\/\/www.asssa.es\/fr\/propos-asssa\/collaborer-avec-nous\/"]}]},{"@type":"ImageObject","inLanguage":"fr-FR","@id":"https:\/\/www.asssa.es\/fr\/propos-asssa\/collaborer-avec-nous\/#primaryimage","url":"https:\/\/www.asssa.es\/wp-content\/uploads\/2025\/12\/Mosaico-ASSSA-2026-4.png","contentUrl":"https:\/\/www.asssa.es\/wp-content\/uploads\/2025\/12\/Mosaico-ASSSA-2026-4.png","width":1900,"height":1267},{"@type":"BreadcrumbList","@id":"https:\/\/www.asssa.es\/fr\/propos-asssa\/collaborer-avec-nous\/#breadcrumb","itemListElement":[{"@type":"ListItem","position":1,"name":"Portada","item":"https:\/\/www.asssa.es\/fr\/"},{"@type":"ListItem","position":2,"name":"\u00c0 propos d&rsquo;ASSSA","item":"https:\/\/www.asssa.es\/fr\/propos-asssa\/"},{"@type":"ListItem","position":3,"name":"COLLABORER AVEC NOUS"}]},{"@type":"WebSite","@id":"https:\/\/www.asssa.es\/fr\/#website","url":"https:\/\/www.asssa.es\/fr\/","name":"ASSSA Franc\u00e9s","description":"","potentialAction":[{"@type":"SearchAction","target":{"@type":"EntryPoint","urlTemplate":"https:\/\/www.asssa.es\/fr\/?s={search_term_string}"},"query-input":{"@type":"PropertyValueSpecification","valueRequired":true,"valueName":"search_term_string"}}],"inLanguage":"fr-FR"}]}},"_links":{"self":[{"href":"https:\/\/www.asssa.es\/fr\/wp-json\/wp\/v2\/pages\/4052","targetHints":{"allow":["GET"]}}],"collection":[{"href":"https:\/\/www.asssa.es\/fr\/wp-json\/wp\/v2\/pages"}],"about":[{"href":"https:\/\/www.asssa.es\/fr\/wp-json\/wp\/v2\/types\/page"}],"author":[{"embeddable":true,"href":"https:\/\/www.asssa.es\/fr\/wp-json\/wp\/v2\/users\/20"}],"replies":[{"embeddable":true,"href":"https:\/\/www.asssa.es\/fr\/wp-json\/wp\/v2\/comments?post=4052"}],"version-history":[{"count":4,"href":"https:\/\/www.asssa.es\/fr\/wp-json\/wp\/v2\/pages\/4052\/revisions"}],"predecessor-version":[{"id":6963,"href":"https:\/\/www.asssa.es\/fr\/wp-json\/wp\/v2\/pages\/4052\/revisions\/6963"}],"up":[{"embeddable":true,"href":"https:\/\/www.asssa.es\/fr\/wp-json\/wp\/v2\/pages\/14"}],"wp:featuredmedia":[{"embeddable":true,"href":"https:\/\/www.asssa.es\/fr\/wp-json\/wp\/v2\/media\/12123"}],"wp:attachment":[{"href":"https:\/\/www.asssa.es\/fr\/wp-json\/wp\/v2\/media?parent=4052"}],"curies":[{"name":"wp","href":"https:\/\/api.w.org\/{rel}","templated":true}]}}