{"id":53,"date":"2019-03-11T12:24:41","date_gmt":"2019-03-11T12:24:41","guid":{"rendered":"https:\/\/www.asssa.es\/?page_id=53"},"modified":"2025-09-16T15:29:47","modified_gmt":"2025-09-16T13:29:47","slug":"assurance-accident","status":"publish","type":"page","link":"https:\/\/www.asssa.es\/fr\/assurance-accident\/","title":{"rendered":"Assurance Accident"},"content":{"rendered":"<p>Normalement nous assurons notre maison, notre voiture et m\u00eame une assurance priv\u00e9e d\u2019assistance sanitaire .<\/p>\n<p>Nos\u00a0Assurances Accidents\u00a0sont parfaites pour compl\u00e9ter les besoins de protection familiale et pour faire face aux graves dommages \u00e9conomiques d\u00e9riv\u00e9s d\u2019un accident.<\/p>\n","protected":false},"excerpt":{"rendered":"<p>Normalement nous assurons notre maison, notre voiture et m\u00eame une assurance priv\u00e9e d\u2019assistance sanitaire . Nos\u00a0Assurances Accidents\u00a0sont parfaites pour compl\u00e9ter les besoins de protection familiale et pour faire face aux graves dommages \u00e9conomiques d\u00e9riv\u00e9s d\u2019un accident.<\/p>\n","protected":false},"author":20,"featured_media":0,"parent":0,"menu_order":0,"comment_status":"closed","ping_status":"closed","template":"tpl-listado_seguro.php","meta":{"_acf_changed":false,"footnotes":""},"class_list":["post-53","page","type-page","status-publish","hentry"],"acf":[],"yoast_head":"<!-- This site is optimized with the Yoast SEO plugin v27.5 - https:\/\/yoast.com\/product\/yoast-seo-wordpress\/ -->\n<title>Assurance Accident - ASSSA Franc\u00e9s<\/title>\n<meta name=\"robots\" content=\"index, follow, max-snippet:-1, max-image-preview:large, max-video-preview:-1\" \/>\n<link rel=\"canonical\" href=\"https:\/\/www.asssa.es\/fr\/assurance-accident\/\" \/>\n<meta property=\"og:locale\" content=\"fr_FR\" \/>\n<meta property=\"og:type\" content=\"article\" \/>\n<meta property=\"og:title\" content=\"Assurance Accident - ASSSA Franc\u00e9s\" \/>\n<meta property=\"og:description\" content=\"Normalement nous assurons notre maison, notre voiture et m\u00eame une assurance priv\u00e9e d\u2019assistance sanitaire . Nos\u00a0Assurances Accidents\u00a0sont parfaites pour compl\u00e9ter les besoins de protection familiale et pour faire face aux graves dommages \u00e9conomiques d\u00e9riv\u00e9s d\u2019un accident.\" \/>\n<meta property=\"og:url\" content=\"https:\/\/www.asssa.es\/fr\/assurance-accident\/\" \/>\n<meta property=\"og:site_name\" content=\"ASSSA Franc\u00e9s\" \/>\n<meta property=\"article:modified_time\" content=\"2025-09-16T13:29:47+00:00\" \/>\n<meta name=\"twitter:card\" content=\"summary_large_image\" \/>\n<meta name=\"twitter:label1\" content=\"Dur\u00e9e de lecture estim\u00e9e\" \/>\n\t<meta name=\"twitter:data1\" content=\"1 minute\" \/>\n<script type=\"application\/ld+json\" class=\"yoast-schema-graph\">{\"@context\":\"https:\\\/\\\/schema.org\",\"@graph\":[{\"@type\":\"WebPage\",\"@id\":\"https:\\\/\\\/www.asssa.es\\\/fr\\\/assurance-accident\\\/\",\"url\":\"https:\\\/\\\/www.asssa.es\\\/fr\\\/assurance-accident\\\/\",\"name\":\"Assurance Accident - ASSSA Franc\u00e9s\",\"isPartOf\":{\"@id\":\"https:\\\/\\\/www.asssa.es\\\/fr\\\/#website\"},\"datePublished\":\"2019-03-11T12:24:41+00:00\",\"dateModified\":\"2025-09-16T13:29:47+00:00\",\"breadcrumb\":{\"@id\":\"https:\\\/\\\/www.asssa.es\\\/fr\\\/assurance-accident\\\/#breadcrumb\"},\"inLanguage\":\"fr-FR\",\"potentialAction\":[{\"@type\":\"ReadAction\",\"target\":[\"https:\\\/\\\/www.asssa.es\\\/fr\\\/assurance-accident\\\/\"]}]},{\"@type\":\"BreadcrumbList\",\"@id\":\"https:\\\/\\\/www.asssa.es\\\/fr\\\/assurance-accident\\\/#breadcrumb\",\"itemListElement\":[{\"@type\":\"ListItem\",\"position\":1,\"name\":\"Portada\",\"item\":\"https:\\\/\\\/www.asssa.es\\\/fr\\\/\"},{\"@type\":\"ListItem\",\"position\":2,\"name\":\"Assurance Accident\"}]},{\"@type\":\"WebSite\",\"@id\":\"https:\\\/\\\/www.asssa.es\\\/fr\\\/#website\",\"url\":\"https:\\\/\\\/www.asssa.es\\\/fr\\\/\",\"name\":\"ASSSA Franc\u00e9s\",\"description\":\"\",\"potentialAction\":[{\"@type\":\"SearchAction\",\"target\":{\"@type\":\"EntryPoint\",\"urlTemplate\":\"https:\\\/\\\/www.asssa.es\\\/fr\\\/?s={search_term_string}\"},\"query-input\":{\"@type\":\"PropertyValueSpecification\",\"valueRequired\":true,\"valueName\":\"search_term_string\"}}],\"inLanguage\":\"fr-FR\"}]}<\/script>\n<!-- \/ Yoast SEO plugin. -->","yoast_head_json":{"title":"Assurance Accident - ASSSA Franc\u00e9s","robots":{"index":"index","follow":"follow","max-snippet":"max-snippet:-1","max-image-preview":"max-image-preview:large","max-video-preview":"max-video-preview:-1"},"canonical":"https:\/\/www.asssa.es\/fr\/assurance-accident\/","og_locale":"fr_FR","og_type":"article","og_title":"Assurance Accident - ASSSA Franc\u00e9s","og_description":"Normalement nous assurons notre maison, notre voiture et m\u00eame une assurance priv\u00e9e d\u2019assistance sanitaire . Nos\u00a0Assurances Accidents\u00a0sont parfaites pour compl\u00e9ter les besoins de protection familiale et pour faire face aux graves dommages \u00e9conomiques d\u00e9riv\u00e9s d\u2019un accident.","og_url":"https:\/\/www.asssa.es\/fr\/assurance-accident\/","og_site_name":"ASSSA Franc\u00e9s","article_modified_time":"2025-09-16T13:29:47+00:00","twitter_card":"summary_large_image","twitter_misc":{"Dur\u00e9e de lecture estim\u00e9e":"1 minute"},"schema":{"@context":"https:\/\/schema.org","@graph":[{"@type":"WebPage","@id":"https:\/\/www.asssa.es\/fr\/assurance-accident\/","url":"https:\/\/www.asssa.es\/fr\/assurance-accident\/","name":"Assurance Accident - ASSSA Franc\u00e9s","isPartOf":{"@id":"https:\/\/www.asssa.es\/fr\/#website"},"datePublished":"2019-03-11T12:24:41+00:00","dateModified":"2025-09-16T13:29:47+00:00","breadcrumb":{"@id":"https:\/\/www.asssa.es\/fr\/assurance-accident\/#breadcrumb"},"inLanguage":"fr-FR","potentialAction":[{"@type":"ReadAction","target":["https:\/\/www.asssa.es\/fr\/assurance-accident\/"]}]},{"@type":"BreadcrumbList","@id":"https:\/\/www.asssa.es\/fr\/assurance-accident\/#breadcrumb","itemListElement":[{"@type":"ListItem","position":1,"name":"Portada","item":"https:\/\/www.asssa.es\/fr\/"},{"@type":"ListItem","position":2,"name":"Assurance Accident"}]},{"@type":"WebSite","@id":"https:\/\/www.asssa.es\/fr\/#website","url":"https:\/\/www.asssa.es\/fr\/","name":"ASSSA Franc\u00e9s","description":"","potentialAction":[{"@type":"SearchAction","target":{"@type":"EntryPoint","urlTemplate":"https:\/\/www.asssa.es\/fr\/?s={search_term_string}"},"query-input":{"@type":"PropertyValueSpecification","valueRequired":true,"valueName":"search_term_string"}}],"inLanguage":"fr-FR"}]}},"_links":{"self":[{"href":"https:\/\/www.asssa.es\/fr\/wp-json\/wp\/v2\/pages\/53","targetHints":{"allow":["GET"]}}],"collection":[{"href":"https:\/\/www.asssa.es\/fr\/wp-json\/wp\/v2\/pages"}],"about":[{"href":"https:\/\/www.asssa.es\/fr\/wp-json\/wp\/v2\/types\/page"}],"author":[{"embeddable":true,"href":"https:\/\/www.asssa.es\/fr\/wp-json\/wp\/v2\/users\/20"}],"replies":[{"embeddable":true,"href":"https:\/\/www.asssa.es\/fr\/wp-json\/wp\/v2\/comments?post=53"}],"version-history":[{"count":13,"href":"https:\/\/www.asssa.es\/fr\/wp-json\/wp\/v2\/pages\/53\/revisions"}],"predecessor-version":[{"id":11821,"href":"https:\/\/www.asssa.es\/fr\/wp-json\/wp\/v2\/pages\/53\/revisions\/11821"}],"wp:attachment":[{"href":"https:\/\/www.asssa.es\/fr\/wp-json\/wp\/v2\/media?parent=53"}],"curies":[{"name":"wp","href":"https:\/\/api.w.org\/{rel}","templated":true}]}}