{"id":55,"date":"2019-03-11T12:25:38","date_gmt":"2019-03-11T12:25:38","guid":{"rendered":"https:\/\/www.asssa.es\/?page_id=55"},"modified":"2026-01-07T08:32:32","modified_gmt":"2026-01-07T07:32:32","slug":"inicio","status":"publish","type":"page","link":"https:\/\/www.asssa.es\/fr\/","title":{"rendered":"Votre tranquilit\u00e9 entre de bonnes mains"},"content":{"rendered":"<div class=\"container promo-azul\">\n<p class=\"blue-banner\">Assurance sanitaire pour expatri\u00e9s en Espagne<\/p>\n<p>ASSSA met son exp\u00e9rience de 90 ans \u00e0 votre disposition pour que les meilleurs m\u00e9decins, la plus haute technologie et le service personnalis\u00e9 que vous recevrez dans votre propre langue soient toujours \u00e0 votre port\u00e9e.<\/p>\n<\/div>\n<section class=\"container icons\">\n<h2 class=\"underlined\">Investissez dans votre sant\u00e9 avec ASSSA<\/h2>\n<p>Appr\u00e9ciez la tranquillit\u00e9 offerte par nos garanties exclusives et notre service unique:<\/p>\n<ul class=\"flex-container grid-icons grid-home\">\n<li><img decoding=\"async\" src=\"\/wp-content\/uploads\/sites\/5\/2019\/03\/icono10.png\" alt=\"icono\" \/>\n<div><strong>Garantie \u00e0 viea<\/strong> Garantie contractuelle de non r\u00e9siliation de l\u00b4assurance en raison d\u00b4 \u00e2ge, maladie ou usage.<\/div>\n<\/li>\n<li><img decoding=\"async\" src=\"\/wp-content\/uploads\/2020\/12\/Icono-sin-copagos-60x60-1.png\" alt=\"icono\" \/>\n<div><strong>Assurance m\u00e9dicale sans copaiements<\/strong><\/div>\n<\/li>\n<li><img decoding=\"async\" src=\"\/wp-content\/uploads\/sites\/5\/2019\/03\/icono11.png\" alt=\"icono\" \/>\n<div><strong>Sans augmentation de prime<\/strong> En raison de l\u00b4\u00e2ge.<\/div>\n<\/li>\n<li><img decoding=\"async\" src=\"\/wp-content\/uploads\/sites\/5\/2019\/03\/icono31.png\" alt=\"icono\" \/>\n<div><strong>Dans votre propre langue<\/strong> Conseil personnalis\u00e9 et professionnel dans votre propre langue. En outre, les documents du contrat sont disponibles en plusieurs langues.<\/div>\n<\/li>\n<li><img decoding=\"async\" src=\"\/wp-content\/uploads\/sites\/5\/2019\/03\/icono40.png\" alt=\"icono\" \/>\n<div><strong>M\u00e9decins de grand prestige<\/strong> Libre choix parmi le vaste cadre m\u00e9dical d\u00b4ASSSA.<\/div>\n<\/li>\n<li><img decoding=\"async\" src=\"\/wp-content\/uploads\/sites\/5\/2019\/03\/icono18.png\" alt=\"icono\" \/>\n<div><strong>Acc\u00e8s imm\u00e9diat aux sp\u00e9cialistes<\/strong> Et aux services m\u00e9dicaux priv\u00e9s sans listes d\u00b4attente.<\/div>\n<\/li>\n<\/ul>\n<\/section>\n","protected":false},"excerpt":{"rendered":"<p>Assurance sanitaire pour expatri\u00e9s en Espagne ASSSA met son exp\u00e9rience de 90 ans \u00e0 votre disposition pour que les meilleurs m\u00e9decins, la plus haute technologie et le service personnalis\u00e9 que vous recevrez dans votre propre langue soient toujours \u00e0 votre port\u00e9e. Investissez dans votre sant\u00e9 avec ASSSA Appr\u00e9ciez la tranquillit\u00e9 offerte par nos garanties exclusives [&hellip;]<\/p>\n","protected":false},"author":20,"featured_media":0,"parent":0,"menu_order":0,"comment_status":"closed","ping_status":"closed","template":"","meta":{"_acf_changed":false,"footnotes":""},"class_list":["post-55","page","type-page","status-publish","hentry"],"acf":[],"yoast_head":"<!-- This site is optimized with the Yoast SEO plugin v27.2 - https:\/\/yoast.com\/product\/yoast-seo-wordpress\/ -->\n<title>Votre tranquilit\u00e9 entre de bonnes mains - ASSSA Franc\u00e9s<\/title>\n<meta name=\"robots\" content=\"index, follow, max-snippet:-1, max-image-preview:large, max-video-preview:-1\" \/>\n<link rel=\"canonical\" href=\"https:\/\/www.asssa.es\/fr\/\" \/>\n<meta property=\"og:locale\" content=\"fr_FR\" \/>\n<meta property=\"og:type\" content=\"article\" \/>\n<meta property=\"og:title\" content=\"Votre tranquilit\u00e9 entre de bonnes mains - ASSSA Franc\u00e9s\" \/>\n<meta property=\"og:description\" content=\"Assurance sanitaire pour expatri\u00e9s en Espagne ASSSA met son exp\u00e9rience de 90 ans \u00e0 votre disposition pour que les meilleurs m\u00e9decins, la plus haute technologie et le service personnalis\u00e9 que vous recevrez dans votre propre langue soient toujours \u00e0 votre port\u00e9e. Investissez dans votre sant\u00e9 avec ASSSA Appr\u00e9ciez la tranquillit\u00e9 offerte par nos garanties exclusives [&hellip;]\" \/>\n<meta property=\"og:url\" content=\"https:\/\/www.asssa.es\/fr\/\" \/>\n<meta property=\"og:site_name\" content=\"ASSSA Franc\u00e9s\" \/>\n<meta property=\"article:modified_time\" content=\"2026-01-07T07:32:32+00:00\" \/>\n<meta name=\"twitter:card\" content=\"summary_large_image\" \/>\n<meta name=\"twitter:label1\" content=\"Dur\u00e9e de lecture estim\u00e9e\" \/>\n\t<meta name=\"twitter:data1\" content=\"2 minutes\" \/>\n<script type=\"application\/ld+json\" class=\"yoast-schema-graph\">{\"@context\":\"https:\/\/schema.org\",\"@graph\":[{\"@type\":\"WebPage\",\"@id\":\"https:\/\/www.asssa.es\/fr\/\",\"url\":\"https:\/\/www.asssa.es\/fr\/\",\"name\":\"Votre tranquilit\u00e9 entre de bonnes mains - ASSSA Franc\u00e9s\",\"isPartOf\":{\"@id\":\"https:\/\/www.asssa.es\/fr\/#website\"},\"datePublished\":\"2019-03-11T12:25:38+00:00\",\"dateModified\":\"2026-01-07T07:32:32+00:00\",\"breadcrumb\":{\"@id\":\"https:\/\/www.asssa.es\/fr\/#breadcrumb\"},\"inLanguage\":\"fr-FR\",\"potentialAction\":[{\"@type\":\"ReadAction\",\"target\":[\"https:\/\/www.asssa.es\/fr\/\"]}]},{\"@type\":\"BreadcrumbList\",\"@id\":\"https:\/\/www.asssa.es\/fr\/#breadcrumb\",\"itemListElement\":[{\"@type\":\"ListItem\",\"position\":1,\"name\":\"Portada\",\"item\":\"https:\/\/www.asssa.es\/fr\/\"},{\"@type\":\"ListItem\",\"position\":2,\"name\":\"Votre tranquilit\u00e9 entre de bonnes mains\"}]},{\"@type\":\"WebSite\",\"@id\":\"https:\/\/www.asssa.es\/fr\/#website\",\"url\":\"https:\/\/www.asssa.es\/fr\/\",\"name\":\"ASSSA Franc\u00e9s\",\"description\":\"\",\"potentialAction\":[{\"@type\":\"SearchAction\",\"target\":{\"@type\":\"EntryPoint\",\"urlTemplate\":\"https:\/\/www.asssa.es\/fr\/?s={search_term_string}\"},\"query-input\":{\"@type\":\"PropertyValueSpecification\",\"valueRequired\":true,\"valueName\":\"search_term_string\"}}],\"inLanguage\":\"fr-FR\"}]}<\/script>\n<!-- \/ Yoast SEO plugin. -->","yoast_head_json":{"title":"Votre tranquilit\u00e9 entre de bonnes mains - ASSSA Franc\u00e9s","robots":{"index":"index","follow":"follow","max-snippet":"max-snippet:-1","max-image-preview":"max-image-preview:large","max-video-preview":"max-video-preview:-1"},"canonical":"https:\/\/www.asssa.es\/fr\/","og_locale":"fr_FR","og_type":"article","og_title":"Votre tranquilit\u00e9 entre de bonnes mains - ASSSA Franc\u00e9s","og_description":"Assurance sanitaire pour expatri\u00e9s en Espagne ASSSA met son exp\u00e9rience de 90 ans \u00e0 votre disposition pour que les meilleurs m\u00e9decins, la plus haute technologie et le service personnalis\u00e9 que vous recevrez dans votre propre langue soient toujours \u00e0 votre port\u00e9e. Investissez dans votre sant\u00e9 avec ASSSA Appr\u00e9ciez la tranquillit\u00e9 offerte par nos garanties exclusives [&hellip;]","og_url":"https:\/\/www.asssa.es\/fr\/","og_site_name":"ASSSA Franc\u00e9s","article_modified_time":"2026-01-07T07:32:32+00:00","twitter_card":"summary_large_image","twitter_misc":{"Dur\u00e9e de lecture estim\u00e9e":"2 minutes"},"schema":{"@context":"https:\/\/schema.org","@graph":[{"@type":"WebPage","@id":"https:\/\/www.asssa.es\/fr\/","url":"https:\/\/www.asssa.es\/fr\/","name":"Votre tranquilit\u00e9 entre de bonnes mains - ASSSA Franc\u00e9s","isPartOf":{"@id":"https:\/\/www.asssa.es\/fr\/#website"},"datePublished":"2019-03-11T12:25:38+00:00","dateModified":"2026-01-07T07:32:32+00:00","breadcrumb":{"@id":"https:\/\/www.asssa.es\/fr\/#breadcrumb"},"inLanguage":"fr-FR","potentialAction":[{"@type":"ReadAction","target":["https:\/\/www.asssa.es\/fr\/"]}]},{"@type":"BreadcrumbList","@id":"https:\/\/www.asssa.es\/fr\/#breadcrumb","itemListElement":[{"@type":"ListItem","position":1,"name":"Portada","item":"https:\/\/www.asssa.es\/fr\/"},{"@type":"ListItem","position":2,"name":"Votre tranquilit\u00e9 entre de bonnes mains"}]},{"@type":"WebSite","@id":"https:\/\/www.asssa.es\/fr\/#website","url":"https:\/\/www.asssa.es\/fr\/","name":"ASSSA Franc\u00e9s","description":"","potentialAction":[{"@type":"SearchAction","target":{"@type":"EntryPoint","urlTemplate":"https:\/\/www.asssa.es\/fr\/?s={search_term_string}"},"query-input":{"@type":"PropertyValueSpecification","valueRequired":true,"valueName":"search_term_string"}}],"inLanguage":"fr-FR"}]}},"_links":{"self":[{"href":"https:\/\/www.asssa.es\/fr\/wp-json\/wp\/v2\/pages\/55","targetHints":{"allow":["GET"]}}],"collection":[{"href":"https:\/\/www.asssa.es\/fr\/wp-json\/wp\/v2\/pages"}],"about":[{"href":"https:\/\/www.asssa.es\/fr\/wp-json\/wp\/v2\/types\/page"}],"author":[{"embeddable":true,"href":"https:\/\/www.asssa.es\/fr\/wp-json\/wp\/v2\/users\/20"}],"replies":[{"embeddable":true,"href":"https:\/\/www.asssa.es\/fr\/wp-json\/wp\/v2\/comments?post=55"}],"version-history":[{"count":312,"href":"https:\/\/www.asssa.es\/fr\/wp-json\/wp\/v2\/pages\/55\/revisions"}],"predecessor-version":[{"id":12179,"href":"https:\/\/www.asssa.es\/fr\/wp-json\/wp\/v2\/pages\/55\/revisions\/12179"}],"wp:attachment":[{"href":"https:\/\/www.asssa.es\/fr\/wp-json\/wp\/v2\/media?parent=55"}],"curies":[{"name":"wp","href":"https:\/\/api.w.org\/{rel}","templated":true}]}}