{"id":5802,"date":"2019-09-18T17:24:34","date_gmt":"2019-09-18T15:24:34","guid":{"rendered":"https:\/\/www.asssa.es\/fr\/?page_id=5802"},"modified":"2019-09-20T14:04:30","modified_gmt":"2019-09-20T12:04:30","slug":"avertissement-legal","status":"publish","type":"page","link":"https:\/\/www.asssa.es\/fr\/avertissement-legal\/","title":{"rendered":"Avertissement l\u00e9gal"},"content":{"rendered":"<p>Nous vous remercions d\u2019avoir choisi de nous visiter. Nous souhaitons que votre exp\u00e9rience sur notre site internet se d\u00e9roule de la meilleure mani\u00e8re.<\/p>\n<p>Afin d\u2019acc\u00e9der \u00e0 nos services, vous certifiez <strong>\u00eatre majeur(e)<\/strong> et disposer de la capacit\u00e9 l\u00e9gale requise pour utiliser nos services en conformit\u00e9 avec les dispositions de votre l\u00e9gislation nationale.<\/p>\n<p>Par l\u2019acc\u00e8s et la navigation sur le site internet ou l\u2019utilisation des services qu\u2019il contient, vous acceptez express\u00e9ment et sans limitation l\u2019int\u00e9gralit\u00e9 des pr\u00e9sentes conditions g\u00e9n\u00e9rales, y compris les conditions particuli\u00e8res \u00e9tablies pour certaines promotions, ainsi que la politique de confidentialit\u00e9 et la politique en mati\u00e8re de cookies, relevant de la l\u00e9gislation en vigueur en mati\u00e8re de protection des donn\u00e9es \u00e0 caract\u00e8re personnel. Nous vous invitons \u00e0 les lire attentivement afin de savoir quel type de donn\u00e9es sont collect\u00e9es sur notre site internet, \u00e0 quelles fins et quels sont les droits associ\u00e9s qui vous concerne.<\/p>\n<p><strong>1- Informations l\u00e9gales.<\/strong><\/p>\n<p>Conform\u00e9ment aux dispositions de la loi espagnole 34\/2002, du 11 juillet, sur les services de la soci\u00e9t\u00e9 de l\u2019information et du commerce \u00e9lectronique, les donn\u00e9es d\u2019identification du titulaire du portail web sont\u00a0:<\/p>\n<p>ASSSA \u2013 AGRUPACI\u00d3N SANITARIA SEGUROS, S.A.<\/p>\n<p>ALFONSO X EL SABIO, N\u00ba 14, ENTRESUELO<\/p>\n<p>03004 ALICANTE<\/p>\n<p>A28005312<\/p>\n<p>Immatricul\u00e9e au registre du commerce et des soci\u00e9t\u00e9s d\u2019Alicante sur la page A-76181, tome 2.643, livre 0, section 8.<\/p>\n<p>N&rsquo;h\u00e9sitez pas \u00e0 nous contacter pour le moindre doute ou toute demande de renseignement par t\u00e9l.\u00a0:\u00a0 965200106, par e-mail\u00a0: <a href=\"mailto:info@asssa.es\">info@asssa.es<\/a><\/p>\n<p>L\u2019acc\u00e8s au site internet suppose l&rsquo;acceptation expresse de la part de l\u2019utilisateur des pr\u00e9sentes conditions g\u00e9n\u00e9rales d&rsquo;utilisation, qui pourront \u00eatre totalement ou partiellement modifi\u00e9es ou remplac\u00e9es par d\u2019autres par son titulaire \u00e0 tout moment et sans pr\u00e9avis. Nous vous invitons \u00e0 consulter les pr\u00e9sentes conditions r\u00e9guli\u00e8rement et \u00e0 v\u00e9rifier ainsi les modifications \u00e9ventuelles publi\u00e9es dans la m\u00eame rubrique.<\/p>\n<p><strong>2- Conditions g\u00e9n\u00e9rales d\u2019utilisation.<\/strong><\/p>\n<p>Les conditions g\u00e9n\u00e9rales ci-apr\u00e8s r\u00e9gissent l\u2019acc\u00e8s et l\u2019utilisation du portail web, dont la finalit\u00e9 est d\u2019instaurer des r\u00e8gles de bonne conduite quant \u00e0 son utilisation. ASSSA \u2013 AGRUPACI\u00d3N SANITARIA SEGUROS, S.A. met \u00e0 disposition des utilisateurs les informations relatives \u00e0 l\u2019utilisation, aux services ainsi qu\u2019aux contenus publi\u00e9s sur le site internet. L&rsquo;utilisateur a ainsi acc\u00e8s \u00e0 des informations sur les produits et services sp\u00e9cifiques, ainsi que sur les outils et applications.<\/p>\n<p>Les donn\u00e9es et informations relatives aux produits ou services, ainsi que les tarifs, caract\u00e9ristiques ou toute autre donn\u00e9e significative fournie par le site internet sont r\u00e9alis\u00e9s, diffus\u00e9s et mis \u00e0 jour par les fournisseurs et des entreprises tierces. ASSSA \u2013 AGRUPACI\u00d3N SANITARIA SEGUROS, S.A. ne peut, en aucun cas, \u00eatre tenue pour responsable de ces donn\u00e9es et informations, ni assume aucune obligation \u00e0 leurs \u00e9gards.<\/p>\n<p>L\u2019utilisateur s\u2019engage \u00e0 utiliser de mani\u00e8re appropri\u00e9e les contenus, les services, les applications et les outils disponibles, conform\u00e9ment \u00e0 la loi et aux pr\u00e9sentes conditions g\u00e9n\u00e9rales d\u2019utilisation et, le cas \u00e9ch\u00e9ant, aux conditions particuli\u00e8res qui peuvent \u00eatre modifi\u00e9es pour l\u2019acc\u00e8s \u00e0 certains services et applications, en respectant \u00e0 tout moment les autres utilisateurs du site internet.<\/p>\n<p>En cas de non-respect total ou partiel par l\u2019utilisateur des pr\u00e9sentes conditions g\u00e9n\u00e9rales d\u2019utilisation ASSSA \u2013 AGRUPACI\u00d3N SANITARIA SEGUROS, S.A. se r\u00e9serve le droit de suspendre l\u2019acc\u00e8s au site internet sans en avertir pr\u00e9alablement l\u2019utilisateur.<\/p>\n<p><strong>3- Obligations g\u00e9n\u00e9rales de l\u2019utilisateur.<\/strong><\/p>\n<p>L\u2019utilisateur, en acceptant les pr\u00e9sentes conditions g\u00e9n\u00e9rales d\u2019utilisation, s\u2019engage express\u00e9ment \u00e0\u00a0:<\/p>\n<p>\u2013 Ne commettre aucun agissement destin\u00e9 \u00e0 causer un pr\u00e9judice, bloquer, endommager, rendre inutilisable, surcharger, de fa\u00e7on temporaire ou d\u00e9finitive, les fonctionnalit\u00e9s, les outils, les contenus et\/ou \u00e9quipements du site internet, de fa\u00e7on \u00e0 emp\u00eacher son utilisation normale.<\/p>\n<p>\u2013 Conserver et pr\u00e9server la confidentialit\u00e9 des codes d\u2019acc\u00e8s associ\u00e9s \u00e0 son nom d\u2019utilisateur, \u00e9tant ainsi responsable de l\u2019utilisation desdits codes d\u2019acc\u00e8s, des mots de passe \u00e0 caract\u00e8re personnel et non cessible.<\/p>\n<p>\u2013 Ne pas publier ni v\u00e9hiculer des contenus injurieux ou diffamatoires, tant \u00e0 l\u2019encontre d\u2019autres utilisateurs comme d\u2019entreprises autres qu\u2019ASSSA \u2013 AGRUPACI\u00d3N SANITARIA SEGUROS, S.A.<\/p>\n<p>\u2013 N\u2019utiliser aucune des ressources et informations contenues dans le site internet \u00e0 des fins illicites et\/ou strictement interdites dans les conditions g\u00e9n\u00e9rales d\u2019utilisation, ainsi que dans les conditions particuli\u00e8res qui, le cas \u00e9ch\u00e9ant, sont \u00e9tablies pour certaines applications et\/ou utilit\u00e9s et qui s\u2019av\u00e8rent contraires aux droits et int\u00e9r\u00eats d\u2019ASSSA \u2013 AGRUPACI\u00d3N SANITARIA SEGUROS, S.A., de ses utilisateurs et\/ou de tiers.<\/p>\n<p>\u2013 Ne pas proposer ni distribuer des produits et services, ni publier des contenus publicitaires ou promotionnels non sollicit\u00e9s aupr\u00e8s d\u2019autres utilisateurs et visiteurs d\u2019ASSSA \u2013 AGRUPACI\u00d3N SANITARIA SEGUROS, S.A.<\/p>\n<p>L\u2019utilisateur a la pleine responsabilit\u00e9 de tout dommage de quelque nature que ce soit caus\u00e9 \u00e0 ASSSA &#8211; AGRUPACI\u00d3N SANITARIA SEGUROS, S.A. ou \u00e0 un tiers d\u00e9coulant du non-respect de l\u2019une des obligations lui incombant en vertu desdites \u00ab conditions g\u00e9n\u00e9rales d\u2019utilisation \u00bb ou de la loi applicable \u00e0 l\u2019acc\u00e8s et\/ou \u00e0 l\u2019utilisation du site internet.<\/p>\n<p><strong>4- Propri\u00e9t\u00e9 intellectuelle et industrielle.<\/strong><\/p>\n<p>Le site internet et chacune des pages qui le composent ainsi que les informations et les \u00e9l\u00e9ments qu\u2019il contient (tels que les textes, les documents, les photographies, les dessins, les repr\u00e9sentations graphiques dont il est propri\u00e9taire ou dont des tiers autorisent le propri\u00e9taire \u00e0 les utiliser, entre autres), sans omettre les logos, les marques ou autres signes distinctifs, sont prot\u00e9g\u00e9s au titre de la propri\u00e9t\u00e9 intellectuelle et\/ou industrielle dont ASSSA \u2013 AGRUPACI\u00d3N SANITARIA SEGUROS, S.A. est titulaire ou d\u00e9tient l\u2019autorisation pour leur utilisation et communication au public des titulaires l\u00e9gitimes de celles-ci.<\/p>\n<p>L\u2019utilisateur s\u2019engage \u00e0 utiliser les contenus de mani\u00e8re consciencieuse, correcte et sans porter atteinte \u00e0 la loi, la moralit\u00e9 et \u00e0 l\u2019ordre public. ASSSA \u2013 AGRUPACI\u00d3N SANITARIA SEGUROS, S.A. autorise l\u2019utilisateur \u00e0 consulter les informations contenues dans ce site internet, ainsi qu\u2019\u00e0 effectuer des reproductions priv\u00e9es (simple activit\u00e9 de t\u00e9l\u00e9chargement et de stockage dans vos syst\u00e8mes informatiques), sous r\u00e9serve que les \u00e9l\u00e9ments soient destin\u00e9s exclusivement \u00e0 un usage personnel. Cela ne peut en aucun cas s\u2019apparenter \u00e0 une autorisation ou licence sur les droits de propri\u00e9t\u00e9 d\u2019ASSSA \u2013 AGRUPACI\u00d3N SANITARIA SEGUROS, S.A. ou des titulaires l\u00e9gitimes des sites internet.<\/p>\n<p>L&rsquo;utilisateur n&rsquo;est pas autoris\u00e9 \u00e0 proc\u00e9der \u00e0 la distribution, la modification, la cession ou la communication au public des informations contenues dans ce site internet sous quelque forme que ce soit et quelle qu&rsquo;en soit l\u2019intention.<\/p>\n<p><strong>5- Liens hypertextes.<\/strong><\/p>\n<p>Les connexions et liens hypertextes qui vous conduisent sur d\u2019autres sites ou pages internet \u00e9dit\u00e9s par des tiers ont \u00e9t\u00e9 inclus uniquement afin de faciliter la navigation de l\u2019utilisateur. ASSSA \u2013 AGRUPACI\u00d3N SANITARIA SEGUROS, S.A. n\u2019est, en aucun cas, responsable de ces sites ou de leur contenu.<\/p>\n<p>ASSSA \u2013 AGRUPACI\u00d3N SANITARIA SEGUROS, S.A. n\u2019endosse aucune responsabilit\u00e9 d\u00e9coulant de l\u2019existence de liens entre les contenus propos\u00e9s sur ce site et ceux propos\u00e9s par des sites internet tiers ou toute autre mention de contenu publi\u00e9 sur un site tiers. Ces liens et mentions sont donn\u00e9s \u00e0 titre strictement indicatif et ne suppose en aucun cas le soutien, l\u2019approbation, la commercialisation ou une relation entre ASSSA \u2013 AGRUPACI\u00d3N SANITARIA SEGUROS, S.A. et les personnes ou les auteurs et\/ou gestionnaires des contenus ou titulaires des sites o\u00f9 ils sont publi\u00e9s.<\/p>\n<p>La cr\u00e9ation de liens vers notre site internet requiert l\u2019autorisation \u00e9crite expresse des titulaires du portail.<\/p>\n<p><strong>6- Responsabilit\u00e9.<\/strong><\/p>\n<p>ASSSA \u2013 AGRUPACI\u00d3N SANITARIA SEGUROS, S.A. exclut toute garantie concernant l\u2019accessibilit\u00e9 en continu, la visualisation, le t\u00e9l\u00e9chargement ou l&rsquo;utilisation corrects des \u00e9l\u00e9ments et informations contenus dans les pages du portail pouvant faire l\u2019objet de dysfonctionnements, de difficult\u00e9s ou d\u2019interruptions suite \u00e0 des facteurs ou des circonstances \u00e9chappant \u00e0 sa volont\u00e9 ou son contr\u00f4le, ni ceux caus\u00e9s par la pr\u00e9sence de virus informatiques sur Internet.<\/p>\n<p>ASSSA \u2013 AGRUPACI\u00d3N SANITARIA SEGUROS, S.A. \u00a0d\u00e9cline toute responsabilit\u00e9 pour les dommages, pr\u00e9judices, pertes, r\u00e9clamations ou d\u00e9penses r\u00e9sultant\u00a0:<\/p>\n<p>(I) des interf\u00e9rences, interruptions, erreurs, omissions, retards, blocages ou d\u00e9connexions, suite \u00e0 des d\u00e9faillances sur les lignes ou r\u00e9seaux de t\u00e9l\u00e9communications ou \u00e0 toute autre cause ind\u00e9pendante d\u2019ASSSA \u2013 AGRUPACI\u00d3N SANITARIA SEGUROS, S.A.<\/p>\n<p>(II) d\u2019intrusions frauduleuses via l\u2019utilisation de programmes malveillants de toute sorte et par tout moyen de communication, tels les virus ou autres ;<\/p>\n<p>(III) d\u2019un mauvais usage ou d\u2019un usage inappropri\u00e9 du site internet d\u2019ASSSA \u2013 AGRUPACI\u00d3N SANITARIA SEGUROS, S.A.<\/p>\n<p>(IV) d\u2019erreurs de s\u00e9curit\u00e9 ou de navigation provoqu\u00e9s par un dysfonctionnement du navigateur ou par l\u2019utilisation de versions non mises \u00e0 jour.<\/p>\n<p>ASSSA \u2013 AGRUPACI\u00d3N SANITARIA SEGUROS, S.A. ne peut aucunement \u00eatre tenue pour responsable \u00e0 l\u2019\u00e9gard des utilisateurs et de tiers de n\u2019importe quel agissement externe \u00e0 ASSSA \u2013 AGRUPACI\u00d3N SANITARIA SEGUROS, S.A. qui entra\u00eenerait ou serait susceptible de constituer des actes de concurrence d\u00e9loyale et de publicit\u00e9 illicite ou d\u2019infractions \u00e0 l\u2019encontre des droits de la propri\u00e9t\u00e9 intellectuelle et industrielle, des secrets d\u2019entreprises, d\u2019obligations contractuelles de toute nature, du droit \u00e0 l\u2019honneur, \u00e0 l\u2019intimit\u00e9 ou au respect de la vie priv\u00e9e et \u00e0 l\u2019image, de droits de propri\u00e9t\u00e9 et tout autre droit appartenant \u00e0 un tiers par la transmission, diffusion, stockage, mise \u00e0 disposition, r\u00e9ception, obtention ou acc\u00e8s aux contenus.<\/p>\n<p><strong>7- Protection des donn\u00e9es \u00e0 caract\u00e8re personnel.<\/strong><\/p>\n<p>L\u2019int\u00e9gralit\u00e9 de la politique de traitement des donn\u00e9es \u00e0 caract\u00e8re personnel est disponible dans la rubrique politique de confidentialit\u00e9 faisant partie des pr\u00e9sentes conditions g\u00e9n\u00e9rales mais qui, pour plus de simplicit\u00e9, a \u00e9t\u00e9 publi\u00e9e dans un document \u00e0 part d\u00e9nomm\u00e9\u00a0: <a href=\"https:\/\/www.asssa.es\/fr\/politica-de-privacidad\/\" target=\"_blank\" rel=\"noopener noreferrer\">Politique de confidentialit\u00e9<\/a>.<\/p>\n<p><strong>8- L\u00e9gislation.<\/strong><\/p>\n<p>Les pr\u00e9sentes mentions l\u00e9gales, ainsi que leurs termes et conditions, sont r\u00e9gis par et doivent \u00eatre interpr\u00e9t\u00e9s conform\u00e9ment \u00e0 la loi espagnole. Par le simple fait d\u2019acc\u00e9der au site internet ou d\u2019obtenir le statut d\u2019utilisateur enregistr\u00e9, l\u2019utilisateur consent, de mani\u00e8re irr\u00e9vocable, \u00e0 ce que les tribunaux comp\u00e9tents par d\u00e9faut puissent conna\u00eetre de toute action en justice d\u00e9coulant de ou li\u00e9e aux pr\u00e9sentes conditions, ou \u00e0 son utilisation du pr\u00e9sent site ou \u00e0 la navigation sur ce site.<\/p>\n<p>Si une clause ou un paragraphe des pr\u00e9sentes conditions g\u00e9n\u00e9rales, n\u2019ayant pas un caract\u00e8re substantiel, est d\u00e9clar\u00e9(e) nul(le) et non avenu(e) ou inapplicable, la validit\u00e9 des autres clauses n&rsquo;en sera pas affect\u00e9e.<\/p>\n<p><strong>\u00a0<\/strong><\/p>\n<p><strong>\u00a0<\/strong><\/p>\n","protected":false},"excerpt":{"rendered":"<p>Nous vous remercions d\u2019avoir choisi de nous visiter. Nous souhaitons que votre exp\u00e9rience sur notre site internet se d\u00e9roule de la meilleure mani\u00e8re. Afin d\u2019acc\u00e9der \u00e0 nos services, vous certifiez \u00eatre majeur(e) et disposer de la capacit\u00e9 l\u00e9gale requise pour utiliser nos services en conformit\u00e9 avec les dispositions de votre l\u00e9gislation nationale. Par l\u2019acc\u00e8s et [&hellip;]<\/p>\n","protected":false},"author":20,"featured_media":0,"parent":0,"menu_order":0,"comment_status":"closed","ping_status":"closed","template":"tpl-estatica.php","meta":{"_acf_changed":false,"footnotes":""},"class_list":["post-5802","page","type-page","status-publish","hentry"],"acf":[],"yoast_head":"<!-- This site is optimized with the Yoast SEO plugin v27.3 - https:\/\/yoast.com\/product\/yoast-seo-wordpress\/ -->\n<title>Avertissement l\u00e9gal - ASSSA Franc\u00e9s<\/title>\n<meta name=\"robots\" content=\"index, follow, max-snippet:-1, max-image-preview:large, max-video-preview:-1\" \/>\n<link rel=\"canonical\" href=\"https:\/\/www.asssa.es\/fr\/avertissement-legal\/\" \/>\n<meta property=\"og:locale\" content=\"fr_FR\" \/>\n<meta property=\"og:type\" content=\"article\" \/>\n<meta property=\"og:title\" content=\"Avertissement l\u00e9gal - ASSSA Franc\u00e9s\" \/>\n<meta property=\"og:description\" content=\"Nous vous remercions d\u2019avoir choisi de nous visiter. Nous souhaitons que votre exp\u00e9rience sur notre site internet se d\u00e9roule de la meilleure mani\u00e8re. Afin d\u2019acc\u00e9der \u00e0 nos services, vous certifiez \u00eatre majeur(e) et disposer de la capacit\u00e9 l\u00e9gale requise pour utiliser nos services en conformit\u00e9 avec les dispositions de votre l\u00e9gislation nationale. Par l\u2019acc\u00e8s et [&hellip;]\" \/>\n<meta property=\"og:url\" content=\"https:\/\/www.asssa.es\/fr\/avertissement-legal\/\" \/>\n<meta property=\"og:site_name\" content=\"ASSSA Franc\u00e9s\" \/>\n<meta property=\"article:modified_time\" content=\"2019-09-20T12:04:30+00:00\" \/>\n<meta name=\"twitter:card\" content=\"summary_large_image\" \/>\n<meta name=\"twitter:label1\" content=\"Dur\u00e9e de lecture estim\u00e9e\" \/>\n\t<meta name=\"twitter:data1\" content=\"9 minutes\" \/>\n<script type=\"application\/ld+json\" class=\"yoast-schema-graph\">{\"@context\":\"https:\\\/\\\/schema.org\",\"@graph\":[{\"@type\":\"WebPage\",\"@id\":\"https:\\\/\\\/www.asssa.es\\\/fr\\\/avertissement-legal\\\/\",\"url\":\"https:\\\/\\\/www.asssa.es\\\/fr\\\/avertissement-legal\\\/\",\"name\":\"Avertissement l\u00e9gal - ASSSA Franc\u00e9s\",\"isPartOf\":{\"@id\":\"https:\\\/\\\/www.asssa.es\\\/fr\\\/#website\"},\"datePublished\":\"2019-09-18T15:24:34+00:00\",\"dateModified\":\"2019-09-20T12:04:30+00:00\",\"breadcrumb\":{\"@id\":\"https:\\\/\\\/www.asssa.es\\\/fr\\\/avertissement-legal\\\/#breadcrumb\"},\"inLanguage\":\"fr-FR\",\"potentialAction\":[{\"@type\":\"ReadAction\",\"target\":[\"https:\\\/\\\/www.asssa.es\\\/fr\\\/avertissement-legal\\\/\"]}]},{\"@type\":\"BreadcrumbList\",\"@id\":\"https:\\\/\\\/www.asssa.es\\\/fr\\\/avertissement-legal\\\/#breadcrumb\",\"itemListElement\":[{\"@type\":\"ListItem\",\"position\":1,\"name\":\"Portada\",\"item\":\"https:\\\/\\\/www.asssa.es\\\/fr\\\/\"},{\"@type\":\"ListItem\",\"position\":2,\"name\":\"Avertissement l\u00e9gal\"}]},{\"@type\":\"WebSite\",\"@id\":\"https:\\\/\\\/www.asssa.es\\\/fr\\\/#website\",\"url\":\"https:\\\/\\\/www.asssa.es\\\/fr\\\/\",\"name\":\"ASSSA Franc\u00e9s\",\"description\":\"\",\"potentialAction\":[{\"@type\":\"SearchAction\",\"target\":{\"@type\":\"EntryPoint\",\"urlTemplate\":\"https:\\\/\\\/www.asssa.es\\\/fr\\\/?s={search_term_string}\"},\"query-input\":{\"@type\":\"PropertyValueSpecification\",\"valueRequired\":true,\"valueName\":\"search_term_string\"}}],\"inLanguage\":\"fr-FR\"}]}<\/script>\n<!-- \/ Yoast SEO plugin. -->","yoast_head_json":{"title":"Avertissement l\u00e9gal - ASSSA Franc\u00e9s","robots":{"index":"index","follow":"follow","max-snippet":"max-snippet:-1","max-image-preview":"max-image-preview:large","max-video-preview":"max-video-preview:-1"},"canonical":"https:\/\/www.asssa.es\/fr\/avertissement-legal\/","og_locale":"fr_FR","og_type":"article","og_title":"Avertissement l\u00e9gal - ASSSA Franc\u00e9s","og_description":"Nous vous remercions d\u2019avoir choisi de nous visiter. Nous souhaitons que votre exp\u00e9rience sur notre site internet se d\u00e9roule de la meilleure mani\u00e8re. Afin d\u2019acc\u00e9der \u00e0 nos services, vous certifiez \u00eatre majeur(e) et disposer de la capacit\u00e9 l\u00e9gale requise pour utiliser nos services en conformit\u00e9 avec les dispositions de votre l\u00e9gislation nationale. Par l\u2019acc\u00e8s et [&hellip;]","og_url":"https:\/\/www.asssa.es\/fr\/avertissement-legal\/","og_site_name":"ASSSA Franc\u00e9s","article_modified_time":"2019-09-20T12:04:30+00:00","twitter_card":"summary_large_image","twitter_misc":{"Dur\u00e9e de lecture estim\u00e9e":"9 minutes"},"schema":{"@context":"https:\/\/schema.org","@graph":[{"@type":"WebPage","@id":"https:\/\/www.asssa.es\/fr\/avertissement-legal\/","url":"https:\/\/www.asssa.es\/fr\/avertissement-legal\/","name":"Avertissement l\u00e9gal - ASSSA Franc\u00e9s","isPartOf":{"@id":"https:\/\/www.asssa.es\/fr\/#website"},"datePublished":"2019-09-18T15:24:34+00:00","dateModified":"2019-09-20T12:04:30+00:00","breadcrumb":{"@id":"https:\/\/www.asssa.es\/fr\/avertissement-legal\/#breadcrumb"},"inLanguage":"fr-FR","potentialAction":[{"@type":"ReadAction","target":["https:\/\/www.asssa.es\/fr\/avertissement-legal\/"]}]},{"@type":"BreadcrumbList","@id":"https:\/\/www.asssa.es\/fr\/avertissement-legal\/#breadcrumb","itemListElement":[{"@type":"ListItem","position":1,"name":"Portada","item":"https:\/\/www.asssa.es\/fr\/"},{"@type":"ListItem","position":2,"name":"Avertissement l\u00e9gal"}]},{"@type":"WebSite","@id":"https:\/\/www.asssa.es\/fr\/#website","url":"https:\/\/www.asssa.es\/fr\/","name":"ASSSA Franc\u00e9s","description":"","potentialAction":[{"@type":"SearchAction","target":{"@type":"EntryPoint","urlTemplate":"https:\/\/www.asssa.es\/fr\/?s={search_term_string}"},"query-input":{"@type":"PropertyValueSpecification","valueRequired":true,"valueName":"search_term_string"}}],"inLanguage":"fr-FR"}]}},"_links":{"self":[{"href":"https:\/\/www.asssa.es\/fr\/wp-json\/wp\/v2\/pages\/5802","targetHints":{"allow":["GET"]}}],"collection":[{"href":"https:\/\/www.asssa.es\/fr\/wp-json\/wp\/v2\/pages"}],"about":[{"href":"https:\/\/www.asssa.es\/fr\/wp-json\/wp\/v2\/types\/page"}],"author":[{"embeddable":true,"href":"https:\/\/www.asssa.es\/fr\/wp-json\/wp\/v2\/users\/20"}],"replies":[{"embeddable":true,"href":"https:\/\/www.asssa.es\/fr\/wp-json\/wp\/v2\/comments?post=5802"}],"version-history":[{"count":6,"href":"https:\/\/www.asssa.es\/fr\/wp-json\/wp\/v2\/pages\/5802\/revisions"}],"predecessor-version":[{"id":5817,"href":"https:\/\/www.asssa.es\/fr\/wp-json\/wp\/v2\/pages\/5802\/revisions\/5817"}],"wp:attachment":[{"href":"https:\/\/www.asssa.es\/fr\/wp-json\/wp\/v2\/media?parent=5802"}],"curies":[{"name":"wp","href":"https:\/\/api.w.org\/{rel}","templated":true}]}}