{"id":9339,"date":"2023-11-14T16:15:21","date_gmt":"2023-11-14T15:15:21","guid":{"rendered":"https:\/\/www.asssa.es\/fr\/?page_id=9339"},"modified":"2024-11-29T10:20:26","modified_gmt":"2024-11-29T09:20:26","slug":"canal-ethique","status":"publish","type":"page","link":"https:\/\/www.asssa.es\/fr\/canal-ethique\/","title":{"rendered":"Canal \u00e9thique"},"content":{"rendered":"<p>Bienvenue sur le Canal \u00c9thique de AGRUPACI\u00d3N SANITARIA SEGUROS, S.A. Vous pouvez ici signaler toute violation dans le cadre professionnel ou tout non-respect des r\u00e8gles internes. Veuillez remplir le formulaire pour soumettre votre signalement. Si vous souhaitez rester anonyme, cochez simplement la case correspondante. Cependant, nous vous encourageons \u00e0 vous identifier afin de faciliter la communication et d\u2019assurer une protection plus efficace.<\/p>\n","protected":false},"excerpt":{"rendered":"<p>Bienvenue sur le Canal \u00c9thique de AGRUPACI\u00d3N SANITARIA SEGUROS, S.A. Vous pouvez ici signaler toute violation dans le cadre professionnel ou tout non-respect des r\u00e8gles internes. Veuillez remplir le formulaire pour soumettre votre signalement. Si vous souhaitez rester anonyme, cochez simplement la case correspondante. Cependant, nous vous encourageons \u00e0 vous identifier afin de faciliter la [&hellip;]<\/p>\n","protected":false},"author":16,"featured_media":0,"parent":0,"menu_order":0,"comment_status":"closed","ping_status":"closed","template":"tpl-etico.php","meta":{"_acf_changed":false,"footnotes":""},"class_list":["post-9339","page","type-page","status-publish","hentry"],"acf":[],"yoast_head":"<!-- This site is optimized with the Yoast SEO plugin v27.3 - https:\/\/yoast.com\/product\/yoast-seo-wordpress\/ -->\n<title>Canal \u00e9thique - ASSSA Franc\u00e9s<\/title>\n<meta name=\"description\" content=\"Welcome to the Ethical Channel of AGRUPACI\u00d3N SANITARIA SEGUROS, S.A. through which you can make communications of infractions within the labor context, as well as breaches of internal regulations.\" \/>\n<meta name=\"robots\" content=\"index, follow, max-snippet:-1, max-image-preview:large, max-video-preview:-1\" \/>\n<link rel=\"canonical\" href=\"https:\/\/www.asssa.es\/fr\/canal-ethique\/\" \/>\n<meta property=\"og:locale\" content=\"fr_FR\" \/>\n<meta property=\"og:type\" content=\"article\" \/>\n<meta property=\"og:title\" content=\"Canal \u00e9thique - ASSSA Franc\u00e9s\" \/>\n<meta property=\"og:description\" content=\"Welcome to the Ethical Channel of AGRUPACI\u00d3N SANITARIA SEGUROS, S.A. through which you can make communications of infractions within the labor context, as well as breaches of internal regulations.\" \/>\n<meta property=\"og:url\" content=\"https:\/\/www.asssa.es\/fr\/canal-ethique\/\" \/>\n<meta property=\"og:site_name\" content=\"ASSSA Franc\u00e9s\" \/>\n<meta property=\"article:modified_time\" content=\"2024-11-29T09:20:26+00:00\" \/>\n<meta name=\"twitter:card\" content=\"summary_large_image\" \/>\n<script type=\"application\/ld+json\" class=\"yoast-schema-graph\">{\"@context\":\"https:\\\/\\\/schema.org\",\"@graph\":[{\"@type\":\"WebPage\",\"@id\":\"https:\\\/\\\/www.asssa.es\\\/fr\\\/canal-ethique\\\/\",\"url\":\"https:\\\/\\\/www.asssa.es\\\/fr\\\/canal-ethique\\\/\",\"name\":\"Canal \u00e9thique - ASSSA Franc\u00e9s\",\"isPartOf\":{\"@id\":\"https:\\\/\\\/www.asssa.es\\\/fr\\\/#website\"},\"datePublished\":\"2023-11-14T15:15:21+00:00\",\"dateModified\":\"2024-11-29T09:20:26+00:00\",\"description\":\"Welcome to the Ethical Channel of AGRUPACI\u00d3N SANITARIA SEGUROS, S.A. through which you can make communications of infractions within the labor context, as well as breaches of internal regulations.\",\"breadcrumb\":{\"@id\":\"https:\\\/\\\/www.asssa.es\\\/fr\\\/canal-ethique\\\/#breadcrumb\"},\"inLanguage\":\"fr-FR\",\"potentialAction\":[{\"@type\":\"ReadAction\",\"target\":[\"https:\\\/\\\/www.asssa.es\\\/fr\\\/canal-ethique\\\/\"]}]},{\"@type\":\"BreadcrumbList\",\"@id\":\"https:\\\/\\\/www.asssa.es\\\/fr\\\/canal-ethique\\\/#breadcrumb\",\"itemListElement\":[{\"@type\":\"ListItem\",\"position\":1,\"name\":\"Portada\",\"item\":\"https:\\\/\\\/www.asssa.es\\\/fr\\\/\"},{\"@type\":\"ListItem\",\"position\":2,\"name\":\"Canal \u00e9thique\"}]},{\"@type\":\"WebSite\",\"@id\":\"https:\\\/\\\/www.asssa.es\\\/fr\\\/#website\",\"url\":\"https:\\\/\\\/www.asssa.es\\\/fr\\\/\",\"name\":\"ASSSA Franc\u00e9s\",\"description\":\"\",\"potentialAction\":[{\"@type\":\"SearchAction\",\"target\":{\"@type\":\"EntryPoint\",\"urlTemplate\":\"https:\\\/\\\/www.asssa.es\\\/fr\\\/?s={search_term_string}\"},\"query-input\":{\"@type\":\"PropertyValueSpecification\",\"valueRequired\":true,\"valueName\":\"search_term_string\"}}],\"inLanguage\":\"fr-FR\"}]}<\/script>\n<!-- \/ Yoast SEO plugin. -->","yoast_head_json":{"title":"Canal \u00e9thique - ASSSA Franc\u00e9s","description":"Welcome to the Ethical Channel of AGRUPACI\u00d3N SANITARIA SEGUROS, S.A. through which you can make communications of infractions within the labor context, as well as breaches of internal regulations.","robots":{"index":"index","follow":"follow","max-snippet":"max-snippet:-1","max-image-preview":"max-image-preview:large","max-video-preview":"max-video-preview:-1"},"canonical":"https:\/\/www.asssa.es\/fr\/canal-ethique\/","og_locale":"fr_FR","og_type":"article","og_title":"Canal \u00e9thique - ASSSA Franc\u00e9s","og_description":"Welcome to the Ethical Channel of AGRUPACI\u00d3N SANITARIA SEGUROS, S.A. through which you can make communications of infractions within the labor context, as well as breaches of internal regulations.","og_url":"https:\/\/www.asssa.es\/fr\/canal-ethique\/","og_site_name":"ASSSA Franc\u00e9s","article_modified_time":"2024-11-29T09:20:26+00:00","twitter_card":"summary_large_image","schema":{"@context":"https:\/\/schema.org","@graph":[{"@type":"WebPage","@id":"https:\/\/www.asssa.es\/fr\/canal-ethique\/","url":"https:\/\/www.asssa.es\/fr\/canal-ethique\/","name":"Canal \u00e9thique - ASSSA Franc\u00e9s","isPartOf":{"@id":"https:\/\/www.asssa.es\/fr\/#website"},"datePublished":"2023-11-14T15:15:21+00:00","dateModified":"2024-11-29T09:20:26+00:00","description":"Welcome to the Ethical Channel of AGRUPACI\u00d3N SANITARIA SEGUROS, S.A. through which you can make communications of infractions within the labor context, as well as breaches of internal regulations.","breadcrumb":{"@id":"https:\/\/www.asssa.es\/fr\/canal-ethique\/#breadcrumb"},"inLanguage":"fr-FR","potentialAction":[{"@type":"ReadAction","target":["https:\/\/www.asssa.es\/fr\/canal-ethique\/"]}]},{"@type":"BreadcrumbList","@id":"https:\/\/www.asssa.es\/fr\/canal-ethique\/#breadcrumb","itemListElement":[{"@type":"ListItem","position":1,"name":"Portada","item":"https:\/\/www.asssa.es\/fr\/"},{"@type":"ListItem","position":2,"name":"Canal \u00e9thique"}]},{"@type":"WebSite","@id":"https:\/\/www.asssa.es\/fr\/#website","url":"https:\/\/www.asssa.es\/fr\/","name":"ASSSA Franc\u00e9s","description":"","potentialAction":[{"@type":"SearchAction","target":{"@type":"EntryPoint","urlTemplate":"https:\/\/www.asssa.es\/fr\/?s={search_term_string}"},"query-input":{"@type":"PropertyValueSpecification","valueRequired":true,"valueName":"search_term_string"}}],"inLanguage":"fr-FR"}]}},"_links":{"self":[{"href":"https:\/\/www.asssa.es\/fr\/wp-json\/wp\/v2\/pages\/9339","targetHints":{"allow":["GET"]}}],"collection":[{"href":"https:\/\/www.asssa.es\/fr\/wp-json\/wp\/v2\/pages"}],"about":[{"href":"https:\/\/www.asssa.es\/fr\/wp-json\/wp\/v2\/types\/page"}],"author":[{"embeddable":true,"href":"https:\/\/www.asssa.es\/fr\/wp-json\/wp\/v2\/users\/16"}],"replies":[{"embeddable":true,"href":"https:\/\/www.asssa.es\/fr\/wp-json\/wp\/v2\/comments?post=9339"}],"version-history":[{"count":2,"href":"https:\/\/www.asssa.es\/fr\/wp-json\/wp\/v2\/pages\/9339\/revisions"}],"predecessor-version":[{"id":10708,"href":"https:\/\/www.asssa.es\/fr\/wp-json\/wp\/v2\/pages\/9339\/revisions\/10708"}],"wp:attachment":[{"href":"https:\/\/www.asssa.es\/fr\/wp-json\/wp\/v2\/media?parent=9339"}],"curies":[{"name":"wp","href":"https:\/\/api.w.org\/{rel}","templated":true}]}}